{"id":13645,"date":"2021-12-16T12:22:52","date_gmt":"2021-12-16T12:22:52","guid":{"rendered":"https:\/\/mwf-metaldetectors.com\/product\/mf-1100-pro-super\/"},"modified":"2026-03-27T09:44:07","modified_gmt":"2026-03-27T09:44:07","slug":"mf-1100-pro-super-tr","status":"publish","type":"product","link":"https:\/\/mwf-metaldetectors.com\/tr\/urun\/mf-1100-pro-super-tr\/","title":{"rendered":"MF 1100 PRO SUPER"},"content":{"rendered":"<div class=\"container\">\n<h4>Geli\u015fmi\u015f dedekt\u00f6rler d\u00fcnyas\u0131nda yeni bir bask\u0131 Ak\u0131ll\u0131 alg\u0131lama ve kontrol sistemleri (Ak\u0131ll\u0131 Teknoloji) MWF DEDEKT\u00d6RLER\u0130 taraf\u0131ndan sizin i\u00e7in icat edilen yeni icatlar.<br \/>\n\u015eimdi alt\u0131n ve defineler g\u00fcvenle, daha az zaman ve emekle elinizde.<\/h4>\n<blockquote><p><b>Not: Bu cihaz, her pakette bulunan sistemlere g\u00f6re \u00fc\u00e7 farkl\u0131 pakette<br \/>\nsat\u0131lmaktad\u0131r:<\/b><\/p>\n<p>1- Standart Paket\u200b: Temel arama sistemi ile birlikte, Geli\u015fmi\u015f \u201cAlan<br \/>\nTarama Sistem.<br \/>\n2- Profesyonel Paket: 2 arama sistemi Alan Tarama Sistem ve Hibrit+ sistem ile<br \/>\nsa\u011flanm\u0131\u015ft\u0131r.<br \/>\n3- S\u00fcper Paket: 3 arama sistemi, Alan Tarama Sistem ve Hibrit+ sistem Jeofizik<br \/>\nara\u015ft\u0131rma sistemi ile sa\u011flanm\u0131\u015ft\u0131r.<\/p><\/blockquote>\n<div class=\"row flex-column-reverse flex-lg-row\">\n<div class=\"col-md-6 col-ms-12 \">\n<ul>\n<li>MF-1100 PRO, ba\u015far\u0131l\u0131 ke\u015fif operasyonlar\u0131na ba\u015flamak i\u00e7in onu ilk g\u00fcven ayg\u0131t\u0131 yapan b\u00fcy\u00fck yeteneklere, harika \u00f6zelliklere ve i\u015flevlere sahiptir.<\/li>\n<li>Alt\u0131n, Define, Metal, Bo\u015fluklar ve Ka\u011f\u0131t Para aranmas\u0131 ve tespitinde uzmanla\u015fm\u0131\u015f cihaz.<\/li>\n<li>Hedefleri belirlemek ve tespit etmek ve hedefin varl\u0131\u011f\u0131n\u0131% 100 hatas\u0131z olarak onaylamak i\u00e7in e\u015fsiz do\u011fruluk.<\/li>\n<li>Kullan\u0131c\u0131ya hedef ve nokta merkezi hakk\u0131nda entegre ve kapsaml\u0131 veriler sa\u011flamak i\u00e7in y\u00fcksek h\u0131z.<\/li>\n<li>Dahili sinyal filtreleme sistemleri, radyo dalgalar\u0131 gibi y\u00fcksek frekanslardan kaynaklanan herhangi bir kar\u0131\u015f\u0131kl\u0131\u011f\u0131 \u00f6nlemek i\u00e7in havada veya ba\u015fka bir yerde bulunur.<\/li>\n<li>Otomatik Ayarlama Sistemi (ATS) \u00d6zel bulu\u015f ve MWF GROUP\u2019un yeni, tescilli lehine, bu sistem do\u011fru sonu\u00e7lar verir ve t\u00fcm topraklarda ve arazilerde kesindir, \u00e7\u00fcnk\u00fc sistem topra\u011f\u0131 otomatik olarak tan\u0131r, arama i\u015flemi t\u00fcr\u00fcne orant\u0131l\u0131 otomatik ayarlama sa\u011flar Topra\u011f\u0131n \u00f6zellikleri ve topra\u011f\u0131n \u00f6zellikleri, \u00c7ok say\u0131da di\u011fer dedekt\u00f6rleri etkileyebilecek kayal\u0131k ve da\u011fl\u0131k b\u00f6lge etkisinin neden oldu\u011fu \u00f6rt\u00fc\u015fen radyasyonlar\u0131n ortadan kald\u0131r\u0131lmas\u0131yla, ancak bu ak\u0131ll\u0131 sistem, frekans sinyali, sinyalin voltaj\u0131 ve dalga boyu ile sonu\u00e7 veren hatas\u0131z sonu\u00e7lar.<\/li>\n<li>TFT renkli ekran 3.2 in\u00e7 HD, kullan\u0131c\u0131ya gece g\u00fcnd\u00fcz net g\u00f6r\u00fc\u015f sa\u011flar.<\/li>\n<li>Cihaz kilitleme sistemi, kullan\u0131c\u0131 cihaz i\u00e7in \u015fifre ayarlanabilir, bu y\u00fczden kimse cihaz\u0131 sadece sahibi \u00e7al\u0131\u015ft\u0131ramaz ve pin kodu aray\u00fcz\u00fc ile yap\u0131lacakt\u0131r.<\/li>\n<li>G\u00fcnd\u00fcz veya gece i\u00e7in yeterli ayd\u0131nlatma sa\u011flayan ve enerji tasarrufu sa\u011flamak i\u00e7in ayd\u0131nlatma seviyesini d\u00fc\u015f\u00fcren ekran parlakl\u0131k seviyesini kontrol edin.<\/li>\n<li>Be\u015f ses seviyesi, ses \u00e7\u0131k\u0131\u015f\u0131n\u0131n yeterli kontrol\u00fcn\u00fc sa\u011flar ve arama sonu\u00e7lar\u0131n\u0131n seslerinin yan\u0131 s\u0131ra vibrat\u00f6r modu veya sessiz mod ve g\u00f6rsel sonu\u00e7lar\u0131n yeterlili\u011fini g\u00f6sterir.<\/li>\n<\/ul>\n<\/div>\n<div class=\"col-md-6 col-ms-12\">\n<div class=\"tab-image\"><img decoding=\"async\" src=\"https:\/\/mwf-metaldetectors.com\/wp-content\/uploads\/2021\/12\/big-main-image-su.jpg.webp\" alt=\"mf-1100-pro-professional\" \/><\/div>\n<\/div>\n<\/div>\n<div class=\"row pt-5\">\n<ul>\n<li>Zaman ayarlar\u0131 aray\u00fcz\u00fc ile dijital saat ile cihaz deste\u011fi.<\/li>\n<li>\u00c7oklu dil + T\u00fcrk\u00e7e.<\/li>\n<li>K\u00fcresel olarak ilk kez alg\u0131lama ve ke\u015fif ciha\u00a0 \u00a0zlar\u0131nda sadece MWF Group&#8217;ta, Ak\u0131ll\u0131 i\u015fletim ve alg\u0131lama sistemleri, Ak\u0131ll\u0131 aray\u00fczler, G\u00fc\u00e7 koruma sistemi, Ak\u0131ll\u0131 \u015farj sistemi, \u00c7ok dilli ve hat\u0131rlama cihaz dili, Ayarlar\u0131 kaydet, Ak\u0131ll\u0131 kontrol, Bluetooth teknolojisi ve fabrika ayarlar\u0131na s\u0131f\u0131rlama, t\u00fcm bunlar ve daha fazlas\u0131 i\u015fletim sistemi (Bear Claw) arac\u0131l\u0131\u011f\u0131yla.<\/li>\n<li>Kullan\u0131c\u0131ya pil d\u00fczeyini do\u011fru bir \u015fekilde izleme ve pil seviyesi ile ilgili uyar\u0131lar veren ve pilin y\u00fcr\u00fcrl\u00fc\u011fe girmesinden \u00f6nce uyar\u0131 veren pil ve \u015farj ak\u0131ll\u0131 \u00f6zelli\u011fi, kullan\u0131c\u0131ya cihaz A\u00c7IK veya KAPALI oldu\u011funda pil \u015farj\u0131n\u0131 da takip eden ak\u0131ll\u0131 \u015farj sistemleri ile ve ger\u00e7ek zamanl\u0131 olarak eklenen \u015farj seviyesini bulmak i\u00e7in.<\/li>\n<li>Kablosuz kulakl\u0131klar \u00fczerinde \u00e7al\u0131\u015f\u0131yor (Kablosuz) cihaz ayarlar\u0131 \u00fczerinden kontrol edilebilir.<\/li>\n<li>Bluetooth teknolojisi ile cihazla iletim gerektiren birimlerle ileti\u015fim kurmak i\u00e7in Bluetooth teknolojisi.<\/li>\n<li>Y\u00fcksek kaliteli ve do\u011fru performans, bu \u00fcr\u00fcn\u00fc en iyi elastomerler, elektronik bile\u015fenler ve uluslararas\u0131 standartlara sahip devrelerle \u00fcretmektedir.<\/li>\n<li>Ergonomik tasar\u0131m ve aerodinamik \u015fekil, h\u0131zl\u0131 ve karma\u015f\u0131k olmayan sonu\u00e7larda b\u00fcy\u00fck rol oynayan hafif ve kullan\u0131m kolayl\u0131\u011f\u0131yla arama ve gezinme g\u00fcc\u00fc sa\u011flar.<\/li>\n<li>\u00c7al\u0131\u015fmas\u0131 ve kullan\u0131m\u0131 kolay herkes kullanabilir.<\/li>\n<li>Bu cihaz\u0131 basit\u00e7e kontrol paneli ile desteklenir, d\u00fc\u011fmeler aray\u00fcz\u00fc ile \u00e7al\u0131\u015f\u0131r, kullan\u0131c\u0131n\u0131n cihaz\u0131 kolayca kontrol edip ayarlamas\u0131n\u0131 sa\u011flar, kontrol paneli a\u015fa\u011f\u0131dakilerden olu\u015fur:\n<ul>\n<li>A\u00c7MA \/ KAPAMA d\u00fc\u011fmesi<\/li>\n<li>Ekran Parlakl\u0131\u011f\u0131 kontrol d\u00fc\u011fmesi, (harici h\u0131zl\u0131 k\u0131salt\u0131lm\u0131\u015f)<\/li>\n<li>Ses ayar d\u00fc\u011fmesi (harici h\u0131zl\u0131 k\u0131salt\u0131lm\u0131\u015f)<\/li>\n<li>Geri butonu<\/li>\n<li>Joystick, yukar\u0131, a\u015fa\u011f\u0131, sola ve sa\u011fa hareket etmek i\u00e7in 4 d\u00fc\u011fmeden olu\u015fan cihaz ayarlar\u0131nda ve i\u015flevlerinde h\u0131zl\u0131 bir hareket sa\u011flar.<\/li>\n<li>OK d\u00fc\u011fmesi<\/li>\n<li>\u0130zleme ve hedef odaklama d\u00fc\u011fmesi<\/li>\n<\/ul>\n<\/li>\n<\/ul>\n<\/div>\n<\/div>\n","protected":false},"excerpt":{"rendered":"<div class=\"row bg-transparent text-center mt-0 \">\n<div class=\"col\">\n<p class=\" mb-3\"><img loading=\"lazy\" decoding=\"async\" class=\"mt-3\" role=\"img\" src=\"https:\/\/mwf-metaldetectors.com\/wp-content\/uploads\/2021\/12\/battary-01-1.svg\" width=\"40\" height=\"40\" \/><\/p>\n<h6 class=\"text-white mb-0\">pil<\/h6>\n<p class=\"text-white-50 mb-0\">6\u00a0 \u00c7al\u0131\u015fma saatleri<\/p>\n<\/div>\n<div class=\"col\">\n<p class=\" mb-3\"><img loading=\"lazy\" decoding=\"async\" class=\"mt-3\" role=\"img\" src=\"https:\/\/mwf-metaldetectors.com\/wp-content\/uploads\/2022\/01\/screen33-01.svg\" width=\"40\" height=\"40\" \/><\/p>\n<h6 class=\"text-white mb-0\">Ekran<\/h6>\n<p class=\"text-white-50 mb-0\">TFT Renkli Monit\u00f6r\u200e 3.2\u2033<\/p>\n<\/div>\n<div class=\"col\">\n<p class=\" mb-3\"><img loading=\"lazy\" decoding=\"async\" class=\"mt-3\" role=\"img\" src=\"https:\/\/mwf-metaldetectors.com\/wp-content\/uploads\/2021\/12\/Devices-01.svg\" width=\"40\" height=\"40\" \/><\/p>\n<h6 class=\"text-white mb-0\">Cihaz sistemi<\/h6>\n<p class=\"text-white-50 mb-0\">LRL ,Hibrit+ ,Jeofizik<\/p>\n<\/div>\n<\/div>\n<div class=\"row bg-transparent text-center \">\n<div class=\"col\">\n<p class=\" mb-3\"><img loading=\"lazy\" decoding=\"async\" class=\"mt-3\" role=\"img\" src=\"https:\/\/mwf-metaldetectors.com\/wp-content\/uploads\/2022\/01\/MOKABIRA33-01.svg\" width=\"40\" height=\"40\" \/><\/p>\n<h6 class=\"text-white mb-0\">Hedefler Aras\u0131 Ayr\u0131mc\u0131l\u0131k<\/h6>\n<p class=\"text-white-50 mb-0\">Evet<\/p>\n<\/div>\n<div class=\"col\">\n<p class=\" mb-3\"><img loading=\"lazy\" decoding=\"async\" class=\"mt-3\" role=\"img\" src=\"https:\/\/mwf-metaldetectors.com\/wp-content\/uploads\/2021\/12\/layar-01.svg\" width=\"40\" height=\"40\" \/><\/p>\n<h6 class=\"text-white mb-0\">Derinlik<\/h6>\n<p class=\"text-white-50 mb-0\">0 &#8211; 30 m<\/p>\n<\/div>\n<div class=\"col\">\n<p class=\" mb-3\"><img loading=\"lazy\" decoding=\"async\" class=\"mt-3\" role=\"img\" src=\"https:\/\/mwf-metaldetectors.com\/wp-content\/uploads\/2021\/12\/Betwen-01.svg\" width=\"40\" height=\"40\" \/><\/p>\n<h6 class=\"text-white mb-0\">Mesafe<\/h6>\n<p class=\"text-white-50 mb-0\">2500m<\/p>\n<\/div>\n<\/div>\n<div class=\"row bg-transparent mt-3 \">\n<div class=\"col-4\">\n<div class=\"card bg-transparent tab-image\">\n<p><a href=\"#\"><img decoding=\"async\" class=\"card-img-top\" src=\"https:\/\/mwf-metaldetectors.com\/wp-content\/uploads\/2021\/12\/7-9.jpg.webp\" alt=\"Card image\" \/><\/a><\/p>\n<div class=\"card-body\">\n<h4 class=\"card-title text-center mf-title\" style=\"color: #5a5fde;\">S\u00fcper<\/h4>\n<h4 class=\"card-title text-center mf-price\">$ 4,450.00<\/h4>\n<\/div>\n<\/div>\n<\/div>\n<div class=\"col-4\">\n<div class=\"card bg-transparent tab-image\">\n<p><a href=\"\/tr\/urun\/mf-1100-pro-professional-tr\"><img decoding=\"async\" class=\"card-img-top\" src=\"https:\/\/mwf-metaldetectors.com\/wp-content\/uploads\/2021\/12\/6-12.jpg.webp\" alt=\"Card image\" \/><\/a><\/p>\n<div class=\"card-body\">\n<h4 class=\"card-title text-center mt-0 mf-title\" style=\"color: #5a5fde;\">Profesyonel<\/h4>\n<h4 class=\"card-title text-center mf-price\">$ 3,700.00<\/h4>\n<\/div>\n<\/div>\n<\/div>\n<div class=\"col-4\">\n<div class=\"card bg-transparent tab-image\">\n<p><a href=\"\/tr\/urun\/mf-1100-pro\/\"><img decoding=\"async\" class=\"card-img-top\" src=\"https:\/\/mwf-metaldetectors.com\/wp-content\/uploads\/2021\/12\/5-15.jpg.webp\" alt=\"Card image\" \/><\/a><\/p>\n<div class=\"card-body\">\n<h4 class=\"card-title text-center mf-title\" style=\"color: #5a5fde;\">Standart<\/h4>\n<h4 class=\"card-title text-center mf-price\">$ 2,950.00<\/h4>\n<\/div>\n<\/div>\n<\/div>\n<\/div>\n","protected":false},"featured_media":13654,"comment_status":"open","ping_status":"closed","template":"","meta":{"_acf_changed":false,"rs_blank_template":"","rs_page_bg_color":"","slide_template_v7":"","_joinchat":[]},"product_brand":[],"product_cat":[186,183,160,159,187,158,182,161],"product_tag":[],"class_list":{"0":"post-13645","1":"product","2":"type-product","3":"status-publish","4":"has-post-thumbnail","6":"product_cat-altin-dedektorleri","7":"product_cat-bosluk-dedektorleri","8":"product_cat-entegre-tespit-sistemleri","9":"product_cat-jeofizik-tespit-sistemleri","10":"product_cat-metal-dedektorleri","11":"product_cat-sesli-tespit-sistemleri","12":"product_cat-products-tr","13":"product_cat-alan-tarama-sistemleri","14":"product_shipping_class-free-shipping-tr","16":"first","17":"instock","18":"featured","19":"shipping-taxable","20":"purchasable","21":"product-type-simple"},"acf":[],"_links":{"self":[{"href":"https:\/\/mwf-metaldetectors.com\/tr\/wp-json\/wp\/v2\/product\/13645","targetHints":{"allow":["GET"]}}],"collection":[{"href":"https:\/\/mwf-metaldetectors.com\/tr\/wp-json\/wp\/v2\/product"}],"about":[{"href":"https:\/\/mwf-metaldetectors.com\/tr\/wp-json\/wp\/v2\/types\/product"}],"replies":[{"embeddable":true,"href":"https:\/\/mwf-metaldetectors.com\/tr\/wp-json\/wp\/v2\/comments?post=13645"}],"wp:featuredmedia":[{"embeddable":true,"href":"https:\/\/mwf-metaldetectors.com\/tr\/wp-json\/wp\/v2\/media\/13654"}],"wp:attachment":[{"href":"https:\/\/mwf-metaldetectors.com\/tr\/wp-json\/wp\/v2\/media?parent=13645"}],"wp:term":[{"taxonomy":"product_brand","embeddable":true,"href":"https:\/\/mwf-metaldetectors.com\/tr\/wp-json\/wp\/v2\/product_brand?post=13645"},{"taxonomy":"product_cat","embeddable":true,"href":"https:\/\/mwf-metaldetectors.com\/tr\/wp-json\/wp\/v2\/product_cat?post=13645"},{"taxonomy":"product_tag","embeddable":true,"href":"https:\/\/mwf-metaldetectors.com\/tr\/wp-json\/wp\/v2\/product_tag?post=13645"}],"curies":[{"name":"wp","href":"https:\/\/api.w.org\/{rel}","templated":true}]}}