{"id":13507,"date":"2021-12-16T12:22:51","date_gmt":"2021-12-16T12:22:51","guid":{"rendered":"https:\/\/mwf-metaldetectors.com\/product\/spark-gold-nugget\/"},"modified":"2026-03-27T09:30:42","modified_gmt":"2026-03-27T09:30:42","slug":"spark-gold-nugget-tr","status":"publish","type":"product","link":"https:\/\/mwf-metaldetectors.com\/tr\/urun\/spark-gold-nugget-tr\/","title":{"rendered":"SPARK (GOLD NUGGET)"},"content":{"rendered":"<div class=\"container\">\n<h3><strong>Ham Alt\u0131n Dedekt\u00f6r\u00fc<\/strong><\/h3>\n<blockquote><p>Spark (Gold Nugget) cihaz\u0131, hedefin yolunu ve noktas\u0131n\u0131 bulmak i\u00e7in geli\u015fmi\u015f ve dahili akustik tan\u0131ma sistemleri olan uzun mesafe alg\u0131lama sistemi (LDS) \u00fczerinde \u00e7al\u0131\u015f\u0131r.<br \/>\nSpark (Gold Nugget) cihaz\u0131 , yeralt\u0131 do\u011fal alt\u0131n tespit etme, cihaz\u0131n hedefleri 200 metre mesafeden ve 360 derecelik bir a\u00e7\u0131yla hassas bir kontrol \u00f6zelli\u011fiyle belirleyebildi\u011fi yerde tespit etmesini ve tespit etmesini sa\u011flayan y\u00fcksek sert frekans dalgalar\u0131 sunar, Birka\u00e7 arama mesafesinin bulundu\u011fu yatay bir mesafe arama, kullan\u0131c\u0131 yatay taramaya kendi gereksinimlerine g\u00f6re ayarlayabilir, Spark gold nugget cihaz\u0131ndaki arama derinli\u011fi arama derinli\u011finde hassas kontrol imkan\u0131 ile 10 metreye kadar ula\u015fabilir ,Bunlar\u0131n hepsi, cihaz kontrol aray\u00fcz\u00fc vas\u0131tas\u0131yla, k\u00fc\u00e7\u00fck boyutlu ve kullan\u0131m kolayl\u0131\u011f\u0131 ile cebe yerle\u015ftirilebilece\u011fi ve t\u00fcm iyi niyetini ve kolayl\u0131kla ta\u015f\u0131yabilece\u011fi ve ve herhangi biri dedekt\u00f6r makineleri hakk\u0131nda deyim veya b\u00fcy\u00fck bilgi sahibi olmadan bunu kullanabilir.<\/p><\/blockquote>\n<div class=\"row flex-column-reverse flex-lg-row\">\n<div class=\"col-md-6 col-ms-12\">\n<ul>\n<li>Spark(Gold Nugget) cihaz\u0131 yeralt\u0131 do\u011fal alt\u0131n tespit ve aramada uzman, \u00e7ok b\u00fcy\u00fck do\u011frulukla.<\/li>\n<li>Sinyal bi\u00e7imindeki \u00e7al\u0131\u015fmalar ve Modern geli\u015fim s\u00fcre\u00e7leri ile MWF Grubuna \u00f6zg\u00fc olan ileri ve do\u011fru (HSW) sinyalinin g\u00f6nderilmesi ve al\u0131nmas\u0131 i\u00e7in bir sistem, sinyal formundaki \u00e7al\u0131\u015fmalar ve Y\u00fcksek hassasiyetli dalgalar\u0131n yollar\u0131na y\u00fcklenmi\u015ftir.<\/li>\n<li>Cihaz\u0131n hedefleri y\u00f6nelterek hedefleri belirleyebildi\u011fi ve hedefe do\u011fru akustik alarm g\u00f6stergesi e\u015fli\u011finde alg\u0131lad\u0131\u011f\u0131 g\u00f6m\u00fcl\u00fc sistem.<\/li>\n<li>Dahili sinyal filtreleme sistemleri, y\u00fcksek aral\u0131ktaki radyo dalgalar\u0131n\u0131n frekanslar\u0131ndan kaynaklanan herhangi bir kar\u0131\u015f\u0131kl\u0131\u011f\u0131 \u00f6nlemek i\u00e7in havada bulunur, bu da bir\u00e7ok di\u011fer cihaz\u0131 etkiler.<\/li>\n<li>Otomatik Ayarlama Sistemi (ATS) her t\u00fcr arazi ve kayal\u0131k toprak, da\u011fl\u0131k, kumlu ve kil ile \u00e7al\u0131\u015f\u0131r.<\/li>\n<li>Y\u00fcksek kaliteli ve do\u011fru performansla, bu \u00fcr\u00fcn\u00fc en iyi elastomerler, elektronik bile\u015fenler ve uluslararas\u0131 standartlara sahip devreler ile \u00fcretiyoruz.<\/li>\n<li>Bu cihaz basit kontrol paneli ile desteklenir, aray\u00fcz buton tu\u015flar\u0131 ve LED&#8217;lerle \u00e7al\u0131\u015f\u0131r, kullan\u0131c\u0131n\u0131n cihaz\u0131 kolayca aramas\u0131n\u0131 kontrol etmesini ve ayarlamas\u0131n\u0131 sa\u011flar, kontrol paneli a\u015fa\u011f\u0131dakilerden olu\u015fur:\n<ol>\n<li>ON \/ OFF d\u00fc\u011fmesi<\/li>\n<li>Ses ayar d\u00fc\u011fmesi<\/li>\n<li>Hedef se\u00e7im tipi d\u00fc\u011fmesi<\/li>\n<li>Derinlik aral\u0131\u011f\u0131 se\u00e7im d\u00fc\u011fmesi<\/li>\n<li>Mesafe aral\u0131\u011f\u0131 se\u00e7im d\u00fc\u011fmesi<\/li>\n<\/ol>\n<\/li>\n<li>Sessiz veya vibrat\u00f6r moduna ek olarak 5 ses seviyesi modunda kontrol.<\/li>\n<li>LED&#8217;ler arama ve sinyal g\u00f6stergesi ve \u00fc\u00e7 seviyeden olu\u015fur.<\/li>\n<li>LED&#8217;li batarya seviyelerinin g\u00f6stergesi ve 3 seviyeden olu\u015fan batarya seviyesini g\u00f6sterir.<\/li>\n<li>Hedefler, Do\u011fal alt\u0131n t\u00fcm boyutlarda se\u00e7enek listesi: \u00c7ok k\u00fc\u00e7\u00fck &#8211; K\u00fc\u00e7\u00fck &#8211; Orta &#8211; B\u00fcy\u00fck.<\/li>\n<li>Arama derinli\u011fi, iste\u011fe ba\u011fl\u0131 liste ve 0m ile se\u00e7ilen derinli\u011fe kadar ba\u015flay\u0131n: 1m &#8211; 3m &#8211; 5m &#8211; 7m &#8211; 10m.<\/li>\n<li>Arama mesafesi, iste\u011fe ba\u011fl\u0131 liste ve 0 m ile se\u00e7ilen derinli\u011fe kadar ba\u015flay\u0131n: 25 m &#8211; 50 m &#8211; 100 m &#8211; 150 m &#8211; 200 m.<\/li>\n<li>\u00c7al\u0131\u015fmas\u0131 ve kullanmas\u0131 herkesin kullanmas\u0131 kolayd\u0131r.<\/li>\n<li>Cihaz, cebe yerle\u015ftirilebilece\u011fi ve m\u00fcnferit bir \u015fekilde hareket edebilece\u011fi k\u00fc\u00e7\u00fck boyutuyla karakterizedir.<\/li>\n<li>Hafif, kullan\u0131c\u0131n\u0131n \u00e7aba sarf etmeden veya yorulmadan \u00e7al\u0131\u015fmas\u0131na yard\u0131mc\u0131 olur.<\/li>\n<\/ul>\n<\/div>\n<div class=\"col-md-6 col-ms-12\">\n<div class=\"tab-image\"><img decoding=\"async\" src=\"https:\/\/mwf-metaldetectors.com\/wp-content\/uploads\/2021\/12\/BIG-MAIN-IMAGE-13.jpg.webp\" alt=\"GOLD NUGGET\" \/><\/div>\n<\/div>\n<\/div>\n<\/div>\n","protected":false},"excerpt":{"rendered":"<div class=\"row bg-transparent text-center mt-0 \">\n<div class=\"col\">\n<p class=\" mb-3\"><img loading=\"lazy\" decoding=\"async\" class=\"mt-3\" role=\"img\" src=\"https:\/\/mwf-metaldetectors.com\/wp-content\/uploads\/2021\/12\/battary-01-1.svg\" width=\"40\" height=\"40\" \/><\/p>\n<h6 class=\"text-white mb-0\">pil<\/h6>\n<p class=\"text-white-50 mb-0\">32 \u00c7al\u0131\u015fma saatleri<\/p>\n<\/div>\n<div class=\"col\">\n<p class=\" mb-3\"><img loading=\"lazy\" decoding=\"async\" class=\"mt-3\" role=\"img\" src=\"https:\/\/mwf-metaldetectors.com\/wp-content\/uploads\/2022\/01\/screen33-01.svg\" width=\"40\" height=\"40\" \/><\/p>\n<h6 class=\"text-white mb-0\">Ekran<\/h6>\n<p class=\"text-white-50 mb-0\">LED Aray\u00fcz\u00fc<\/p>\n<\/div>\n<div class=\"col\">\n<p class=\" mb-3\"><img loading=\"lazy\" decoding=\"async\" class=\"mt-3\" role=\"img\" src=\"https:\/\/mwf-metaldetectors.com\/wp-content\/uploads\/2021\/12\/Devices-01.svg\" width=\"40\" height=\"40\" \/><\/p>\n<h6 class=\"text-white mb-0\">Cihaz sistemi<\/h6>\n<p class=\"text-white-50 mb-0\">Uzun Menzilli Konum Belirleyici (LRL)<\/p>\n<\/div>\n<\/div>\n<div class=\"row bg-transparent text-center \">\n<div class=\"col\">\n<p class=\" mb-3\"><img loading=\"lazy\" decoding=\"async\" class=\"mt-3\" role=\"img\" src=\"https:\/\/mwf-metaldetectors.com\/wp-content\/uploads\/2022\/01\/MOKABIRA33-01.svg\" width=\"40\" height=\"40\" \/><\/p>\n<h6 class=\"text-white mb-0\">Hedefler Aras\u0131 Ayr\u0131mc\u0131l\u0131k<\/h6>\n<p class=\"text-white-50 mb-0\">Evet (ALTIN NUGGET)<\/p>\n<\/div>\n<div class=\"col\">\n<p class=\" mb-3\"><img loading=\"lazy\" decoding=\"async\" class=\"mt-3\" role=\"img\" src=\"https:\/\/mwf-metaldetectors.com\/wp-content\/uploads\/2021\/12\/layar-01.svg\" width=\"40\" height=\"40\" \/><\/p>\n<h6 class=\"text-white mb-0\">Derinlik<\/h6>\n<p class=\"text-white-50 mb-0\">0&#8217;dan 10m&#8217;ye<\/p>\n<\/div>\n<div class=\"col\">\n<p class=\" mb-3\"><img loading=\"lazy\" decoding=\"async\" class=\"mt-3\" role=\"img\" src=\"https:\/\/mwf-metaldetectors.com\/wp-content\/uploads\/2021\/12\/Betwen-01.svg\" width=\"40\" height=\"40\" \/><\/p>\n<h6 class=\"text-white mb-0\">Mesafe<\/h6>\n<p class=\"text-white-50 mb-0\">0&#8217;dan 200 m&#8217;ye<\/p>\n<\/div>\n<\/div>\n","protected":false},"featured_media":55554,"comment_status":"open","ping_status":"closed","template":"","meta":{"_acf_changed":false,"rs_blank_template":"","rs_page_bg_color":"","slide_template_v7":"","_joinchat":[]},"product_brand":[],"product_cat":[186,158,161],"product_tag":[],"class_list":{"0":"post-13507","1":"product","2":"type-product","3":"status-publish","4":"has-post-thumbnail","6":"product_cat-altin-dedektorleri","7":"product_cat-sesli-tespit-sistemleri","8":"product_cat-alan-tarama-sistemleri","9":"product_shipping_class-free-shipping-tr","11":"first","12":"instock","13":"sale","14":"shipping-taxable","15":"purchasable","16":"product-type-simple"},"acf":[],"yoast_head":"<!-- This site is optimized with the Yoast SEO plugin v27.6 - https:\/\/yoast.com\/product\/yoast-seo-wordpress\/ -->\n<title>MWF Dedekt\u00f6r - SPARK (GOLD NUGGET) - Ham Alt\u0131n Dedekt\u00f6r\u00fc<\/title>\n<meta name=\"description\" content=\"SPARK (GOLD NUGGET) Ham Alt\u0131n Dedekt\u00f6r\u00fc, Spark gold nugget Cihaz\u0131n derinli\u011fi 10 metreye kadar - 200 m ileriye do\u011fru mesafe i\u00e7in hedefleri tespit eder\" \/>\n<meta name=\"robots\" content=\"index, follow, max-snippet:-1, max-image-preview:large, max-video-preview:-1\" \/>\n<link rel=\"canonical\" href=\"https:\/\/mwf-metaldetectors.com\/tr\/urun\/spark-gold-nugget-tr\/\" \/>\n<meta property=\"og:locale\" content=\"tr_TR\" \/>\n<meta property=\"og:type\" content=\"article\" \/>\n<meta property=\"og:title\" content=\"MWF Dedekt\u00f6r - SPARK (GOLD NUGGET) - Ham Alt\u0131n Dedekt\u00f6r\u00fc\" \/>\n<meta property=\"og:description\" content=\"SPARK (GOLD NUGGET) Ham Alt\u0131n Dedekt\u00f6r\u00fc, Spark gold nugget Cihaz\u0131n derinli\u011fi 10 metreye kadar - 200 m ileriye do\u011fru mesafe i\u00e7in hedefleri tespit eder\" \/>\n<meta property=\"og:url\" content=\"https:\/\/mwf-metaldetectors.com\/tr\/urun\/spark-gold-nugget-tr\/\" \/>\n<meta property=\"og:site_name\" content=\"MWF Detectors\" \/>\n<meta property=\"article:publisher\" content=\"https:\/\/www.facebook.com\/mwfdetector\/\" \/>\n<meta property=\"article:modified_time\" content=\"2026-03-27T09:30:42+00:00\" \/>\n<meta property=\"og:image\" content=\"https:\/\/mwf-metaldetectors.com\/wp-content\/uploads\/2021\/12\/1-55.jpg\" \/>\n\t<meta property=\"og:image:width\" content=\"1000\" \/>\n\t<meta property=\"og:image:height\" content=\"993\" \/>\n\t<meta property=\"og:image:type\" content=\"image\/jpeg\" \/>\n<meta name=\"twitter:card\" content=\"summary_large_image\" \/>\n<meta name=\"twitter:site\" content=\"@mwfdetectors\" \/>\n<meta name=\"twitter:label1\" content=\"Tahmini okuma s\u00fcresi\" \/>\n\t<meta name=\"twitter:data1\" content=\"2 dakika\" \/>\n<script type=\"application\/ld+json\" class=\"yoast-schema-graph\">{\"@context\":\"https:\\\/\\\/schema.org\",\"@graph\":[{\"@type\":\"WebPage\",\"@id\":\"https:\\\/\\\/mwf-metaldetectors.com\\\/tr\\\/urun\\\/spark-gold-nugget-tr\\\/\",\"url\":\"https:\\\/\\\/mwf-metaldetectors.com\\\/tr\\\/urun\\\/spark-gold-nugget-tr\\\/\",\"name\":\"MWF Dedekt\u00f6r - SPARK (GOLD NUGGET) - Ham Alt\u0131n Dedekt\u00f6r\u00fc\",\"isPartOf\":{\"@id\":\"https:\\\/\\\/mwf-metaldetectors.com\\\/tr\\\/#website\"},\"primaryImageOfPage\":{\"@id\":\"https:\\\/\\\/mwf-metaldetectors.com\\\/tr\\\/urun\\\/spark-gold-nugget-tr\\\/#primaryimage\"},\"image\":{\"@id\":\"https:\\\/\\\/mwf-metaldetectors.com\\\/tr\\\/urun\\\/spark-gold-nugget-tr\\\/#primaryimage\"},\"thumbnailUrl\":\"https:\\\/\\\/mwf-metaldetectors.com\\\/wp-content\\\/uploads\\\/2021\\\/12\\\/1-55.jpg\",\"datePublished\":\"2021-12-16T12:22:51+00:00\",\"dateModified\":\"2026-03-27T09:30:42+00:00\",\"description\":\"SPARK (GOLD NUGGET) Ham Alt\u0131n Dedekt\u00f6r\u00fc, Spark gold nugget Cihaz\u0131n derinli\u011fi 10 metreye kadar - 200 m ileriye do\u011fru mesafe i\u00e7in hedefleri tespit eder\",\"breadcrumb\":{\"@id\":\"https:\\\/\\\/mwf-metaldetectors.com\\\/tr\\\/urun\\\/spark-gold-nugget-tr\\\/#breadcrumb\"},\"inLanguage\":\"tr\",\"potentialAction\":[{\"@type\":\"ReadAction\",\"target\":[\"https:\\\/\\\/mwf-metaldetectors.com\\\/tr\\\/urun\\\/spark-gold-nugget-tr\\\/\"]}]},{\"@type\":\"ImageObject\",\"inLanguage\":\"tr\",\"@id\":\"https:\\\/\\\/mwf-metaldetectors.com\\\/tr\\\/urun\\\/spark-gold-nugget-tr\\\/#primaryimage\",\"url\":\"https:\\\/\\\/mwf-metaldetectors.com\\\/wp-content\\\/uploads\\\/2021\\\/12\\\/1-55.jpg\",\"contentUrl\":\"https:\\\/\\\/mwf-metaldetectors.com\\\/wp-content\\\/uploads\\\/2021\\\/12\\\/1-55.jpg\",\"width\":1000,\"height\":993},{\"@type\":\"BreadcrumbList\",\"@id\":\"https:\\\/\\\/mwf-metaldetectors.com\\\/tr\\\/urun\\\/spark-gold-nugget-tr\\\/#breadcrumb\",\"itemListElement\":[{\"@type\":\"ListItem\",\"position\":1,\"name\":\"\u062c\u0645\u064a\u0639 \u0627\u0644\u0627\u062c\u0647\u0632\u0629 \u0648 \u0627\u0644\u0627\u0643\u0633\u0633\u0648\u0627\u0631\u0627\u062a\",\"item\":\"https:\\\/\\\/mwf-metaldetectors.com\\\/ar\\\/shop-2\\\/\"},{\"@type\":\"ListItem\",\"position\":2,\"name\":\"SPARK (GOLD NUGGET)\"}]},{\"@type\":\"WebSite\",\"@id\":\"https:\\\/\\\/mwf-metaldetectors.com\\\/tr\\\/#website\",\"url\":\"https:\\\/\\\/mwf-metaldetectors.com\\\/tr\\\/\",\"name\":\"MWF Detectors\",\"description\":\"\u0645\u062c\u0645\u0648\u0639\u0629 \u0634\u0631\u0643\u0627\u062a \u0648\u0645\u0635\u0627\u0646\u0639 MWF \u0627\u0644\u0645\u062a\u062e\u0635\u0635\u0629 \u0641\u064a \u0645\u062c\u0627\u0644 \u062a\u0635\u0646\u064a\u0639 \u0648\u062a\u062c\u0627\u0631\u0629 \u0623\u062c\u0647\u0632\u0629 \u0627\u0644\u0643\u0634\u0641 \u0639\u0646 \u0627\u0644\u0645\u0639\u0627\u062f\u0646\",\"publisher\":{\"@id\":\"https:\\\/\\\/mwf-metaldetectors.com\\\/tr\\\/#organization\"},\"alternateName\":\"MWF Metal And Gold And Water Detectors\",\"potentialAction\":[{\"@type\":\"SearchAction\",\"target\":{\"@type\":\"EntryPoint\",\"urlTemplate\":\"https:\\\/\\\/mwf-metaldetectors.com\\\/tr\\\/?s={search_term_string}\"},\"query-input\":{\"@type\":\"PropertyValueSpecification\",\"valueRequired\":true,\"valueName\":\"search_term_string\"}}],\"inLanguage\":\"tr\"},{\"@type\":\"Organization\",\"@id\":\"https:\\\/\\\/mwf-metaldetectors.com\\\/tr\\\/#organization\",\"name\":\"MWF Detector\",\"alternateName\":\"MWF Group of Companies and Factories, specializing in the manufacture and trade of metal detectors.\",\"url\":\"https:\\\/\\\/mwf-metaldetectors.com\\\/tr\\\/\",\"logo\":{\"@type\":\"ImageObject\",\"inLanguage\":\"tr\",\"@id\":\"https:\\\/\\\/mwf-metaldetectors.com\\\/tr\\\/#\\\/schema\\\/logo\\\/image\\\/\",\"url\":\"https:\\\/\\\/mwf-metaldetectors.com\\\/wp-content\\\/uploads\\\/2023\\\/06\\\/cropped-logodf1-copy.png\",\"contentUrl\":\"https:\\\/\\\/mwf-metaldetectors.com\\\/wp-content\\\/uploads\\\/2023\\\/06\\\/cropped-logodf1-copy.png\",\"width\":512,\"height\":512,\"caption\":\"MWF Detector\"},\"image\":{\"@id\":\"https:\\\/\\\/mwf-metaldetectors.com\\\/tr\\\/#\\\/schema\\\/logo\\\/image\\\/\"},\"sameAs\":[\"https:\\\/\\\/www.facebook.com\\\/mwfdetector\\\/\",\"https:\\\/\\\/x.com\\\/mwfdetectors\",\"https:\\\/\\\/www.youtube.com\\\/user\\\/MWFDETECTORS\"]}]}<\/script>\n<!-- \/ Yoast SEO plugin. -->","yoast_head_json":{"title":"MWF Dedekt\u00f6r - SPARK (GOLD NUGGET) - Ham Alt\u0131n Dedekt\u00f6r\u00fc","description":"SPARK (GOLD NUGGET) Ham Alt\u0131n Dedekt\u00f6r\u00fc, Spark gold nugget Cihaz\u0131n derinli\u011fi 10 metreye kadar - 200 m ileriye do\u011fru mesafe i\u00e7in hedefleri tespit eder","robots":{"index":"index","follow":"follow","max-snippet":"max-snippet:-1","max-image-preview":"max-image-preview:large","max-video-preview":"max-video-preview:-1"},"canonical":"https:\/\/mwf-metaldetectors.com\/tr\/urun\/spark-gold-nugget-tr\/","og_locale":"tr_TR","og_type":"article","og_title":"MWF Dedekt\u00f6r - SPARK (GOLD NUGGET) - Ham Alt\u0131n Dedekt\u00f6r\u00fc","og_description":"SPARK (GOLD NUGGET) Ham Alt\u0131n Dedekt\u00f6r\u00fc, Spark gold nugget Cihaz\u0131n derinli\u011fi 10 metreye kadar - 200 m ileriye do\u011fru mesafe i\u00e7in hedefleri tespit eder","og_url":"https:\/\/mwf-metaldetectors.com\/tr\/urun\/spark-gold-nugget-tr\/","og_site_name":"MWF Detectors","article_publisher":"https:\/\/www.facebook.com\/mwfdetector\/","article_modified_time":"2026-03-27T09:30:42+00:00","og_image":[{"width":1000,"height":993,"url":"https:\/\/mwf-metaldetectors.com\/wp-content\/uploads\/2021\/12\/1-55.jpg","type":"image\/jpeg"}],"twitter_card":"summary_large_image","twitter_site":"@mwfdetectors","twitter_misc":{"Tahmini okuma s\u00fcresi":"2 dakika"},"schema":{"@context":"https:\/\/schema.org","@graph":[{"@type":"WebPage","@id":"https:\/\/mwf-metaldetectors.com\/tr\/urun\/spark-gold-nugget-tr\/","url":"https:\/\/mwf-metaldetectors.com\/tr\/urun\/spark-gold-nugget-tr\/","name":"MWF Dedekt\u00f6r - SPARK (GOLD NUGGET) - Ham Alt\u0131n Dedekt\u00f6r\u00fc","isPartOf":{"@id":"https:\/\/mwf-metaldetectors.com\/tr\/#website"},"primaryImageOfPage":{"@id":"https:\/\/mwf-metaldetectors.com\/tr\/urun\/spark-gold-nugget-tr\/#primaryimage"},"image":{"@id":"https:\/\/mwf-metaldetectors.com\/tr\/urun\/spark-gold-nugget-tr\/#primaryimage"},"thumbnailUrl":"https:\/\/mwf-metaldetectors.com\/wp-content\/uploads\/2021\/12\/1-55.jpg","datePublished":"2021-12-16T12:22:51+00:00","dateModified":"2026-03-27T09:30:42+00:00","description":"SPARK (GOLD NUGGET) Ham Alt\u0131n Dedekt\u00f6r\u00fc, Spark gold nugget Cihaz\u0131n derinli\u011fi 10 metreye kadar - 200 m ileriye do\u011fru mesafe i\u00e7in hedefleri tespit eder","breadcrumb":{"@id":"https:\/\/mwf-metaldetectors.com\/tr\/urun\/spark-gold-nugget-tr\/#breadcrumb"},"inLanguage":"tr","potentialAction":[{"@type":"ReadAction","target":["https:\/\/mwf-metaldetectors.com\/tr\/urun\/spark-gold-nugget-tr\/"]}]},{"@type":"ImageObject","inLanguage":"tr","@id":"https:\/\/mwf-metaldetectors.com\/tr\/urun\/spark-gold-nugget-tr\/#primaryimage","url":"https:\/\/mwf-metaldetectors.com\/wp-content\/uploads\/2021\/12\/1-55.jpg","contentUrl":"https:\/\/mwf-metaldetectors.com\/wp-content\/uploads\/2021\/12\/1-55.jpg","width":1000,"height":993},{"@type":"BreadcrumbList","@id":"https:\/\/mwf-metaldetectors.com\/tr\/urun\/spark-gold-nugget-tr\/#breadcrumb","itemListElement":[{"@type":"ListItem","position":1,"name":"\u062c\u0645\u064a\u0639 \u0627\u0644\u0627\u062c\u0647\u0632\u0629 \u0648 \u0627\u0644\u0627\u0643\u0633\u0633\u0648\u0627\u0631\u0627\u062a","item":"https:\/\/mwf-metaldetectors.com\/ar\/shop-2\/"},{"@type":"ListItem","position":2,"name":"SPARK (GOLD NUGGET)"}]},{"@type":"WebSite","@id":"https:\/\/mwf-metaldetectors.com\/tr\/#website","url":"https:\/\/mwf-metaldetectors.com\/tr\/","name":"MWF Detectors","description":"\u0645\u062c\u0645\u0648\u0639\u0629 \u0634\u0631\u0643\u0627\u062a \u0648\u0645\u0635\u0627\u0646\u0639 MWF \u0627\u0644\u0645\u062a\u062e\u0635\u0635\u0629 \u0641\u064a \u0645\u062c\u0627\u0644 \u062a\u0635\u0646\u064a\u0639 \u0648\u062a\u062c\u0627\u0631\u0629 \u0623\u062c\u0647\u0632\u0629 \u0627\u0644\u0643\u0634\u0641 \u0639\u0646 \u0627\u0644\u0645\u0639\u0627\u062f\u0646","publisher":{"@id":"https:\/\/mwf-metaldetectors.com\/tr\/#organization"},"alternateName":"MWF Metal And Gold And Water Detectors","potentialAction":[{"@type":"SearchAction","target":{"@type":"EntryPoint","urlTemplate":"https:\/\/mwf-metaldetectors.com\/tr\/?s={search_term_string}"},"query-input":{"@type":"PropertyValueSpecification","valueRequired":true,"valueName":"search_term_string"}}],"inLanguage":"tr"},{"@type":"Organization","@id":"https:\/\/mwf-metaldetectors.com\/tr\/#organization","name":"MWF Detector","alternateName":"MWF Group of Companies and Factories, specializing in the manufacture and trade of metal detectors.","url":"https:\/\/mwf-metaldetectors.com\/tr\/","logo":{"@type":"ImageObject","inLanguage":"tr","@id":"https:\/\/mwf-metaldetectors.com\/tr\/#\/schema\/logo\/image\/","url":"https:\/\/mwf-metaldetectors.com\/wp-content\/uploads\/2023\/06\/cropped-logodf1-copy.png","contentUrl":"https:\/\/mwf-metaldetectors.com\/wp-content\/uploads\/2023\/06\/cropped-logodf1-copy.png","width":512,"height":512,"caption":"MWF Detector"},"image":{"@id":"https:\/\/mwf-metaldetectors.com\/tr\/#\/schema\/logo\/image\/"},"sameAs":["https:\/\/www.facebook.com\/mwfdetector\/","https:\/\/x.com\/mwfdetectors","https:\/\/www.youtube.com\/user\/MWFDETECTORS"]}]}},"_links":{"self":[{"href":"https:\/\/mwf-metaldetectors.com\/tr\/wp-json\/wp\/v2\/product\/13507","targetHints":{"allow":["GET"]}}],"collection":[{"href":"https:\/\/mwf-metaldetectors.com\/tr\/wp-json\/wp\/v2\/product"}],"about":[{"href":"https:\/\/mwf-metaldetectors.com\/tr\/wp-json\/wp\/v2\/types\/product"}],"replies":[{"embeddable":true,"href":"https:\/\/mwf-metaldetectors.com\/tr\/wp-json\/wp\/v2\/comments?post=13507"}],"wp:featuredmedia":[{"embeddable":true,"href":"https:\/\/mwf-metaldetectors.com\/tr\/wp-json\/wp\/v2\/media\/55554"}],"wp:attachment":[{"href":"https:\/\/mwf-metaldetectors.com\/tr\/wp-json\/wp\/v2\/media?parent=13507"}],"wp:term":[{"taxonomy":"product_brand","embeddable":true,"href":"https:\/\/mwf-metaldetectors.com\/tr\/wp-json\/wp\/v2\/product_brand?post=13507"},{"taxonomy":"product_cat","embeddable":true,"href":"https:\/\/mwf-metaldetectors.com\/tr\/wp-json\/wp\/v2\/product_cat?post=13507"},{"taxonomy":"product_tag","embeddable":true,"href":"https:\/\/mwf-metaldetectors.com\/tr\/wp-json\/wp\/v2\/product_tag?post=13507"}],"curies":[{"name":"wp","href":"https:\/\/api.w.org\/{rel}","templated":true}]}}