{"id":33985,"date":"2023-01-21T07:29:53","date_gmt":"2023-01-21T07:29:53","guid":{"rendered":"https:\/\/mwf-metaldetectors.com\/product\/mf-90\/"},"modified":"2025-10-18T11:32:06","modified_gmt":"2025-10-18T11:32:06","slug":"mf-90","status":"publish","type":"product","link":"https:\/\/mwf-metaldetectors.com\/fr\/produit\/mf-90\/","title":{"rendered":"D\u00e9tecteur de m\u00e9taux multi-bobines MF90 \u2013 Localisateur avanc\u00e9 d\u2019or et de tr\u00e9sors"},"content":{"rendered":"<div class=\"container\">\n<h3><strong>Localisateur MF90 et d\u00e9tecteur de m\u00e9taux multi-bobines<\/strong><\/h3>\n<blockquote><p>Parce que MWF cherche toujours \u00e0 r\u00e9pondre aux exigences des explorateurs, des aventuriers et m\u00eame des plongeurs qui explorent les profondeurs des mers et des oc\u00e9ans, le Multi pinpointer (MF-90) a \u00e9t\u00e9 produit, un d\u00e9tecteur de m\u00e9taux portable et \u00e9tanche aux utilisations et t\u00e2ches multiples.<br \/>\nLe d\u00e9tecteur de m\u00e9taux multi-bobines MF90 est un mod\u00e8le tr\u00e8s avanc\u00e9 et un produit sans pr\u00e9c\u00e9dent et le premier du genre parmi les d\u00e9tecteurs de m\u00e9taux avec une identification pr\u00e9cise, il se caract\u00e9rise par sa force, sa solidit\u00e9 et sa r\u00e9sistance \u00e9lev\u00e9e \u00e0 l\u2019eau, et il peut \u00eatre immerg\u00e9 \u00e0 une profondeur de 60 m\u00e8tres sous l\u2019eau, il a un support IP-86.<br \/>\nPlusieurs bobines de recherche, \u00e9quip\u00e9es de trois bobines de recherche de haute qualit\u00e9 avec une grande sensibilit\u00e9, vous donnant des r\u00e9sultats pr\u00e9cis dans tous les types de recherches.<br \/>\nDesign moderne et distinctif, de petite taille et facile \u00e0 utiliser, le MF-90 est con\u00e7u pour vous accompagner partout et en toutes circonstances gr\u00e2ce \u00e0 ses excellentes caract\u00e9ristiques et ses r\u00e9sistances de diff\u00e9rentes tailles.<\/p><\/blockquote>\n<div class=\"row flex-column-reverse flex-lg-row\">\n<div class=\"col-md-6 col-ms-12 my-3\">\n<h3>Caract\u00e9ristiques g\u00e9n\u00e9rales&nbsp;:<\/h3>\n<ul>\n<li>Le premier appareil de ce type au monde, un d\u00e9tecteur de m\u00e9taux et un localisateur d\u2019une sensibilit\u00e9 \u00e9lev\u00e9e et d\u2019une qualit\u00e9 irr\u00e9prochable<\/li>\n<li>Le MF-90 utilise la technologie d\u2019induction d\u2019impulsions PI, qui vous permet de d\u00e9tecter les m\u00e9taux dans l\u2019eau et dans tous les types de sols.<\/li>\n<li>Forme profil\u00e9e et distinctive, de petite taille, l\u00e9g\u00e8re et facile \u00e0 utiliser<\/li>\n<li>Il contient trois bobines de recherche de tailles diff\u00e9rentes qui vous aident \u00e0 atteindre les zones les plus \u00e9troites et les plus difficiles<\/li>\n<li>Il contient une bobine avec un bord inclin\u00e9 qui vous permet de d\u00e9tecter dans des zones tr\u00e8s \u00e9troites et accident\u00e9es<\/li>\n<li>Le MF-90 a un niveau d\u2019\u00e9tanch\u00e9it\u00e9 IP68, ce qui vous permet de d\u00e9tecter les m\u00e9taux en plongeant \u00e0 une profondeur allant jusqu\u2019\u00e0 60 m sous l\u2019eau.<\/li>\n<li>L\u2019appareil est \u00e9quip\u00e9 d\u2019un port USB de type C, qui vous permet d\u2019utiliser la banque d\u2019alimentation \u00e0 tout moment.<\/li>\n<li>Haute capacit\u00e9 et faible consommation d\u2019\u00e9nergie, vous pouvez travailler pendant 10 jours.<\/li>\n<li>Il ne faut que deux heures pour charger la batterie.<\/li>\n<li>L\u2019appareil contient des syst\u00e8mes d\u2019alarme sonore et vibratoire qui interagissent avec la taille et la proximit\u00e9 de la cible.<\/li>\n<li>Poids l\u00e9ger, 370 grammes combin\u00e9s et 1360 grammes enti\u00e8rement dans le sac<\/li>\n<li>La possibilit\u00e9 de r\u00e9initialiser et d\u2019\u00e9talonner avec une r\u00e9ponse rapide et en un seul clic<\/li>\n<li>Des r\u00e9sultats rapides et imm\u00e9diats, pas besoin d\u2019analyse, d\u2019attente ou de suivi.<\/li>\n<li>Le syst\u00e8me ATS s\u2019adapte automatiquement \u00e0 tous les types de terrains, y compris les sols rocheux, montagneux, sablonneux et boueux.<\/li>\n<li>L\u2019appareil contient une lampe de poche pour travailler dans des conditions d\u2019\u00e9clairage m\u00e9diocres ou inexistantes.<\/li>\n<li>Le circuit de microprocesseur avanc\u00e9 permet au MF-90 de fonctionner avec la sensibilit\u00e9 maximale possible pour d\u00e9tecter les m\u00e9taux.<\/li>\n<li>Cet appareil est fabriqu\u00e9 \u00e0 partir des meilleurs plastiques, composants \u00e9lectroniques et circuits conformes aux normes internationales.<\/li>\n<li>Haute pr\u00e9cision et qualit\u00e9 de fabrication et de performance, avec une poign\u00e9e antid\u00e9rapante.<\/li>\n<\/ul>\n<\/div>\n<div class=\"col-md-6 col-ms-12\">\n<div class=\"tab-image\"><img decoding=\"async\" src=\"https:\/\/mwf-metaldetectors.com\/wp-content\/uploads\/2023\/01\/BIG-MAIN-IMAGE.jpg.webp\" alt=\"MF-90\"><\/div>\n<\/div>\n<\/div>\n<\/div>\n","protected":false},"excerpt":{"rendered":"<div class=\"row bg-transparent text-center mb-3 \">\n<div class=\"col\">\n<p class=\" mb-3\"><img loading=\"lazy\" decoding=\"async\" class=\"mt-3\" role=\"img\" src=\"https:\/\/mwf-metaldetectors.com\/wp-content\/uploads\/2021\/12\/battary-01-1.svg\" width=\"40\" height=\"40\"><\/p>\n<h6 class=\"text-white mb-0\">Pile<\/h6>\n<p class=\"text-white-50 mb-0\">90 Heures de travail<\/p>\n<\/div>\n<div class=\"col\">\n<p class=\" mb-3\"><img loading=\"lazy\" decoding=\"async\" class=\"mt-3\" role=\"img\" src=\"https:\/\/mwf-metaldetectors.com\/wp-content\/uploads\/2022\/01\/screen33-01.svg\" width=\"40\" height=\"40\"><\/p>\n<h6 class=\"text-white mb-0\">\u00c9cran<\/h6>\n<p class=\"text-white-50 mb-0\">Aucun<\/p>\n<\/div>\n<div class=\"col\">\n<p class=\" mb-3\"><img loading=\"lazy\" decoding=\"async\" class=\"mt-3\" role=\"img\" src=\"https:\/\/mwf-metaldetectors.com\/wp-content\/uploads\/2021\/12\/Devices-01.svg\" width=\"40\" height=\"40\"><\/p>\n<h6 class=\"text-white mb-0\">Syst\u00e8me d\u2019appareil<\/h6>\n<p class=\"text-white-50 mb-0\">Induction d\u2019impulsions PI<\/p>\n<\/div>\n<\/div>\n","protected":false},"featured_media":33907,"comment_status":"open","ping_status":"closed","template":"","meta":{"_acf_changed":false,"rs_blank_template":"","rs_page_bg_color":"","slide_template_v7":"","_joinchat":[]},"product_brand":[],"product_cat":[338,339,379,345,384,341],"product_tag":[],"class_list":{"0":"post-33985","1":"product","2":"type-product","3":"status-publish","4":"has-post-thumbnail","6":"product_cat-gold-detectors-fr","7":"product_cat-metal-detectors-fr","8":"product_cat-portable-metal-detectors-fr","9":"product_cat-acoustic-detection-systems-fr","10":"product_cat-hand-held-pinpointer-systems-fr","11":"product_cat-treasures-fr","12":"product_shipping_class-free-shipping-fr","14":"first","15":"outofstock","16":"featured","17":"shipping-taxable","18":"purchasable","19":"product-type-simple"},"acf":[],"_links":{"self":[{"href":"https:\/\/mwf-metaldetectors.com\/fr\/wp-json\/wp\/v2\/product\/33985","targetHints":{"allow":["GET"]}}],"collection":[{"href":"https:\/\/mwf-metaldetectors.com\/fr\/wp-json\/wp\/v2\/product"}],"about":[{"href":"https:\/\/mwf-metaldetectors.com\/fr\/wp-json\/wp\/v2\/types\/product"}],"replies":[{"embeddable":true,"href":"https:\/\/mwf-metaldetectors.com\/fr\/wp-json\/wp\/v2\/comments?post=33985"}],"wp:featuredmedia":[{"embeddable":true,"href":"https:\/\/mwf-metaldetectors.com\/fr\/wp-json\/wp\/v2\/media\/33907"}],"wp:attachment":[{"href":"https:\/\/mwf-metaldetectors.com\/fr\/wp-json\/wp\/v2\/media?parent=33985"}],"wp:term":[{"taxonomy":"product_brand","embeddable":true,"href":"https:\/\/mwf-metaldetectors.com\/fr\/wp-json\/wp\/v2\/product_brand?post=33985"},{"taxonomy":"product_cat","embeddable":true,"href":"https:\/\/mwf-metaldetectors.com\/fr\/wp-json\/wp\/v2\/product_cat?post=33985"},{"taxonomy":"product_tag","embeddable":true,"href":"https:\/\/mwf-metaldetectors.com\/fr\/wp-json\/wp\/v2\/product_tag?post=33985"}],"curies":[{"name":"wp","href":"https:\/\/api.w.org\/{rel}","templated":true}]}}