{"id":29518,"date":"2021-12-17T08:33:10","date_gmt":"2021-12-17T08:33:10","guid":{"rendered":"https:\/\/mwf-metaldetectors.com\/product\/line-tracker-antennas\/"},"modified":"2025-08-21T08:38:04","modified_gmt":"2025-08-21T08:38:04","slug":"line-tracker-antennas","status":"publish","type":"product","link":"https:\/\/mwf-metaldetectors.com\/fr\/produit\/line-tracker-antennas\/","title":{"rendered":"Antennes de suivi de ligne"},"content":{"rendered":"","protected":false},"excerpt":{"rendered":"<p><strong>Antennes de suivi de ligne :<\/strong><\/p>\n<p>Fabriqu\u00e9 avec les meilleurs mat\u00e9riaux et un mouvement flexible pour garantir des r\u00e9sultats pr\u00e9cis, il fonctionne avec des appareils de d\u00e9tection qui fonctionnent avec le syst\u00e8me de t\u00e9l\u00e9d\u00e9tection, en se connectant au dispositif r\u00e9cepteur via des fils de connexion pour commencer \u00e0 travailler avec lui selon un manuel d\u2019utilisation.<\/p>\n<p>Vendu en set deux pi\u00e8ces.<\/p>\n<p>&nbsp;<\/p>\n","protected":false},"featured_media":28412,"comment_status":"closed","ping_status":"closed","template":"","meta":{"_acf_changed":false,"rs_blank_template":"","rs_page_bg_color":"","slide_template_v7":"","_joinchat":[]},"product_brand":[],"product_cat":[334,423],"product_tag":[],"class_list":{"0":"post-29518","1":"product","2":"type-product","3":"status-publish","4":"has-post-thumbnail","6":"product_cat-accessories-fr","7":"product_cat-antennes","8":"product_shipping_class-accessories-shipping-fr","10":"first","11":"instock","12":"shipping-taxable","13":"purchasable","14":"product-type-simple"},"acf":[],"yoast_head":"<!-- This site is optimized with the Yoast SEO plugin v27.6 - https:\/\/yoast.com\/product\/yoast-seo-wordpress\/ -->\n<title>Antennes de suivi de ligne - MWF Metal Detectors | Gold Detectors | Gems, Water, Treasures Locator<\/title>\n<meta name=\"description\" content=\"Antennes de suivi de ligne Antennes de suivi de ligne : Fabriqu\u00e9 avec les meilleurs mat\u00e9riaux et un mouvement flexible pour garantir des r\u00e9sultats pr\u00e9cis, il fonctionne avec des appareils de d\u00e9tection qui fonctionnent avec le syst\u00e8me de t\u00e9l\u00e9d\u00e9tection, en se connectant au dispositif r\u00e9cepteur via des fils de connexion pour commencer \u00e0 travailler avec lui selon un manuel d\u2019utilisation. Vendu en set deux pi\u00e8ces. &nbsp;\" \/>\n<meta name=\"robots\" content=\"index, follow, max-snippet:-1, max-image-preview:large, max-video-preview:-1\" \/>\n<link rel=\"canonical\" href=\"https:\/\/mwf-metaldetectors.com\/fr\/produit\/line-tracker-antennas\/\" \/>\n<meta property=\"og:locale\" content=\"fr_FR\" \/>\n<meta property=\"og:type\" content=\"article\" \/>\n<meta property=\"og:title\" content=\"Antennes de suivi de ligne - MWF Metal Detectors | Gold Detectors | Gems, Water, Treasures Locator\" \/>\n<meta property=\"og:description\" content=\"Antennes de suivi de ligne Antennes de suivi de ligne : Fabriqu\u00e9 avec les meilleurs mat\u00e9riaux et un mouvement flexible pour garantir des r\u00e9sultats pr\u00e9cis, il fonctionne avec des appareils de d\u00e9tection qui fonctionnent avec le syst\u00e8me de t\u00e9l\u00e9d\u00e9tection, en se connectant au dispositif r\u00e9cepteur via des fils de connexion pour commencer \u00e0 travailler avec lui selon un manuel d\u2019utilisation. Vendu en set deux pi\u00e8ces. &nbsp;\" \/>\n<meta property=\"og:url\" content=\"https:\/\/mwf-metaldetectors.com\/fr\/produit\/line-tracker-antennas\/\" \/>\n<meta property=\"og:site_name\" content=\"MWF Metal Detectors | Gold Detectors | Gems, Water, Treasures Locator\" \/>\n<meta property=\"article:publisher\" content=\"https:\/\/www.facebook.com\/mwfdetector\/\" \/>\n<meta property=\"article:modified_time\" content=\"2025-08-21T08:38:04+00:00\" \/>\n<meta property=\"og:image\" content=\"https:\/\/mwf-metaldetectors.com\/wp-content\/uploads\/2021\/12\/1-45.jpg\" \/>\n\t<meta property=\"og:image:width\" content=\"1000\" \/>\n\t<meta property=\"og:image:height\" content=\"993\" \/>\n\t<meta property=\"og:image:type\" content=\"image\/jpeg\" \/>\n<meta name=\"twitter:card\" content=\"summary_large_image\" \/>\n<meta name=\"twitter:site\" content=\"@mwfdetectors\" \/>\n<script type=\"application\/ld+json\" class=\"yoast-schema-graph\">{\"@context\":\"https:\\\/\\\/schema.org\",\"@graph\":[{\"@type\":\"WebPage\",\"@id\":\"https:\\\/\\\/mwf-metaldetectors.com\\\/fr\\\/produit\\\/line-tracker-antennas\\\/\",\"url\":\"https:\\\/\\\/mwf-metaldetectors.com\\\/fr\\\/produit\\\/line-tracker-antennas\\\/\",\"name\":\"Antennes de suivi de ligne - MWF Metal Detectors | Gold Detectors | Gems, Water, Treasures Locator\",\"isPartOf\":{\"@id\":\"https:\\\/\\\/mwf-metaldetectors.com\\\/fr\\\/#website\"},\"primaryImageOfPage\":{\"@id\":\"https:\\\/\\\/mwf-metaldetectors.com\\\/fr\\\/produit\\\/line-tracker-antennas\\\/#primaryimage\"},\"image\":{\"@id\":\"https:\\\/\\\/mwf-metaldetectors.com\\\/fr\\\/produit\\\/line-tracker-antennas\\\/#primaryimage\"},\"thumbnailUrl\":\"https:\\\/\\\/mwf-metaldetectors.com\\\/wp-content\\\/uploads\\\/2021\\\/12\\\/1-45.jpg\",\"datePublished\":\"2021-12-17T08:33:10+00:00\",\"dateModified\":\"2025-08-21T08:38:04+00:00\",\"description\":\"Antennes de suivi de ligne Antennes de suivi de ligne : Fabriqu\u00e9 avec les meilleurs mat\u00e9riaux et un mouvement flexible pour garantir des r\u00e9sultats pr\u00e9cis, il fonctionne avec des appareils de d\u00e9tection qui fonctionnent avec le syst\u00e8me de t\u00e9l\u00e9d\u00e9tection, en se connectant au dispositif r\u00e9cepteur via des fils de connexion pour commencer \u00e0 travailler avec lui selon un manuel d\u2019utilisation. Vendu en set deux pi\u00e8ces. &nbsp;\",\"breadcrumb\":{\"@id\":\"https:\\\/\\\/mwf-metaldetectors.com\\\/fr\\\/produit\\\/line-tracker-antennas\\\/#breadcrumb\"},\"inLanguage\":\"fr-FR\",\"potentialAction\":[{\"@type\":\"ReadAction\",\"target\":[\"https:\\\/\\\/mwf-metaldetectors.com\\\/fr\\\/produit\\\/line-tracker-antennas\\\/\"]}]},{\"@type\":\"ImageObject\",\"inLanguage\":\"fr-FR\",\"@id\":\"https:\\\/\\\/mwf-metaldetectors.com\\\/fr\\\/produit\\\/line-tracker-antennas\\\/#primaryimage\",\"url\":\"https:\\\/\\\/mwf-metaldetectors.com\\\/wp-content\\\/uploads\\\/2021\\\/12\\\/1-45.jpg\",\"contentUrl\":\"https:\\\/\\\/mwf-metaldetectors.com\\\/wp-content\\\/uploads\\\/2021\\\/12\\\/1-45.jpg\",\"width\":1000,\"height\":993},{\"@type\":\"BreadcrumbList\",\"@id\":\"https:\\\/\\\/mwf-metaldetectors.com\\\/fr\\\/produit\\\/line-tracker-antennas\\\/#breadcrumb\",\"itemListElement\":[{\"@type\":\"ListItem\",\"position\":1,\"name\":\"\u062c\u0645\u064a\u0639 \u0627\u0644\u0627\u062c\u0647\u0632\u0629 \u0648 \u0627\u0644\u0627\u0643\u0633\u0633\u0648\u0627\u0631\u0627\u062a\",\"item\":\"https:\\\/\\\/mwf-metaldetectors.com\\\/ar\\\/shop-2\\\/\"},{\"@type\":\"ListItem\",\"position\":2,\"name\":\"Antennes de suivi de ligne\"}]},{\"@type\":\"WebSite\",\"@id\":\"https:\\\/\\\/mwf-metaldetectors.com\\\/fr\\\/#website\",\"url\":\"https:\\\/\\\/mwf-metaldetectors.com\\\/fr\\\/\",\"name\":\"MWF Detectors\",\"description\":\"MWF Group of Companies and Factories, specializing in the manufacture and trade of metal detectors.\",\"publisher\":{\"@id\":\"https:\\\/\\\/mwf-metaldetectors.com\\\/fr\\\/#organization\"},\"alternateName\":\"MWF Metal And Gold And Water Detectors\",\"potentialAction\":[{\"@type\":\"SearchAction\",\"target\":{\"@type\":\"EntryPoint\",\"urlTemplate\":\"https:\\\/\\\/mwf-metaldetectors.com\\\/fr\\\/?s={search_term_string}\"},\"query-input\":{\"@type\":\"PropertyValueSpecification\",\"valueRequired\":true,\"valueName\":\"search_term_string\"}}],\"inLanguage\":\"fr-FR\"},{\"@type\":\"Organization\",\"@id\":\"https:\\\/\\\/mwf-metaldetectors.com\\\/fr\\\/#organization\",\"name\":\"MWF Detector\",\"alternateName\":\"MWF Group of Companies and Factories, specializing in the manufacture and trade of metal detectors.\",\"url\":\"https:\\\/\\\/mwf-metaldetectors.com\\\/fr\\\/\",\"logo\":{\"@type\":\"ImageObject\",\"inLanguage\":\"fr-FR\",\"@id\":\"https:\\\/\\\/mwf-metaldetectors.com\\\/fr\\\/#\\\/schema\\\/logo\\\/image\\\/\",\"url\":\"https:\\\/\\\/mwf-metaldetectors.com\\\/wp-content\\\/uploads\\\/2023\\\/06\\\/cropped-logodf1-copy.png\",\"contentUrl\":\"https:\\\/\\\/mwf-metaldetectors.com\\\/wp-content\\\/uploads\\\/2023\\\/06\\\/cropped-logodf1-copy.png\",\"width\":512,\"height\":512,\"caption\":\"MWF Detector\"},\"image\":{\"@id\":\"https:\\\/\\\/mwf-metaldetectors.com\\\/fr\\\/#\\\/schema\\\/logo\\\/image\\\/\"},\"sameAs\":[\"https:\\\/\\\/www.facebook.com\\\/mwfdetector\\\/\",\"https:\\\/\\\/x.com\\\/mwfdetectors\",\"https:\\\/\\\/www.youtube.com\\\/user\\\/MWFDETECTORS\"]}]}<\/script>\n<!-- \/ Yoast SEO plugin. -->","yoast_head_json":{"title":"Antennes de suivi de ligne - MWF Metal Detectors | Gold Detectors | Gems, Water, Treasures Locator","description":"Antennes de suivi de ligne Antennes de suivi de ligne : Fabriqu\u00e9 avec les meilleurs mat\u00e9riaux et un mouvement flexible pour garantir des r\u00e9sultats pr\u00e9cis, il fonctionne avec des appareils de d\u00e9tection qui fonctionnent avec le syst\u00e8me de t\u00e9l\u00e9d\u00e9tection, en se connectant au dispositif r\u00e9cepteur via des fils de connexion pour commencer \u00e0 travailler avec lui selon un manuel d\u2019utilisation. Vendu en set deux pi\u00e8ces. &nbsp;","robots":{"index":"index","follow":"follow","max-snippet":"max-snippet:-1","max-image-preview":"max-image-preview:large","max-video-preview":"max-video-preview:-1"},"canonical":"https:\/\/mwf-metaldetectors.com\/fr\/produit\/line-tracker-antennas\/","og_locale":"fr_FR","og_type":"article","og_title":"Antennes de suivi de ligne - MWF Metal Detectors | Gold Detectors | Gems, Water, Treasures Locator","og_description":"Antennes de suivi de ligne Antennes de suivi de ligne : Fabriqu\u00e9 avec les meilleurs mat\u00e9riaux et un mouvement flexible pour garantir des r\u00e9sultats pr\u00e9cis, il fonctionne avec des appareils de d\u00e9tection qui fonctionnent avec le syst\u00e8me de t\u00e9l\u00e9d\u00e9tection, en se connectant au dispositif r\u00e9cepteur via des fils de connexion pour commencer \u00e0 travailler avec lui selon un manuel d\u2019utilisation. Vendu en set deux pi\u00e8ces. &nbsp;","og_url":"https:\/\/mwf-metaldetectors.com\/fr\/produit\/line-tracker-antennas\/","og_site_name":"MWF Metal Detectors | Gold Detectors | Gems, Water, Treasures Locator","article_publisher":"https:\/\/www.facebook.com\/mwfdetector\/","article_modified_time":"2025-08-21T08:38:04+00:00","og_image":[{"width":1000,"height":993,"url":"https:\/\/mwf-metaldetectors.com\/wp-content\/uploads\/2021\/12\/1-45.jpg","type":"image\/jpeg"}],"twitter_card":"summary_large_image","twitter_site":"@mwfdetectors","schema":{"@context":"https:\/\/schema.org","@graph":[{"@type":"WebPage","@id":"https:\/\/mwf-metaldetectors.com\/fr\/produit\/line-tracker-antennas\/","url":"https:\/\/mwf-metaldetectors.com\/fr\/produit\/line-tracker-antennas\/","name":"Antennes de suivi de ligne - MWF Metal Detectors | Gold Detectors | Gems, Water, Treasures Locator","isPartOf":{"@id":"https:\/\/mwf-metaldetectors.com\/fr\/#website"},"primaryImageOfPage":{"@id":"https:\/\/mwf-metaldetectors.com\/fr\/produit\/line-tracker-antennas\/#primaryimage"},"image":{"@id":"https:\/\/mwf-metaldetectors.com\/fr\/produit\/line-tracker-antennas\/#primaryimage"},"thumbnailUrl":"https:\/\/mwf-metaldetectors.com\/wp-content\/uploads\/2021\/12\/1-45.jpg","datePublished":"2021-12-17T08:33:10+00:00","dateModified":"2025-08-21T08:38:04+00:00","description":"Antennes de suivi de ligne Antennes de suivi de ligne : Fabriqu\u00e9 avec les meilleurs mat\u00e9riaux et un mouvement flexible pour garantir des r\u00e9sultats pr\u00e9cis, il fonctionne avec des appareils de d\u00e9tection qui fonctionnent avec le syst\u00e8me de t\u00e9l\u00e9d\u00e9tection, en se connectant au dispositif r\u00e9cepteur via des fils de connexion pour commencer \u00e0 travailler avec lui selon un manuel d\u2019utilisation. Vendu en set deux pi\u00e8ces. &nbsp;","breadcrumb":{"@id":"https:\/\/mwf-metaldetectors.com\/fr\/produit\/line-tracker-antennas\/#breadcrumb"},"inLanguage":"fr-FR","potentialAction":[{"@type":"ReadAction","target":["https:\/\/mwf-metaldetectors.com\/fr\/produit\/line-tracker-antennas\/"]}]},{"@type":"ImageObject","inLanguage":"fr-FR","@id":"https:\/\/mwf-metaldetectors.com\/fr\/produit\/line-tracker-antennas\/#primaryimage","url":"https:\/\/mwf-metaldetectors.com\/wp-content\/uploads\/2021\/12\/1-45.jpg","contentUrl":"https:\/\/mwf-metaldetectors.com\/wp-content\/uploads\/2021\/12\/1-45.jpg","width":1000,"height":993},{"@type":"BreadcrumbList","@id":"https:\/\/mwf-metaldetectors.com\/fr\/produit\/line-tracker-antennas\/#breadcrumb","itemListElement":[{"@type":"ListItem","position":1,"name":"\u062c\u0645\u064a\u0639 \u0627\u0644\u0627\u062c\u0647\u0632\u0629 \u0648 \u0627\u0644\u0627\u0643\u0633\u0633\u0648\u0627\u0631\u0627\u062a","item":"https:\/\/mwf-metaldetectors.com\/ar\/shop-2\/"},{"@type":"ListItem","position":2,"name":"Antennes de suivi de ligne"}]},{"@type":"WebSite","@id":"https:\/\/mwf-metaldetectors.com\/fr\/#website","url":"https:\/\/mwf-metaldetectors.com\/fr\/","name":"MWF Detectors","description":"MWF Group of Companies and Factories, specializing in the manufacture and trade of metal detectors.","publisher":{"@id":"https:\/\/mwf-metaldetectors.com\/fr\/#organization"},"alternateName":"MWF Metal And Gold And Water Detectors","potentialAction":[{"@type":"SearchAction","target":{"@type":"EntryPoint","urlTemplate":"https:\/\/mwf-metaldetectors.com\/fr\/?s={search_term_string}"},"query-input":{"@type":"PropertyValueSpecification","valueRequired":true,"valueName":"search_term_string"}}],"inLanguage":"fr-FR"},{"@type":"Organization","@id":"https:\/\/mwf-metaldetectors.com\/fr\/#organization","name":"MWF Detector","alternateName":"MWF Group of Companies and Factories, specializing in the manufacture and trade of metal detectors.","url":"https:\/\/mwf-metaldetectors.com\/fr\/","logo":{"@type":"ImageObject","inLanguage":"fr-FR","@id":"https:\/\/mwf-metaldetectors.com\/fr\/#\/schema\/logo\/image\/","url":"https:\/\/mwf-metaldetectors.com\/wp-content\/uploads\/2023\/06\/cropped-logodf1-copy.png","contentUrl":"https:\/\/mwf-metaldetectors.com\/wp-content\/uploads\/2023\/06\/cropped-logodf1-copy.png","width":512,"height":512,"caption":"MWF Detector"},"image":{"@id":"https:\/\/mwf-metaldetectors.com\/fr\/#\/schema\/logo\/image\/"},"sameAs":["https:\/\/www.facebook.com\/mwfdetector\/","https:\/\/x.com\/mwfdetectors","https:\/\/www.youtube.com\/user\/MWFDETECTORS"]}]}},"_links":{"self":[{"href":"https:\/\/mwf-metaldetectors.com\/fr\/wp-json\/wp\/v2\/product\/29518","targetHints":{"allow":["GET"]}}],"collection":[{"href":"https:\/\/mwf-metaldetectors.com\/fr\/wp-json\/wp\/v2\/product"}],"about":[{"href":"https:\/\/mwf-metaldetectors.com\/fr\/wp-json\/wp\/v2\/types\/product"}],"replies":[{"embeddable":true,"href":"https:\/\/mwf-metaldetectors.com\/fr\/wp-json\/wp\/v2\/comments?post=29518"}],"wp:featuredmedia":[{"embeddable":true,"href":"https:\/\/mwf-metaldetectors.com\/fr\/wp-json\/wp\/v2\/media\/28412"}],"wp:attachment":[{"href":"https:\/\/mwf-metaldetectors.com\/fr\/wp-json\/wp\/v2\/media?parent=29518"}],"wp:term":[{"taxonomy":"product_brand","embeddable":true,"href":"https:\/\/mwf-metaldetectors.com\/fr\/wp-json\/wp\/v2\/product_brand?post=29518"},{"taxonomy":"product_cat","embeddable":true,"href":"https:\/\/mwf-metaldetectors.com\/fr\/wp-json\/wp\/v2\/product_cat?post=29518"},{"taxonomy":"product_tag","embeddable":true,"href":"https:\/\/mwf-metaldetectors.com\/fr\/wp-json\/wp\/v2\/product_tag?post=29518"}],"curies":[{"name":"wp","href":"https:\/\/api.w.org\/{rel}","templated":true}]}}