{"id":29489,"date":"2021-12-17T08:33:31","date_gmt":"2021-12-17T08:33:31","guid":{"rendered":"https:\/\/mwf-metaldetectors.com\/product\/handle-grip\/"},"modified":"2025-08-21T08:40:27","modified_gmt":"2025-08-21T08:40:27","slug":"handle-grip","status":"publish","type":"product","link":"https:\/\/mwf-metaldetectors.com\/fr\/produit\/handle-grip\/","title":{"rendered":"Poign\u00e9e"},"content":{"rendered":"","protected":false},"excerpt":{"rendered":"<p><strong>Poign\u00e9e<\/strong><\/p>\n<p>Cette poign\u00e9e fonctionne et se connecte \u00e0 la plupart de nos appareils de localisation longue port\u00e9e pour permettre \u00e0 l\u2019appareil de se d\u00e9placer et de pivoter \u00e0 un angle de 360 degr\u00e9s librement et de mani\u00e8re flexible, mais le mod\u00e8le diff\u00e8re d\u2019un appareil \u00e0 l\u2019autre, vous devez donc choisir la poign\u00e9e appropri\u00e9e pour votre appareil.<\/p>\n","protected":false},"featured_media":28368,"comment_status":"closed","ping_status":"closed","template":"","meta":{"_acf_changed":false,"rs_blank_template":"","rs_page_bg_color":"","slide_template_v7":"","_joinchat":[]},"product_brand":[],"product_cat":[334],"product_tag":[],"class_list":{"0":"post-29489","1":"product","2":"type-product","3":"status-publish","4":"has-post-thumbnail","6":"product_cat-accessories-fr","7":"product_shipping_class-accessories-shipping-fr","9":"first","10":"instock","11":"shipping-taxable","12":"purchasable","13":"product-type-variable"},"acf":[],"_links":{"self":[{"href":"https:\/\/mwf-metaldetectors.com\/fr\/wp-json\/wp\/v2\/product\/29489","targetHints":{"allow":["GET"]}}],"collection":[{"href":"https:\/\/mwf-metaldetectors.com\/fr\/wp-json\/wp\/v2\/product"}],"about":[{"href":"https:\/\/mwf-metaldetectors.com\/fr\/wp-json\/wp\/v2\/types\/product"}],"replies":[{"embeddable":true,"href":"https:\/\/mwf-metaldetectors.com\/fr\/wp-json\/wp\/v2\/comments?post=29489"}],"wp:featuredmedia":[{"embeddable":true,"href":"https:\/\/mwf-metaldetectors.com\/fr\/wp-json\/wp\/v2\/media\/28368"}],"wp:attachment":[{"href":"https:\/\/mwf-metaldetectors.com\/fr\/wp-json\/wp\/v2\/media?parent=29489"}],"wp:term":[{"taxonomy":"product_brand","embeddable":true,"href":"https:\/\/mwf-metaldetectors.com\/fr\/wp-json\/wp\/v2\/product_brand?post=29489"},{"taxonomy":"product_cat","embeddable":true,"href":"https:\/\/mwf-metaldetectors.com\/fr\/wp-json\/wp\/v2\/product_cat?post=29489"},{"taxonomy":"product_tag","embeddable":true,"href":"https:\/\/mwf-metaldetectors.com\/fr\/wp-json\/wp\/v2\/product_tag?post=29489"}],"curies":[{"name":"wp","href":"https:\/\/api.w.org\/{rel}","templated":true}]}}