{"id":29442,"date":"2021-12-17T08:33:34","date_gmt":"2021-12-17T08:33:34","guid":{"rendered":"https:\/\/mwf-metaldetectors.com\/product\/electric-chargers\/"},"modified":"2025-08-21T08:40:48","modified_gmt":"2025-08-21T08:40:48","slug":"electric-chargers","status":"publish","type":"product","link":"https:\/\/mwf-metaldetectors.com\/fr\/produit\/electric-chargers\/","title":{"rendered":"Chargeurs \u00e9lectriques"},"content":{"rendered":"","protected":false},"excerpt":{"rendered":"<p><strong>Adaptateur de charge :<\/strong><\/p>\n<p>Le chargeur \u00e9lectrique est charg\u00e9 de fournir de l\u2019\u00e9nergie \u00e9lectrique aux appareils pour recharger la batterie, et chaque appareil dispose d\u2019un chargeur sp\u00e9cial avec des caract\u00e9ristiques diff\u00e9rentes, en termes de tension et d\u2019amp\u00e8res, veuillez choisir le chargeur appropri\u00e9 pour votre appareil.<\/p>\n","protected":false},"featured_media":28367,"comment_status":"closed","ping_status":"closed","template":"","meta":{"_acf_changed":false,"rs_blank_template":"","rs_page_bg_color":"","slide_template_v7":"","_joinchat":[]},"product_brand":[],"product_cat":[334],"product_tag":[],"class_list":{"0":"post-29442","1":"product","2":"type-product","3":"status-publish","4":"has-post-thumbnail","6":"product_cat-accessories-fr","7":"product_shipping_class-accessories-shipping-fr","9":"first","10":"instock","11":"shipping-taxable","12":"purchasable","13":"product-type-variable"},"acf":[],"_links":{"self":[{"href":"https:\/\/mwf-metaldetectors.com\/fr\/wp-json\/wp\/v2\/product\/29442","targetHints":{"allow":["GET"]}}],"collection":[{"href":"https:\/\/mwf-metaldetectors.com\/fr\/wp-json\/wp\/v2\/product"}],"about":[{"href":"https:\/\/mwf-metaldetectors.com\/fr\/wp-json\/wp\/v2\/types\/product"}],"replies":[{"embeddable":true,"href":"https:\/\/mwf-metaldetectors.com\/fr\/wp-json\/wp\/v2\/comments?post=29442"}],"wp:featuredmedia":[{"embeddable":true,"href":"https:\/\/mwf-metaldetectors.com\/fr\/wp-json\/wp\/v2\/media\/28367"}],"wp:attachment":[{"href":"https:\/\/mwf-metaldetectors.com\/fr\/wp-json\/wp\/v2\/media?parent=29442"}],"wp:term":[{"taxonomy":"product_brand","embeddable":true,"href":"https:\/\/mwf-metaldetectors.com\/fr\/wp-json\/wp\/v2\/product_brand?post=29442"},{"taxonomy":"product_cat","embeddable":true,"href":"https:\/\/mwf-metaldetectors.com\/fr\/wp-json\/wp\/v2\/product_cat?post=29442"},{"taxonomy":"product_tag","embeddable":true,"href":"https:\/\/mwf-metaldetectors.com\/fr\/wp-json\/wp\/v2\/product_tag?post=29442"}],"curies":[{"name":"wp","href":"https:\/\/api.w.org\/{rel}","templated":true}]}}