{"id":29048,"date":"2021-12-16T12:22:50","date_gmt":"2021-12-16T12:22:50","guid":{"rendered":"https:\/\/mwf-metaldetectors.com\/product\/navvy\/"},"modified":"2025-08-16T10:24:17","modified_gmt":"2025-08-16T10:24:17","slug":"navvy","status":"publish","type":"product","link":"https:\/\/mwf-metaldetectors.com\/fr\/produit\/navvy\/","title":{"rendered":"NAVVY : Localisateur avanc\u00e9 d\u2019eau souterraine et acoustique"},"content":{"rendered":"<div class=\"container\">\n<div class=\"row \">\n<div class=\"col-md-6 col-xs-6 my-4 \"><img decoding=\"async\" class=\"tab-image\" src=\"https:\/\/mwf-metaldetectors.com\/wp-content\/uploads\/2021\/12\/navven-1.png.webp\"><\/div>\n<div class=\"col-md-6 col-xs-6 my-4 \"><img decoding=\"async\" class=\"tab-image\" src=\"https:\/\/mwf-metaldetectors.com\/wp-content\/uploads\/2021\/12\/navven-6.png.webp\"><\/div>\n<\/div>\n<div class=\"row \">\n<div class=\"col-md-6 col-xs-6 my-4 \"><img decoding=\"async\" class=\"tab-image\" src=\"https:\/\/mwf-metaldetectors.com\/wp-content\/uploads\/2021\/12\/navven-8.png.webp\"><\/div>\n<div class=\"col-md-6 col-xs-6 my-4 \"><img decoding=\"async\" class=\"tab-image\" src=\"https:\/\/mwf-metaldetectors.com\/wp-content\/uploads\/2021\/12\/navven-4.png.webp\"><\/div>\n<\/div>\n<div class=\"row \">\n<div class=\"col-md-6 col-xs-6 my-4 \"><img decoding=\"async\" class=\"tab-image\" src=\"https:\/\/mwf-metaldetectors.com\/wp-content\/uploads\/2021\/12\/navven-5.png.webp\"><\/div>\n<div class=\"col-md-6 col-xs-6 my-4 \"><img decoding=\"async\" class=\"tab-image\" src=\"https:\/\/mwf-metaldetectors.com\/wp-content\/uploads\/2021\/12\/navven-2.png.webp\"><\/div>\n<\/div>\n<div class=\"row \">\n<div class=\"col-md-6 col-xs-6 my-4 \"><img decoding=\"async\" class=\"tab-image\" src=\"https:\/\/mwf-metaldetectors.com\/wp-content\/uploads\/2021\/12\/navven-7.png.webp\"><\/div>\n<div class=\"col-md-6 col-xs-6 my-4 \"><img decoding=\"async\" class=\"tab-image\" src=\"https:\/\/mwf-metaldetectors.com\/wp-content\/uploads\/2021\/12\/navven-3.png.webp\"><\/div>\n<\/div>\n<h3><strong>Le plus simple Le plus petit et le plus rapide \u00e0 d\u00e9tecter les eaux souterraines NAVVY<\/strong><\/h3>\n<blockquote><p>Le nouvel appareil avanc\u00e9 pour d\u00e9tecter les eaux souterraines, l\u2019appareil Navvy poss\u00e8de des caract\u00e9ristiques et des caract\u00e9ristiques modernes qui lui permettent de surveiller les eaux souterraines avec pr\u00e9cision et efficacit\u00e9, La haute sensibilit\u00e9 \u00e0 la d\u00e9tection rapide de l\u2019eau, la v\u00e9rification pr\u00e9cise de l\u2019emplacement de l\u2019eau et les indicateurs acoustiques \u00e9mis pour d\u00e9terminer le chemin de localisation de l\u2019eau sont l\u2019une des plus importantes de ces caract\u00e9ristiques,  De plus, la boussole num\u00e9rique sur l\u2019\u00e9cran de l\u2019appareil, qui affiche \u00e9galement les directions et le chemin cible, La profondeur de d\u00e9tection de cet appareil atteint 500 m et peut d\u00e9tecter l\u2019eau \u00e0 une distance de 2000 m circulaire.<\/p><\/blockquote>\n<div class=\"row flex-column-reverse flex-lg-row\">\n<div class=\"col-md-6 col-ms-12 \">\n<ul>\n<li>L\u2019appareil NAVVY est l\u2019un des meilleurs appareils au monde pour d\u00e9tecter et localiser les eaux souterraines \u00e0 distance.<\/li>\n<li>Un appareil sp\u00e9cialis\u00e9 dans la recherche et la d\u00e9tection des eaux souterraines et art\u00e9siennes.<\/li>\n<li>Grande pr\u00e9cision in\u00e9gal\u00e9e dans la sp\u00e9cification et la d\u00e9tection des eaux souterraines et la confirmation de l\u2019existence de la cible \u00e0 100&nbsp;% sans aucune erreur.<\/li>\n<li>Grande rapidit\u00e9 pour fournir les r\u00e9sultats \u00e0 l\u2019utilisateur avec des donn\u00e9es int\u00e9gr\u00e9es et compl\u00e8tes sur la cible et le centre de point.<\/li>\n<li>Syst\u00e8mes de filtrage interne du signal, pour \u00e9viter toute confusion r\u00e9sultant de fr\u00e9quences \u00e9lev\u00e9es telles que les ondes radio pr\u00e9sentes dans l\u2019air ou autres.<\/li>\n<li>Syst\u00e8me de r\u00e9glage automatique (ATS).<\/li>\n<li>Contr\u00f4lez le niveau de luminosit\u00e9 de l\u2019\u00e9cran, qui vous donne un \u00e9clairage ad\u00e9quat pour le jour ou la nuit, et r\u00e9duisez le niveau d\u2019\u00e9clairage pour \u00e9conomiser de l\u2019\u00e9nergie.<\/li>\n<li>Cinq niveaux de son vous offrent un contr\u00f4le ad\u00e9quat de la sortie sonore et des signaux des r\u00e9sultats de recherche, ainsi que le mode vibreur, ou le mode silencieux et la suffisance des r\u00e9sultats visuels.<\/li>\n<li>Multi-langues.<\/li>\n<li>Fonction intelligente de batterie et de charge, qui donne \u00e0 l\u2019utilisateur un suivi pr\u00e9cis du niveau de la batterie et des avis sur le niveau de la batterie et des alertes avant l\u2019entr\u00e9e en vigueur de l\u2019alimentation, avec des syst\u00e8mes de charge intelligents qui permettent \u00e0 l\u2019utilisateur de suivre \u00e9galement la charge de la batterie lorsque l\u2019appareil est allum\u00e9 ou \u00e9teint, et de conna\u00eetre le niveau de charge ajout\u00e9,  le tout en temps r\u00e9el.<\/li>\n<li>Haute qualit\u00e9 et performances pr\u00e9cises, fabrication de ce produit \u00e0 partir des meilleurs \u00e9lastom\u00e8res, composants \u00e9lectroniques et circuits aux normes internationales.<\/li>\n<\/ul>\n<\/div>\n<div class=\"col-md-6 col-ms-12\">\n<div class=\"tab-image\"><img decoding=\"async\" src=\"https:\/\/mwf-metaldetectors.com\/wp-content\/uploads\/2021\/12\/BIG-MAIN-IMAGE-9.jpg.webp\" alt=\"TERRASSIER\"><\/div>\n<\/div>\n<\/div>\n<div class=\"row\">\n<ul>\n<li>Le design ergonomique et la forme profil\u00e9e vous donnent le pouvoir de rechercher et de naviguer avec l\u00e9g\u00e8ret\u00e9 et facilit\u00e9 d\u2019utilisation, ce qui joue un r\u00f4le important dans des r\u00e9sultats rapides et simples.<\/li>\n<li>Facile \u00e0 travailler et \u00e0 utiliser, tout le monde peut l\u2019utiliser.<\/li>\n<li>L\u2019\u00e9cran couleur TFT HD de 3,2 pouces offre \u00e0 l\u2019utilisateur une vision claire de jour comme de nuit.<\/li>\n<li>Pris en charge cet appareil avec un panneau de commande simple, fonctionne avec l\u2019interface des boutons, permet \u00e0 l\u2019utilisateur de contr\u00f4ler et de r\u00e9gler l\u2019appareil pour rechercher facilement, le panneau de configuration se compose des \u00e9l\u00e9ments suivants&nbsp;:\n<ul>\n<li>Bouton ON\/OFF<\/li>\n<li>Bouton de retour<\/li>\n<li>Bouton D\u00e9placer<\/li>\n<li>Bouton Entr\u00e9e<\/li>\n<li>Bouton de suivi et de mise au point de la cible<\/li>\n<\/ul>\n<\/li>\n<\/ul>\n<\/div>\n<\/div>\n","protected":false},"excerpt":{"rendered":"<div class=\"row bg-transparent text-center mt-0 \">\n<div class=\"col\">\n<p class=\" mb-3\"><img loading=\"lazy\" decoding=\"async\" class=\"mt-3\" role=\"img\" src=\"https:\/\/mwf-metaldetectors.com\/wp-content\/uploads\/2021\/12\/battary-01-1.svg\" width=\"40\" height=\"40\"><\/p>\n<h6 class=\"text-white mb-0\">Pile<\/h6>\n<p class=\"text-white-50 mb-0\">5 Heures de travail<\/p>\n<\/div>\n<div class=\"col\">\n<p class=\" mb-3\"><img loading=\"lazy\" decoding=\"async\" class=\"mt-3\" role=\"img\" src=\"https:\/\/mwf-metaldetectors.com\/wp-content\/uploads\/2022\/01\/screen33-01.svg\" width=\"40\" height=\"40\"><\/p>\n<h6 class=\"text-white mb-0\">\u00c9cran<\/h6>\n<p class=\"text-white-50 mb-0\">Moniteur couleur TFT 3,2&Prime;<\/p>\n<\/div>\n<div class=\"col\">\n<p class=\" mb-3\"><img loading=\"lazy\" decoding=\"async\" class=\"mt-3\" role=\"img\" src=\"https:\/\/mwf-metaldetectors.com\/wp-content\/uploads\/2021\/12\/Devices-01.svg\" width=\"40\" height=\"40\"><\/p>\n<h6 class=\"text-white mb-0\">Syst\u00e8me d\u2019appareil<\/h6>\n<p class=\"text-white-50 mb-0\">Avanc\u00e9 &#8211; Longue port\u00e9e<\/p>\n<\/div>\n<\/div>\n<div class=\"row bg-transparent text-center \">\n<div class=\"col\">\n<p class=\" mb-3\"><img loading=\"lazy\" decoding=\"async\" class=\"mt-3\" role=\"img\" src=\"https:\/\/mwf-metaldetectors.com\/wp-content\/uploads\/2022\/01\/MOKABIRA33-01.svg\" width=\"40\" height=\"40\"><\/p>\n<h6 class=\"text-white mb-0\">Discrimination entre les cibles<\/h6>\n<p class=\"text-white-50 mb-0\">Oui(facultatif)<\/p>\n<\/div>\n<div class=\"col\">\n<p class=\" mb-3\"><img loading=\"lazy\" decoding=\"async\" class=\"mt-3\" role=\"img\" src=\"https:\/\/mwf-metaldetectors.com\/wp-content\/uploads\/2021\/12\/layar-01.svg\" width=\"40\" height=\"40\"><\/p>\n<h6 class=\"text-white mb-0\">Profondeur<\/h6>\n<p class=\"text-white-50 mb-0\">De 0 \u00e0 <strong>500 <\/strong>m<\/p>\n<\/div>\n<div class=\"col\">\n<p class=\" mb-3\"><img loading=\"lazy\" decoding=\"async\" class=\"mt-3\" role=\"img\" src=\"https:\/\/mwf-metaldetectors.com\/wp-content\/uploads\/2021\/12\/Betwen-01.svg\" width=\"40\" height=\"40\"><\/p>\n<h6 class=\"text-white mb-0\">Distance<\/h6>\n<p class=\"text-white-50 mb-0\">2000 m<\/p>\n<\/div>\n<\/div>\n<p>&nbsp;<\/p>\n<p>&nbsp;<\/p>\n","protected":false},"featured_media":27074,"comment_status":"open","ping_status":"closed","template":"","meta":{"_acf_changed":false,"rs_blank_template":"","rs_page_bg_color":"","slide_template_v7":"","_joinchat":[]},"product_brand":[],"product_cat":[343,345,350],"product_tag":[],"class_list":{"0":"post-29048","1":"product","2":"type-product","3":"status-publish","4":"has-post-thumbnail","6":"product_cat-water-detectors-fr","7":"product_cat-acoustic-detection-systems-fr","8":"product_cat-long-range-locator-systems-fr","9":"product_shipping_class-free-shipping-fr","11":"first","12":"instock","13":"shipping-taxable","14":"purchasable","15":"product-type-simple"},"acf":[],"_links":{"self":[{"href":"https:\/\/mwf-metaldetectors.com\/fr\/wp-json\/wp\/v2\/product\/29048","targetHints":{"allow":["GET"]}}],"collection":[{"href":"https:\/\/mwf-metaldetectors.com\/fr\/wp-json\/wp\/v2\/product"}],"about":[{"href":"https:\/\/mwf-metaldetectors.com\/fr\/wp-json\/wp\/v2\/types\/product"}],"replies":[{"embeddable":true,"href":"https:\/\/mwf-metaldetectors.com\/fr\/wp-json\/wp\/v2\/comments?post=29048"}],"wp:featuredmedia":[{"embeddable":true,"href":"https:\/\/mwf-metaldetectors.com\/fr\/wp-json\/wp\/v2\/media\/27074"}],"wp:attachment":[{"href":"https:\/\/mwf-metaldetectors.com\/fr\/wp-json\/wp\/v2\/media?parent=29048"}],"wp:term":[{"taxonomy":"product_brand","embeddable":true,"href":"https:\/\/mwf-metaldetectors.com\/fr\/wp-json\/wp\/v2\/product_brand?post=29048"},{"taxonomy":"product_cat","embeddable":true,"href":"https:\/\/mwf-metaldetectors.com\/fr\/wp-json\/wp\/v2\/product_cat?post=29048"},{"taxonomy":"product_tag","embeddable":true,"href":"https:\/\/mwf-metaldetectors.com\/fr\/wp-json\/wp\/v2\/product_tag?post=29048"}],"curies":[{"name":"wp","href":"https:\/\/api.w.org\/{rel}","templated":true}]}}