{"id":29035,"date":"2021-12-16T12:22:50","date_gmt":"2021-12-16T12:22:50","guid":{"rendered":"https:\/\/mwf-metaldetectors.com\/product\/wf-202-pro\/"},"modified":"2023-03-13T15:10:06","modified_gmt":"2023-03-13T15:10:06","slug":"wf-202-pro","status":"publish","type":"product","link":"https:\/\/mwf-metaldetectors.com\/fr\/produit\/wf-202-pro\/","title":{"rendered":"WF 202 PRO +"},"content":{"rendered":"<div class=\"container\">\n<h3>D\u00e9tecteur d&rsquo;eau souterraine Avec 2 syst\u00e8mes de d\u00e9tection<\/h3>\n<blockquote><p>Cet appareil est un d\u00e9veloppeur de l&rsquo;appareil WF 202 Pro, qui a \u00e9t\u00e9 enti\u00e8rement mis \u00e0 jour et d\u00e9velopp\u00e9, a \u00e9t\u00e9 d\u00e9velopp\u00e9 des syst\u00e8mes d&rsquo;\u00e9metteur-r\u00e9cepteur et \u00e9quip\u00e9 de plus d&rsquo;un syst\u00e8me de d\u00e9tection d&rsquo;eau longue distance pour la recherche et la d\u00e9tection des eaux souterraines.<\/p>\n<p>Pris en charge \u00e9galement avec plusieurs langues, avec un logiciel moderne intelligent et un \u00e9cran couleur TFT.<\/p><\/blockquote>\n<div class=\"row flex-column-reverse flex-lg-row\">\n<div class=\"col-md-6 col-ms-12 \">\n<p>WF 202 PRO+, sp\u00e9cialiste de la d\u00e9tection et de l&rsquo;exploration des nappes phr\u00e9atiques avec listes optionnelles.\u00a0Est un appareil multi-syst\u00e8mes de d\u00e9tection avec plusieurs fonctions, il donne \u00e0 l&rsquo;explorateur des r\u00e9sultats tr\u00e8s pr\u00e9cis sur l&rsquo;eau souterraine avec la localisation des points de forage pour l&rsquo;eau et la profondeur \u00e9galement, pris en charge par des syst\u00e8mes d&rsquo;exploitation intelligents, ce qui donne \u00e0 l&rsquo;utilisateur un contr\u00f4le complet et rapide dans tous les param\u00e8tres des programmes de l&rsquo;appareil et de mani\u00e8re transparente.<\/p>\n<ul>\n<li>WF 202 PRO+ \u00bb Travaille sur des techniques scientifiques de caract\u00e8re \u00e9lectronique sp\u00e9cial et par des logiciels d\u00e9velopp\u00e9s et uniques.<\/li>\n<li>Syst\u00e8mes de d\u00e9tection et d&rsquo;exploration multiples avec les derni\u00e8res techniques avanc\u00e9es et sophistiqu\u00e9es pour d\u00e9tecter et localiser l&rsquo;eau.<\/li>\n<li>Niveaux de haute technologie pour la d\u00e9tection des eaux souterraines.<\/li>\n<li>Des fr\u00e9quences d&rsquo;ondes de haute pr\u00e9cision et performantes, capables de p\u00e9n\u00e9trer dans le sous-sol jusqu&rsquo;\u00e0 une profondeur de 450 m\u00e8tres, et la capacit\u00e9 de d\u00e9tecter la distance frontale et de se propager jusqu&rsquo;\u00e0 2 km.<\/li>\n<li>L&rsquo;interface de param\u00e8tres intelligents vous offre un contr\u00f4le flexible et rapide de toutes les fonctions et programmes en toute simplicit\u00e9.<\/li>\n<li>Syst\u00e8me de r\u00e9glage automatique (ATS) Invention sp\u00e9ciale et nouvelle, enregistr\u00e9e en faveur de MWF GROUP, ce syst\u00e8me fournit des r\u00e9sultats pr\u00e9cis et certains dans tous les types de sols et de terrains, car le syst\u00e8me reconna\u00eet automatiquement le sol, accorde au processus de recherche un r\u00e9glage automatique proportionn\u00e9 \u00e0 la type de sol et propri\u00e9t\u00e9s du sol, Avec l&rsquo;abolition de tout chevauchement de rayonnement r\u00e9sultant de l&rsquo;effet de territoire rocheux et montagneux, qui peut affecter beaucoup d&rsquo;autres d\u00e9tecteurs, mais ce syst\u00e8me intelligent, peut trier et analyser et fournir les niveaux n\u00e9cessaires qui se rapportent de signal de fr\u00e9quence, tension et longueur d&rsquo;onde du signal qui donne des r\u00e9sultats exempts de toute erreur.<\/li>\n<li>L&rsquo;\u00e9cran couleur TFT 3,2 pouces HD offre \u00e0 l&rsquo;utilisateur une vision claire de jour comme de nuit.<\/li>\n<\/ul>\n<\/div>\n<div class=\"col-md-6 col-ms-12 \">\n<p><img loading=\"lazy\" decoding=\"async\" class=\"tab-image\" src=\"https:\/\/mwf-metaldetectors.com\/wp-content\/uploads\/2022\/01\/big-main-image.jpg.webp\" width=\"497\" height=\"696\" \/><\/p>\n<\/div>\n<\/div>\n<div>\n<div class=\"col-md-12 col-ms-12\">\n<ul>\n<li>Contr\u00f4lez le niveau de luminosit\u00e9 de l&rsquo;\u00e9cran, ce qui vous donne un \u00e9clairage ad\u00e9quat pour le jour ou la nuit, et r\u00e9duisez \u00e9galement le niveau d&rsquo;\u00e9clairage pour \u00e9conomiser de l&rsquo;\u00e9nergie.<\/li>\n<li>Cinq niveaux de son vous offrent un contr\u00f4le ad\u00e9quat de la sortie sonore et signalent les sons des r\u00e9sultats de la recherche.<\/li>\n<li>Pour la premi\u00e8re fois \u00e0 l&rsquo;\u00e9chelle mondiale dans les appareils de d\u00e9tection et d&rsquo;exploration exclusivement au groupe MWF, l&rsquo;appareil est pris en charge avec des syst\u00e8mes d&rsquo;exploitation et de d\u00e9tection intelligents, des interfaces intelligentes, un syst\u00e8me d&rsquo;\u00e9conomie d&rsquo;\u00e9nergie, un syst\u00e8me de charge intelligent, multilingue et m\u00e9morise la langue de l&rsquo;appareil, enregistre les param\u00e8tres, contr\u00f4le intelligent, Technologie Bluetooth et r\u00e9initialisation d&rsquo;usine.<\/li>\n<li>Fonction intelligente de batterie et de charge, qui donne \u00e0 l&rsquo;utilisateur un suivi pr\u00e9cis du niveau de la batterie et des avis sur le niveau de la batterie et des alertes avant l&rsquo;entr\u00e9e en vigueur de l&rsquo;alimentation, avec des syst\u00e8mes de charge intelligents qui permettent \u00e0 l&rsquo;utilisateur de suivre \u00e9galement la charge de la batterie lorsque l&rsquo;appareil est allum\u00e9 ou \u00e9teint , et pour conna\u00eetre le niveau de charge ajout\u00e9, le tout en temps r\u00e9el.<\/li>\n<li>L&rsquo;appareil et les accessoires se caract\u00e9risent par une petite taille, ce qui permet un mouvement rapide avec des commandes de communication sans fil et est soumis au d\u00e9montage et \u00e0 l&rsquo;assemblage de toutes les unit\u00e9s et syst\u00e8mes attach\u00e9s.<\/li>\n<li>Syst\u00e8me de connexion sans fil, pour se connecter aux syst\u00e8mes de recherche d&rsquo;accompagnement, qui envoie des commandes sans fil au syst\u00e8me de recherche qu&rsquo;il doit explorer et modifier ses param\u00e8tres \u00e0 distance, sans avoir besoin de connecter les fils et d&rsquo;autres choses qui peuvent entraver et retarder le processus de recherche et r\u00e9sultats.<\/li>\n<li>L\u00e9ger, ce qui aide l&rsquo;utilisateur \u00e0 travailler sans effort ni fatigue.<\/li>\n<\/ul>\n<\/div>\n<\/div>\n<\/div>\n","protected":false},"excerpt":{"rendered":"<div class=\"row bg-transparent text-center mt-0 \">\n<div class=\"col\">\n<div class=\"row bg-transparent text-center mt-0 \">\n<div class=\"col\">\n<p class=\" mb-3\"><img loading=\"lazy\" decoding=\"async\" class=\"mt-3\" role=\"img\" src=\"https:\/\/mwf-metaldetectors.com\/wp-content\/uploads\/2021\/12\/battary-01-1.svg\" width=\"40\" height=\"40\" \/><\/p>\n<h6 class=\"text-white mb-0\">La batterie<\/h6>\n<p class=\"text-white-50 mb-0\">15 heures de travail<\/p>\n<\/div>\n<div class=\"col\">\n<p class=\" mb-3\"><img loading=\"lazy\" decoding=\"async\" class=\"mt-3\" role=\"img\" src=\"https:\/\/mwf-metaldetectors.com\/wp-content\/uploads\/2022\/01\/screen33-01.svg\" width=\"40\" height=\"40\" \/><\/p>\n<h6 class=\"text-white mb-0\">Filtrer<\/h6>\n<p class=\"text-white-50 mb-0\">LCD 3,2&Prime; color\u00e9 (TFT)<\/p>\n<\/div>\n<div class=\"col\">\n<p class=\" mb-3\"><img loading=\"lazy\" decoding=\"async\" class=\"mt-3\" role=\"img\" src=\"https:\/\/mwf-metaldetectors.com\/wp-content\/uploads\/2021\/12\/Devices-01.svg\" width=\"40\" height=\"40\" \/><\/p>\n<h6 class=\"text-white mb-0\">Syst\u00e8me d&rsquo;appareils<\/h6>\n<p class=\"text-white-50 mb-0\">(LRL) Traqueur portatif et de ligne<\/p>\n<\/div>\n<\/div>\n<div class=\"row bg-transparent text-center \">\n<div class=\"col\">\n<p class=\" mb-3\"><img loading=\"lazy\" decoding=\"async\" class=\"mt-3\" role=\"img\" src=\"https:\/\/mwf-metaldetectors.com\/wp-content\/uploads\/2022\/01\/MOKABIRA33-01.svg\" width=\"40\" height=\"40\" \/><\/p>\n<h6 class=\"text-white mb-0\">Discrimination entre cibles<\/h6>\n<p class=\"text-white-50 mb-0\">Oui (Par option)<\/p>\n<\/div>\n<div class=\"col\">\n<p class=\" mb-3\"><img loading=\"lazy\" decoding=\"async\" class=\"mt-3\" role=\"img\" src=\"https:\/\/mwf-metaldetectors.com\/wp-content\/uploads\/2021\/12\/layar-01.svg\" width=\"40\" height=\"40\" \/><\/p>\n<h6 class=\"text-white mb-0\">Profondeur<\/h6>\n<p class=\"text-white-50 mb-0\">De 0 \u00e0 450m<\/p>\n<\/div>\n<div class=\"col\">\n<p class=\" mb-3\"><img loading=\"lazy\" decoding=\"async\" class=\"mt-3\" role=\"img\" src=\"https:\/\/mwf-metaldetectors.com\/wp-content\/uploads\/2021\/12\/Betwen-01.svg\" width=\"40\" height=\"40\" \/><\/p>\n<h6 class=\"text-white mb-0\">Distance<\/h6>\n<p class=\"text-white-50 mb-0\">De 0 \u00e0 2000m<\/p>\n<\/div>\n<\/div>\n<\/div>\n<\/div>\n","protected":false},"featured_media":26841,"comment_status":"open","ping_status":"closed","template":"","meta":{"_acf_changed":false,"rs_blank_template":"","rs_page_bg_color":"","slide_template_v7":"","_joinchat":[]},"product_brand":[],"product_cat":[343,335,345,350],"product_tag":[369,370,371,372],"class_list":{"0":"post-29035","1":"product","2":"type-product","3":"status-publish","4":"has-post-thumbnail","6":"product_cat-water-detectors-fr","7":"product_cat-products-fr","8":"product_cat-acoustic-detection-systems-fr","9":"product_cat-long-range-locator-systems-fr","10":"product_tag-groundwater-detector-fr","11":"product_tag-water-finder-fr","12":"product_tag-water-locator-fr","13":"product_tag-wf-202-pro-fr","14":"product_shipping_class-free-shipping","15":"product_shipping_class-free-shipping-fr","17":"first","18":"instock","19":"shipping-taxable","20":"purchasable","21":"product-type-simple"},"acf":[],"yoast_head":"<!-- This site is optimized with the Yoast SEO plugin v27.6 - https:\/\/yoast.com\/product\/yoast-seo-wordpress\/ -->\n<title>WF 202 PRO + Groundwater Detector - Water Detection - Water Finer -<\/title>\n<meta name=\"description\" content=\"Groundwater Detector With 2 Water detection systems which has been updated and developed entirely, Water Search Depth 450m, Distance 2km\" \/>\n<meta name=\"robots\" content=\"index, follow, max-snippet:-1, max-image-preview:large, max-video-preview:-1\" \/>\n<link rel=\"canonical\" href=\"https:\/\/mwf-metaldetectors.com\/fr\/produit\/wf-202-pro\/\" \/>\n<meta property=\"og:locale\" content=\"fr_FR\" \/>\n<meta property=\"og:type\" content=\"article\" \/>\n<meta property=\"og:title\" content=\"WF 202 PRO + Groundwater Detector - Water Detection - Water Finer -\" \/>\n<meta property=\"og:description\" content=\"Groundwater Detector With 2 Water detection systems which has been updated and developed entirely, Water Search Depth 450m, Distance 2km\" \/>\n<meta property=\"og:url\" content=\"https:\/\/mwf-metaldetectors.com\/fr\/produit\/wf-202-pro\/\" \/>\n<meta property=\"og:site_name\" content=\"MWF Metal Detectors | Gold Detectors | Gems, Water, Treasures Locator\" \/>\n<meta property=\"article:publisher\" content=\"https:\/\/www.facebook.com\/mwfdetector\/\" \/>\n<meta property=\"article:modified_time\" content=\"2023-03-13T15:10:06+00:00\" \/>\n<meta property=\"og:image\" content=\"https:\/\/mwf-metaldetectors.com\/wp-content\/uploads\/2021\/12\/main-image4-2.jpg\" \/>\n\t<meta property=\"og:image:width\" content=\"1000\" \/>\n\t<meta property=\"og:image:height\" content=\"993\" \/>\n\t<meta property=\"og:image:type\" content=\"image\/jpeg\" \/>\n<meta name=\"twitter:card\" content=\"summary_large_image\" \/>\n<meta name=\"twitter:site\" content=\"@mwfdetectors\" \/>\n<meta name=\"twitter:label1\" content=\"Dur\u00e9e de lecture estim\u00e9e\" \/>\n\t<meta name=\"twitter:data1\" content=\"4 minutes\" \/>\n<script type=\"application\/ld+json\" class=\"yoast-schema-graph\">{\"@context\":\"https:\\\/\\\/schema.org\",\"@graph\":[{\"@type\":\"WebPage\",\"@id\":\"https:\\\/\\\/mwf-metaldetectors.com\\\/fr\\\/produit\\\/wf-202-pro\\\/\",\"url\":\"https:\\\/\\\/mwf-metaldetectors.com\\\/fr\\\/produit\\\/wf-202-pro\\\/\",\"name\":\"WF 202 PRO + Groundwater Detector - Water Detection - Water Finer -\",\"isPartOf\":{\"@id\":\"https:\\\/\\\/mwf-metaldetectors.com\\\/fr\\\/#website\"},\"primaryImageOfPage\":{\"@id\":\"https:\\\/\\\/mwf-metaldetectors.com\\\/fr\\\/produit\\\/wf-202-pro\\\/#primaryimage\"},\"image\":{\"@id\":\"https:\\\/\\\/mwf-metaldetectors.com\\\/fr\\\/produit\\\/wf-202-pro\\\/#primaryimage\"},\"thumbnailUrl\":\"https:\\\/\\\/mwf-metaldetectors.com\\\/wp-content\\\/uploads\\\/2021\\\/12\\\/main-image4-2.jpg\",\"datePublished\":\"2021-12-16T12:22:50+00:00\",\"dateModified\":\"2023-03-13T15:10:06+00:00\",\"description\":\"Groundwater Detector With 2 Water detection systems which has been updated and developed entirely, Water Search Depth 450m, Distance 2km\",\"breadcrumb\":{\"@id\":\"https:\\\/\\\/mwf-metaldetectors.com\\\/fr\\\/produit\\\/wf-202-pro\\\/#breadcrumb\"},\"inLanguage\":\"fr-FR\",\"potentialAction\":[{\"@type\":\"ReadAction\",\"target\":[\"https:\\\/\\\/mwf-metaldetectors.com\\\/fr\\\/produit\\\/wf-202-pro\\\/\"]}]},{\"@type\":\"ImageObject\",\"inLanguage\":\"fr-FR\",\"@id\":\"https:\\\/\\\/mwf-metaldetectors.com\\\/fr\\\/produit\\\/wf-202-pro\\\/#primaryimage\",\"url\":\"https:\\\/\\\/mwf-metaldetectors.com\\\/wp-content\\\/uploads\\\/2021\\\/12\\\/main-image4-2.jpg\",\"contentUrl\":\"https:\\\/\\\/mwf-metaldetectors.com\\\/wp-content\\\/uploads\\\/2021\\\/12\\\/main-image4-2.jpg\",\"width\":1000,\"height\":993},{\"@type\":\"BreadcrumbList\",\"@id\":\"https:\\\/\\\/mwf-metaldetectors.com\\\/fr\\\/produit\\\/wf-202-pro\\\/#breadcrumb\",\"itemListElement\":[{\"@type\":\"ListItem\",\"position\":1,\"name\":\"\u062c\u0645\u064a\u0639 \u0627\u0644\u0627\u062c\u0647\u0632\u0629 \u0648 \u0627\u0644\u0627\u0643\u0633\u0633\u0648\u0627\u0631\u0627\u062a\",\"item\":\"https:\\\/\\\/mwf-metaldetectors.com\\\/ar\\\/shop-2\\\/\"},{\"@type\":\"ListItem\",\"position\":2,\"name\":\"WF 202 PRO +\"}]},{\"@type\":\"WebSite\",\"@id\":\"https:\\\/\\\/mwf-metaldetectors.com\\\/fr\\\/#website\",\"url\":\"https:\\\/\\\/mwf-metaldetectors.com\\\/fr\\\/\",\"name\":\"MWF Detectors\",\"description\":\"MWF Group of Companies and Factories, specializing in the manufacture and trade of metal detectors.\",\"publisher\":{\"@id\":\"https:\\\/\\\/mwf-metaldetectors.com\\\/fr\\\/#organization\"},\"alternateName\":\"MWF Metal And Gold And Water Detectors\",\"potentialAction\":[{\"@type\":\"SearchAction\",\"target\":{\"@type\":\"EntryPoint\",\"urlTemplate\":\"https:\\\/\\\/mwf-metaldetectors.com\\\/fr\\\/?s={search_term_string}\"},\"query-input\":{\"@type\":\"PropertyValueSpecification\",\"valueRequired\":true,\"valueName\":\"search_term_string\"}}],\"inLanguage\":\"fr-FR\"},{\"@type\":\"Organization\",\"@id\":\"https:\\\/\\\/mwf-metaldetectors.com\\\/fr\\\/#organization\",\"name\":\"MWF Detector\",\"alternateName\":\"MWF Group of Companies and Factories, specializing in the manufacture and trade of metal detectors.\",\"url\":\"https:\\\/\\\/mwf-metaldetectors.com\\\/fr\\\/\",\"logo\":{\"@type\":\"ImageObject\",\"inLanguage\":\"fr-FR\",\"@id\":\"https:\\\/\\\/mwf-metaldetectors.com\\\/fr\\\/#\\\/schema\\\/logo\\\/image\\\/\",\"url\":\"https:\\\/\\\/mwf-metaldetectors.com\\\/wp-content\\\/uploads\\\/2023\\\/06\\\/cropped-logodf1-copy.png\",\"contentUrl\":\"https:\\\/\\\/mwf-metaldetectors.com\\\/wp-content\\\/uploads\\\/2023\\\/06\\\/cropped-logodf1-copy.png\",\"width\":512,\"height\":512,\"caption\":\"MWF Detector\"},\"image\":{\"@id\":\"https:\\\/\\\/mwf-metaldetectors.com\\\/fr\\\/#\\\/schema\\\/logo\\\/image\\\/\"},\"sameAs\":[\"https:\\\/\\\/www.facebook.com\\\/mwfdetector\\\/\",\"https:\\\/\\\/x.com\\\/mwfdetectors\",\"https:\\\/\\\/www.youtube.com\\\/user\\\/MWFDETECTORS\"]}]}<\/script>\n<!-- \/ Yoast SEO plugin. -->","yoast_head_json":{"title":"WF 202 PRO + Groundwater Detector - Water Detection - Water Finer -","description":"Groundwater Detector With 2 Water detection systems which has been updated and developed entirely, Water Search Depth 450m, Distance 2km","robots":{"index":"index","follow":"follow","max-snippet":"max-snippet:-1","max-image-preview":"max-image-preview:large","max-video-preview":"max-video-preview:-1"},"canonical":"https:\/\/mwf-metaldetectors.com\/fr\/produit\/wf-202-pro\/","og_locale":"fr_FR","og_type":"article","og_title":"WF 202 PRO + Groundwater Detector - Water Detection - Water Finer -","og_description":"Groundwater Detector With 2 Water detection systems which has been updated and developed entirely, Water Search Depth 450m, Distance 2km","og_url":"https:\/\/mwf-metaldetectors.com\/fr\/produit\/wf-202-pro\/","og_site_name":"MWF Metal Detectors | Gold Detectors | Gems, Water, Treasures Locator","article_publisher":"https:\/\/www.facebook.com\/mwfdetector\/","article_modified_time":"2023-03-13T15:10:06+00:00","og_image":[{"width":1000,"height":993,"url":"https:\/\/mwf-metaldetectors.com\/wp-content\/uploads\/2021\/12\/main-image4-2.jpg","type":"image\/jpeg"}],"twitter_card":"summary_large_image","twitter_site":"@mwfdetectors","twitter_misc":{"Dur\u00e9e de lecture estim\u00e9e":"4 minutes"},"schema":{"@context":"https:\/\/schema.org","@graph":[{"@type":"WebPage","@id":"https:\/\/mwf-metaldetectors.com\/fr\/produit\/wf-202-pro\/","url":"https:\/\/mwf-metaldetectors.com\/fr\/produit\/wf-202-pro\/","name":"WF 202 PRO + Groundwater Detector - Water Detection - Water Finer -","isPartOf":{"@id":"https:\/\/mwf-metaldetectors.com\/fr\/#website"},"primaryImageOfPage":{"@id":"https:\/\/mwf-metaldetectors.com\/fr\/produit\/wf-202-pro\/#primaryimage"},"image":{"@id":"https:\/\/mwf-metaldetectors.com\/fr\/produit\/wf-202-pro\/#primaryimage"},"thumbnailUrl":"https:\/\/mwf-metaldetectors.com\/wp-content\/uploads\/2021\/12\/main-image4-2.jpg","datePublished":"2021-12-16T12:22:50+00:00","dateModified":"2023-03-13T15:10:06+00:00","description":"Groundwater Detector With 2 Water detection systems which has been updated and developed entirely, Water Search Depth 450m, Distance 2km","breadcrumb":{"@id":"https:\/\/mwf-metaldetectors.com\/fr\/produit\/wf-202-pro\/#breadcrumb"},"inLanguage":"fr-FR","potentialAction":[{"@type":"ReadAction","target":["https:\/\/mwf-metaldetectors.com\/fr\/produit\/wf-202-pro\/"]}]},{"@type":"ImageObject","inLanguage":"fr-FR","@id":"https:\/\/mwf-metaldetectors.com\/fr\/produit\/wf-202-pro\/#primaryimage","url":"https:\/\/mwf-metaldetectors.com\/wp-content\/uploads\/2021\/12\/main-image4-2.jpg","contentUrl":"https:\/\/mwf-metaldetectors.com\/wp-content\/uploads\/2021\/12\/main-image4-2.jpg","width":1000,"height":993},{"@type":"BreadcrumbList","@id":"https:\/\/mwf-metaldetectors.com\/fr\/produit\/wf-202-pro\/#breadcrumb","itemListElement":[{"@type":"ListItem","position":1,"name":"\u062c\u0645\u064a\u0639 \u0627\u0644\u0627\u062c\u0647\u0632\u0629 \u0648 \u0627\u0644\u0627\u0643\u0633\u0633\u0648\u0627\u0631\u0627\u062a","item":"https:\/\/mwf-metaldetectors.com\/ar\/shop-2\/"},{"@type":"ListItem","position":2,"name":"WF 202 PRO +"}]},{"@type":"WebSite","@id":"https:\/\/mwf-metaldetectors.com\/fr\/#website","url":"https:\/\/mwf-metaldetectors.com\/fr\/","name":"MWF Detectors","description":"MWF Group of Companies and Factories, specializing in the manufacture and trade of metal detectors.","publisher":{"@id":"https:\/\/mwf-metaldetectors.com\/fr\/#organization"},"alternateName":"MWF Metal And Gold And Water Detectors","potentialAction":[{"@type":"SearchAction","target":{"@type":"EntryPoint","urlTemplate":"https:\/\/mwf-metaldetectors.com\/fr\/?s={search_term_string}"},"query-input":{"@type":"PropertyValueSpecification","valueRequired":true,"valueName":"search_term_string"}}],"inLanguage":"fr-FR"},{"@type":"Organization","@id":"https:\/\/mwf-metaldetectors.com\/fr\/#organization","name":"MWF Detector","alternateName":"MWF Group of Companies and Factories, specializing in the manufacture and trade of metal detectors.","url":"https:\/\/mwf-metaldetectors.com\/fr\/","logo":{"@type":"ImageObject","inLanguage":"fr-FR","@id":"https:\/\/mwf-metaldetectors.com\/fr\/#\/schema\/logo\/image\/","url":"https:\/\/mwf-metaldetectors.com\/wp-content\/uploads\/2023\/06\/cropped-logodf1-copy.png","contentUrl":"https:\/\/mwf-metaldetectors.com\/wp-content\/uploads\/2023\/06\/cropped-logodf1-copy.png","width":512,"height":512,"caption":"MWF Detector"},"image":{"@id":"https:\/\/mwf-metaldetectors.com\/fr\/#\/schema\/logo\/image\/"},"sameAs":["https:\/\/www.facebook.com\/mwfdetector\/","https:\/\/x.com\/mwfdetectors","https:\/\/www.youtube.com\/user\/MWFDETECTORS"]}]}},"_links":{"self":[{"href":"https:\/\/mwf-metaldetectors.com\/fr\/wp-json\/wp\/v2\/product\/29035","targetHints":{"allow":["GET"]}}],"collection":[{"href":"https:\/\/mwf-metaldetectors.com\/fr\/wp-json\/wp\/v2\/product"}],"about":[{"href":"https:\/\/mwf-metaldetectors.com\/fr\/wp-json\/wp\/v2\/types\/product"}],"replies":[{"embeddable":true,"href":"https:\/\/mwf-metaldetectors.com\/fr\/wp-json\/wp\/v2\/comments?post=29035"}],"wp:featuredmedia":[{"embeddable":true,"href":"https:\/\/mwf-metaldetectors.com\/fr\/wp-json\/wp\/v2\/media\/26841"}],"wp:attachment":[{"href":"https:\/\/mwf-metaldetectors.com\/fr\/wp-json\/wp\/v2\/media?parent=29035"}],"wp:term":[{"taxonomy":"product_brand","embeddable":true,"href":"https:\/\/mwf-metaldetectors.com\/fr\/wp-json\/wp\/v2\/product_brand?post=29035"},{"taxonomy":"product_cat","embeddable":true,"href":"https:\/\/mwf-metaldetectors.com\/fr\/wp-json\/wp\/v2\/product_cat?post=29035"},{"taxonomy":"product_tag","embeddable":true,"href":"https:\/\/mwf-metaldetectors.com\/fr\/wp-json\/wp\/v2\/product_tag?post=29035"}],"curies":[{"name":"wp","href":"https:\/\/api.w.org\/{rel}","templated":true}]}}