{"id":29027,"date":"2021-12-17T08:33:09","date_gmt":"2021-12-17T08:33:09","guid":{"rendered":"https:\/\/mwf-metaldetectors.com\/product\/aqua\/"},"modified":"2026-03-30T01:06:22","modified_gmt":"2026-03-30T01:06:22","slug":"aqua","status":"publish","type":"product","link":"https:\/\/mwf-metaldetectors.com\/fr\/produit\/aqua\/","title":{"rendered":"D\u00e9tecteur d\u2019eau souterraine AQUA &#8211; Localisateur d\u2019eau \u00e0 longue port\u00e9e"},"content":{"rendered":"<div class=\"container\">\n<div class=\"row \">\n<div class=\"col-md-6 col-ms-6 my-4 \"><span style=\"color: #1b1919; font-size: 18px;\">Le d\u00e9tecteur d\u2019eau souterraine AQUA fonctionne avec ce dispositif par syst\u00e8me de d\u00e9tection \u00e0 longue distance (LDS), le avanc\u00e9 et int\u00e9gr\u00e9 avec des syst\u00e8mes d\u2019identification acoustique pour localiser le chemin et le centre du point de l\u2019eau.<\/span><\/div>\n<\/div>\n<div class=\"row\">\n<blockquote><p>AQUA offre les ondes de fr\u00e9quence \u00e0 haute rigueur qui lui permettent d\u2019identifier et de d\u00e9tecter les eaux souterraines de mani\u00e8re tr\u00e8s m\u00e9ticuleuse o\u00f9 l\u2019appareil peut localiser les cibles \u00e0 une distance de 200 m\u00e8tres et un angle de 360 degr\u00e9s avec une fonction de contr\u00f4le pr\u00e9cise \u00e0 une recherche \u00e0 distance horizontale, o\u00f9 il y a plusieurs niveaux de distance de recherche, l\u2019utilisateur peut ajuster en fonction de ses besoins au balayage horizontal,  la profondeur de recherche dans l\u2019appareil Aqua peut \u00eatre atteinte jusqu\u2019\u00e0 200m sous terre avec la possibilit\u00e9 d\u2019un contr\u00f4le pr\u00e9cis de la profondeur de recherche,<\/p>\n<p>Tout cela gr\u00e2ce \u00e0 l\u2019interface de contr\u00f4le de l\u2019appareil, l\u2019appareil se caract\u00e9rise par sa petite taille et sa facilit\u00e9 d\u2019utilisation, o\u00f9 il peut \u00eatre plac\u00e9 dans la poche et le d\u00e9placer toute la bonne volont\u00e9 et facilement, et n\u2019importe qui peut l\u2019utiliser sans avoir d\u2019exp\u00e9rience ou de grandes connaissances sur les d\u00e9tecteurs.<\/p><\/blockquote>\n<div class=\"row flex-column-reverse flex-lg-row\">\n<div class=\"col-md-6 col-ms-12 \">\n<ul>\n<li style=\"list-style-type: none;\">\n<ul>\n<li>Aqua\u00a0\u00bb sp\u00e9cialiste pour d\u00e9tecter et rechercher les eaux souterraines, avec une tr\u00e8s grande pr\u00e9cision.<\/li>\n<li>Haute qualit\u00e9 et performances pr\u00e9cises, fabrication de ce produit \u00e0 partir des meilleurs \u00e9lastom\u00e8res, composants \u00e9lectroniques et circuits aux normes internationales.<\/li>\n<li>Pris en charge cet appareil avec un panneau de commande simple, avec l\u2019interface fonctionne avec des touches de boutons et des LED, permet \u00e0 l\u2019utilisateur de contr\u00f4ler et de r\u00e9gler l\u2019appareil pour rechercher facilement, le panneau de commande se compose des \u00e9l\u00e9ments suivants&nbsp;:<\/li>\n<\/ul>\n<\/li>\n<\/ul>\n<p>1- Bouton<br \/>\nON\/OFF 2- Bouton<br \/>\nde r\u00e9glage du volume 3- Bouton<br \/>\nde s\u00e9lection du type de cible 4- Bouton<br \/>\nde s\u00e9lection de la plage de profondeur 5- Bouton de s\u00e9lection de la plage de distance<\/p>\n<ul>\n<li>Contr\u00f4le en 5 modes de niveau sonore en plus d\u2019un mode silencieux ou vibromasseur.<\/li>\n<li>Indicateur LED de recherche et de signal, et se compose de trois niveaux.<\/li>\n<li>L\u2019indicateur LED des niveaux de batterie et se compose de 3 niveaux indique le niveau de la batterie.<\/li>\n<li>Interface LED indiquant les modes de recherche s\u00e9lectionn\u00e9s tels que le type de cible, la profondeur et la distance.<\/li>\n<li>Cibles, liste facultative : Eau naturelle \u2013 eau sal\u00e9e \u2013 eau min\u00e9rale et tous types d\u2019eau.<\/li>\n<li>Profondeur de recherche, liste facultative et d\u00e9part de 0 m et jusqu\u2019\u00e0 la profondeur s\u00e9lectionn\u00e9e : 25 m &#8211; 50 m &#8211; 100 m &#8211; 150 m &#8211; 200 m.<\/li>\n<li>Distance de recherche, liste facultative et d\u00e9part \u00e0 partir de 0 m et jusqu\u2019\u00e0 la profondeur s\u00e9lectionn\u00e9e : 25 m &#8211; 50 m &#8211; 100 m &#8211; 150 m &#8211; 200 m.<\/li>\n<li>Facile \u00e0 travailler et \u00e0 utiliser, tout le monde peut l\u2019utiliser.<\/li>\n<li>L\u2019appareil se caract\u00e9rise par sa petite taille, o\u00f9 il peut \u00eatre plac\u00e9 dans la poche et se d\u00e9placer \u00e0 la munificence.<\/li>\n<li>L\u00e9ger, ce qui aide l\u2019utilisateur \u00e0 travailler sans effort ni fatigue.<\/li>\n<\/ul>\n<\/div>\n<div class=\"col-md-6 col-ms-12\">\n<div class=\"tab-image\"><img decoding=\"async\" src=\"https:\/\/mwf-metaldetectors.com\/wp-content\/uploads\/2021\/12\/big-main-image-4.jpg.webp\" alt=\"1200\"><\/div>\n<\/div>\n<\/div>\n<\/div>\n<\/div>\n","protected":false},"excerpt":{"rendered":"<div class=\"row bg-transparent text-center mt-0 \">\n<div class=\"col\">\n<p class=\" mb-3\"><img loading=\"lazy\" decoding=\"async\" class=\"mt-3\" role=\"img\" src=\"https:\/\/mwf-metaldetectors.com\/wp-content\/uploads\/2021\/12\/battary-01-1.svg\" width=\"40\" height=\"40\"><\/p>\n<h6 class=\"text-white mb-0\">Pile<\/h6>\n<p class=\"text-white-50 mb-0\">32 Heures de travail<\/p>\n<\/div>\n<div class=\"col\">\n<p class=\" mb-3\"><img loading=\"lazy\" decoding=\"async\" class=\"mt-3\" role=\"img\" src=\"https:\/\/mwf-metaldetectors.com\/wp-content\/uploads\/2022\/01\/screen33-01.svg\" width=\"40\" height=\"40\"><\/p>\n<h6 class=\"text-white mb-0\">\u00c9cran<\/h6>\n<p class=\"text-white-50 mb-0\">LED Interface<\/p>\n<\/div>\n<div class=\"col\">\n<p class=\" mb-3\"><img loading=\"lazy\" decoding=\"async\" class=\"mt-3\" role=\"img\" src=\"https:\/\/mwf-metaldetectors.com\/wp-content\/uploads\/2021\/12\/Devices-01.svg\" width=\"40\" height=\"40\"><\/p>\n<h6 class=\"text-white mb-0\">Syst\u00e8me d\u2019appareil<\/h6>\n<p class=\"text-white-50 mb-0\">Localisateur \u00e0 longue port\u00e9e (LRL)<\/p>\n<\/div>\n<\/div>\n<div class=\"row bg-transparent text-center \">\n<div class=\"col\">\n<p class=\" mb-3\"><img loading=\"lazy\" decoding=\"async\" class=\"mt-3\" role=\"img\" src=\"https:\/\/mwf-metaldetectors.com\/wp-content\/uploads\/2022\/01\/MOKABIRA33-01.svg\" width=\"40\" height=\"40\"><\/p>\n<h6 class=\"text-white mb-0\">Discrimination entre les cibles<\/h6>\n<p class=\"text-white-50 mb-0\">Oui (par option)<\/p>\n<\/div>\n<div class=\"col\">\n<p class=\" mb-3\"><img loading=\"lazy\" decoding=\"async\" class=\"mt-3\" role=\"img\" src=\"https:\/\/mwf-metaldetectors.com\/wp-content\/uploads\/2021\/12\/layar-01.svg\" width=\"40\" height=\"40\"><\/p>\n<h6 class=\"text-white mb-0\">Profondeur<\/h6>\n<p class=\"text-white-50 mb-0\">De 0 \u00e0 200m<\/p>\n<\/div>\n<div class=\"col\">\n<p class=\" mb-3\"><img loading=\"lazy\" decoding=\"async\" class=\"mt-3\" role=\"img\" src=\"https:\/\/mwf-metaldetectors.com\/wp-content\/uploads\/2021\/12\/Betwen-01.svg\" width=\"40\" height=\"40\"><\/p>\n<h6 class=\"text-white mb-0\">Distance<\/h6>\n<p class=\"text-white-50 mb-0\">De 0 \u00e0 200m<\/p>\n<\/div>\n<\/div>\n","protected":false},"featured_media":54313,"comment_status":"open","ping_status":"closed","template":"","meta":{"_acf_changed":false,"rs_blank_template":"","rs_page_bg_color":"","slide_template_v7":"","_joinchat":[]},"product_brand":[],"product_cat":[343,350],"product_tag":[],"class_list":{"0":"post-29027","1":"product","2":"type-product","3":"status-publish","4":"has-post-thumbnail","6":"product_cat-water-detectors-fr","7":"product_cat-long-range-locator-systems-fr","8":"product_shipping_class-free-shipping-fr","10":"first","11":"instock","12":"sale","13":"featured","14":"shipping-taxable","15":"purchasable","16":"product-type-simple"},"acf":[],"yoast_head":"<!-- This site is optimized with the Yoast SEO plugin v27.6 - https:\/\/yoast.com\/product\/yoast-seo-wordpress\/ -->\n<title>D\u00e9tecteur d\u2019eau souterraine AQUA - Localisateur d\u2019eau \u00e0 longue port\u00e9e<\/title>\n<meta name=\"description\" content=\"D\u00e9couvrez AQUA, le d\u00e9tecteur d\u2019eau souterraine compact dot\u00e9 d\u2019une d\u00e9tection avanc\u00e9e \u00e0 longue port\u00e9e pour localiser des sources d\u2019eau jusqu\u2019\u00e0 200 m.\" \/>\n<meta name=\"robots\" content=\"index, follow, max-snippet:-1, max-image-preview:large, max-video-preview:-1\" \/>\n<link rel=\"canonical\" href=\"https:\/\/mwf-metaldetectors.com\/fr\/produit\/aqua\/\" \/>\n<meta property=\"og:locale\" content=\"fr_FR\" \/>\n<meta property=\"og:type\" content=\"article\" \/>\n<meta property=\"og:title\" content=\"D\u00e9tecteur d\u2019eau souterraine AQUA - Localisateur d\u2019eau \u00e0 longue port\u00e9e\" \/>\n<meta property=\"og:description\" content=\"D\u00e9couvrez AQUA, le d\u00e9tecteur d\u2019eau souterraine compact dot\u00e9 d\u2019une d\u00e9tection avanc\u00e9e \u00e0 longue port\u00e9e pour localiser des sources d\u2019eau jusqu\u2019\u00e0 200 m.\" \/>\n<meta property=\"og:url\" content=\"https:\/\/mwf-metaldetectors.com\/fr\/produit\/aqua\/\" \/>\n<meta property=\"og:site_name\" content=\"MWF Metal Detectors | Gold Detectors | Gems, Water, Treasures Locator\" \/>\n<meta property=\"article:publisher\" content=\"https:\/\/www.facebook.com\/mwfdetector\/\" \/>\n<meta property=\"article:modified_time\" content=\"2026-03-30T01:06:22+00:00\" \/>\n<meta property=\"og:image\" content=\"https:\/\/mwf-metaldetectors.com\/wp-content\/uploads\/2021\/12\/main-image4-7.jpg\" \/>\n\t<meta property=\"og:image:width\" content=\"1000\" \/>\n\t<meta property=\"og:image:height\" content=\"993\" \/>\n\t<meta property=\"og:image:type\" content=\"image\/jpeg\" \/>\n<meta name=\"twitter:card\" content=\"summary_large_image\" \/>\n<meta name=\"twitter:site\" content=\"@mwfdetectors\" \/>\n<meta name=\"twitter:label1\" content=\"Dur\u00e9e de lecture estim\u00e9e\" \/>\n\t<meta name=\"twitter:data1\" content=\"3 minutes\" \/>\n<script type=\"application\/ld+json\" class=\"yoast-schema-graph\">{\"@context\":\"https:\\\/\\\/schema.org\",\"@graph\":[{\"@type\":\"WebPage\",\"@id\":\"https:\\\/\\\/mwf-metaldetectors.com\\\/fr\\\/produit\\\/aqua\\\/\",\"url\":\"https:\\\/\\\/mwf-metaldetectors.com\\\/fr\\\/produit\\\/aqua\\\/\",\"name\":\"D\u00e9tecteur d\u2019eau souterraine AQUA - Localisateur d\u2019eau \u00e0 longue port\u00e9e\",\"isPartOf\":{\"@id\":\"https:\\\/\\\/mwf-metaldetectors.com\\\/fr\\\/#website\"},\"primaryImageOfPage\":{\"@id\":\"https:\\\/\\\/mwf-metaldetectors.com\\\/fr\\\/produit\\\/aqua\\\/#primaryimage\"},\"image\":{\"@id\":\"https:\\\/\\\/mwf-metaldetectors.com\\\/fr\\\/produit\\\/aqua\\\/#primaryimage\"},\"thumbnailUrl\":\"https:\\\/\\\/mwf-metaldetectors.com\\\/wp-content\\\/uploads\\\/2021\\\/12\\\/main-image4-7.jpg\",\"datePublished\":\"2021-12-17T08:33:09+00:00\",\"dateModified\":\"2026-03-30T01:06:22+00:00\",\"description\":\"D\u00e9couvrez AQUA, le d\u00e9tecteur d\u2019eau souterraine compact dot\u00e9 d\u2019une d\u00e9tection avanc\u00e9e \u00e0 longue port\u00e9e pour localiser des sources d\u2019eau jusqu\u2019\u00e0 200 m.\",\"breadcrumb\":{\"@id\":\"https:\\\/\\\/mwf-metaldetectors.com\\\/fr\\\/produit\\\/aqua\\\/#breadcrumb\"},\"inLanguage\":\"fr-FR\",\"potentialAction\":[{\"@type\":\"ReadAction\",\"target\":[\"https:\\\/\\\/mwf-metaldetectors.com\\\/fr\\\/produit\\\/aqua\\\/\"]}]},{\"@type\":\"ImageObject\",\"inLanguage\":\"fr-FR\",\"@id\":\"https:\\\/\\\/mwf-metaldetectors.com\\\/fr\\\/produit\\\/aqua\\\/#primaryimage\",\"url\":\"https:\\\/\\\/mwf-metaldetectors.com\\\/wp-content\\\/uploads\\\/2021\\\/12\\\/main-image4-7.jpg\",\"contentUrl\":\"https:\\\/\\\/mwf-metaldetectors.com\\\/wp-content\\\/uploads\\\/2021\\\/12\\\/main-image4-7.jpg\",\"width\":1000,\"height\":993},{\"@type\":\"BreadcrumbList\",\"@id\":\"https:\\\/\\\/mwf-metaldetectors.com\\\/fr\\\/produit\\\/aqua\\\/#breadcrumb\",\"itemListElement\":[{\"@type\":\"ListItem\",\"position\":1,\"name\":\"\u062c\u0645\u064a\u0639 \u0627\u0644\u0627\u062c\u0647\u0632\u0629 \u0648 \u0627\u0644\u0627\u0643\u0633\u0633\u0648\u0627\u0631\u0627\u062a\",\"item\":\"https:\\\/\\\/mwf-metaldetectors.com\\\/ar\\\/shop-2\\\/\"},{\"@type\":\"ListItem\",\"position\":2,\"name\":\"D\u00e9tecteur d\u2019eau souterraine AQUA &#8211; Localisateur d\u2019eau \u00e0 longue port\u00e9e\"}]},{\"@type\":\"WebSite\",\"@id\":\"https:\\\/\\\/mwf-metaldetectors.com\\\/fr\\\/#website\",\"url\":\"https:\\\/\\\/mwf-metaldetectors.com\\\/fr\\\/\",\"name\":\"MWF Detectors\",\"description\":\"MWF Group of Companies and Factories, specializing in the manufacture and trade of metal detectors.\",\"publisher\":{\"@id\":\"https:\\\/\\\/mwf-metaldetectors.com\\\/fr\\\/#organization\"},\"alternateName\":\"MWF Metal And Gold And Water Detectors\",\"potentialAction\":[{\"@type\":\"SearchAction\",\"target\":{\"@type\":\"EntryPoint\",\"urlTemplate\":\"https:\\\/\\\/mwf-metaldetectors.com\\\/fr\\\/?s={search_term_string}\"},\"query-input\":{\"@type\":\"PropertyValueSpecification\",\"valueRequired\":true,\"valueName\":\"search_term_string\"}}],\"inLanguage\":\"fr-FR\"},{\"@type\":\"Organization\",\"@id\":\"https:\\\/\\\/mwf-metaldetectors.com\\\/fr\\\/#organization\",\"name\":\"MWF Detector\",\"alternateName\":\"MWF Group of Companies and Factories, specializing in the manufacture and trade of metal detectors.\",\"url\":\"https:\\\/\\\/mwf-metaldetectors.com\\\/fr\\\/\",\"logo\":{\"@type\":\"ImageObject\",\"inLanguage\":\"fr-FR\",\"@id\":\"https:\\\/\\\/mwf-metaldetectors.com\\\/fr\\\/#\\\/schema\\\/logo\\\/image\\\/\",\"url\":\"https:\\\/\\\/mwf-metaldetectors.com\\\/wp-content\\\/uploads\\\/2023\\\/06\\\/cropped-logodf1-copy.png\",\"contentUrl\":\"https:\\\/\\\/mwf-metaldetectors.com\\\/wp-content\\\/uploads\\\/2023\\\/06\\\/cropped-logodf1-copy.png\",\"width\":512,\"height\":512,\"caption\":\"MWF Detector\"},\"image\":{\"@id\":\"https:\\\/\\\/mwf-metaldetectors.com\\\/fr\\\/#\\\/schema\\\/logo\\\/image\\\/\"},\"sameAs\":[\"https:\\\/\\\/www.facebook.com\\\/mwfdetector\\\/\",\"https:\\\/\\\/x.com\\\/mwfdetectors\",\"https:\\\/\\\/www.youtube.com\\\/user\\\/MWFDETECTORS\"]}]}<\/script>\n<!-- \/ Yoast SEO plugin. -->","yoast_head_json":{"title":"D\u00e9tecteur d\u2019eau souterraine AQUA - Localisateur d\u2019eau \u00e0 longue port\u00e9e","description":"D\u00e9couvrez AQUA, le d\u00e9tecteur d\u2019eau souterraine compact dot\u00e9 d\u2019une d\u00e9tection avanc\u00e9e \u00e0 longue port\u00e9e pour localiser des sources d\u2019eau jusqu\u2019\u00e0 200 m.","robots":{"index":"index","follow":"follow","max-snippet":"max-snippet:-1","max-image-preview":"max-image-preview:large","max-video-preview":"max-video-preview:-1"},"canonical":"https:\/\/mwf-metaldetectors.com\/fr\/produit\/aqua\/","og_locale":"fr_FR","og_type":"article","og_title":"D\u00e9tecteur d\u2019eau souterraine AQUA - Localisateur d\u2019eau \u00e0 longue port\u00e9e","og_description":"D\u00e9couvrez AQUA, le d\u00e9tecteur d\u2019eau souterraine compact dot\u00e9 d\u2019une d\u00e9tection avanc\u00e9e \u00e0 longue port\u00e9e pour localiser des sources d\u2019eau jusqu\u2019\u00e0 200 m.","og_url":"https:\/\/mwf-metaldetectors.com\/fr\/produit\/aqua\/","og_site_name":"MWF Metal Detectors | Gold Detectors | Gems, Water, Treasures Locator","article_publisher":"https:\/\/www.facebook.com\/mwfdetector\/","article_modified_time":"2026-03-30T01:06:22+00:00","og_image":[{"width":1000,"height":993,"url":"https:\/\/mwf-metaldetectors.com\/wp-content\/uploads\/2021\/12\/main-image4-7.jpg","type":"image\/jpeg"}],"twitter_card":"summary_large_image","twitter_site":"@mwfdetectors","twitter_misc":{"Dur\u00e9e de lecture estim\u00e9e":"3 minutes"},"schema":{"@context":"https:\/\/schema.org","@graph":[{"@type":"WebPage","@id":"https:\/\/mwf-metaldetectors.com\/fr\/produit\/aqua\/","url":"https:\/\/mwf-metaldetectors.com\/fr\/produit\/aqua\/","name":"D\u00e9tecteur d\u2019eau souterraine AQUA - Localisateur d\u2019eau \u00e0 longue port\u00e9e","isPartOf":{"@id":"https:\/\/mwf-metaldetectors.com\/fr\/#website"},"primaryImageOfPage":{"@id":"https:\/\/mwf-metaldetectors.com\/fr\/produit\/aqua\/#primaryimage"},"image":{"@id":"https:\/\/mwf-metaldetectors.com\/fr\/produit\/aqua\/#primaryimage"},"thumbnailUrl":"https:\/\/mwf-metaldetectors.com\/wp-content\/uploads\/2021\/12\/main-image4-7.jpg","datePublished":"2021-12-17T08:33:09+00:00","dateModified":"2026-03-30T01:06:22+00:00","description":"D\u00e9couvrez AQUA, le d\u00e9tecteur d\u2019eau souterraine compact dot\u00e9 d\u2019une d\u00e9tection avanc\u00e9e \u00e0 longue port\u00e9e pour localiser des sources d\u2019eau jusqu\u2019\u00e0 200 m.","breadcrumb":{"@id":"https:\/\/mwf-metaldetectors.com\/fr\/produit\/aqua\/#breadcrumb"},"inLanguage":"fr-FR","potentialAction":[{"@type":"ReadAction","target":["https:\/\/mwf-metaldetectors.com\/fr\/produit\/aqua\/"]}]},{"@type":"ImageObject","inLanguage":"fr-FR","@id":"https:\/\/mwf-metaldetectors.com\/fr\/produit\/aqua\/#primaryimage","url":"https:\/\/mwf-metaldetectors.com\/wp-content\/uploads\/2021\/12\/main-image4-7.jpg","contentUrl":"https:\/\/mwf-metaldetectors.com\/wp-content\/uploads\/2021\/12\/main-image4-7.jpg","width":1000,"height":993},{"@type":"BreadcrumbList","@id":"https:\/\/mwf-metaldetectors.com\/fr\/produit\/aqua\/#breadcrumb","itemListElement":[{"@type":"ListItem","position":1,"name":"\u062c\u0645\u064a\u0639 \u0627\u0644\u0627\u062c\u0647\u0632\u0629 \u0648 \u0627\u0644\u0627\u0643\u0633\u0633\u0648\u0627\u0631\u0627\u062a","item":"https:\/\/mwf-metaldetectors.com\/ar\/shop-2\/"},{"@type":"ListItem","position":2,"name":"D\u00e9tecteur d\u2019eau souterraine AQUA &#8211; Localisateur d\u2019eau \u00e0 longue port\u00e9e"}]},{"@type":"WebSite","@id":"https:\/\/mwf-metaldetectors.com\/fr\/#website","url":"https:\/\/mwf-metaldetectors.com\/fr\/","name":"MWF Detectors","description":"MWF Group of Companies and Factories, specializing in the manufacture and trade of metal detectors.","publisher":{"@id":"https:\/\/mwf-metaldetectors.com\/fr\/#organization"},"alternateName":"MWF Metal And Gold And Water Detectors","potentialAction":[{"@type":"SearchAction","target":{"@type":"EntryPoint","urlTemplate":"https:\/\/mwf-metaldetectors.com\/fr\/?s={search_term_string}"},"query-input":{"@type":"PropertyValueSpecification","valueRequired":true,"valueName":"search_term_string"}}],"inLanguage":"fr-FR"},{"@type":"Organization","@id":"https:\/\/mwf-metaldetectors.com\/fr\/#organization","name":"MWF Detector","alternateName":"MWF Group of Companies and Factories, specializing in the manufacture and trade of metal detectors.","url":"https:\/\/mwf-metaldetectors.com\/fr\/","logo":{"@type":"ImageObject","inLanguage":"fr-FR","@id":"https:\/\/mwf-metaldetectors.com\/fr\/#\/schema\/logo\/image\/","url":"https:\/\/mwf-metaldetectors.com\/wp-content\/uploads\/2023\/06\/cropped-logodf1-copy.png","contentUrl":"https:\/\/mwf-metaldetectors.com\/wp-content\/uploads\/2023\/06\/cropped-logodf1-copy.png","width":512,"height":512,"caption":"MWF Detector"},"image":{"@id":"https:\/\/mwf-metaldetectors.com\/fr\/#\/schema\/logo\/image\/"},"sameAs":["https:\/\/www.facebook.com\/mwfdetector\/","https:\/\/x.com\/mwfdetectors","https:\/\/www.youtube.com\/user\/MWFDETECTORS"]}]}},"_links":{"self":[{"href":"https:\/\/mwf-metaldetectors.com\/fr\/wp-json\/wp\/v2\/product\/29027","targetHints":{"allow":["GET"]}}],"collection":[{"href":"https:\/\/mwf-metaldetectors.com\/fr\/wp-json\/wp\/v2\/product"}],"about":[{"href":"https:\/\/mwf-metaldetectors.com\/fr\/wp-json\/wp\/v2\/types\/product"}],"replies":[{"embeddable":true,"href":"https:\/\/mwf-metaldetectors.com\/fr\/wp-json\/wp\/v2\/comments?post=29027"}],"wp:featuredmedia":[{"embeddable":true,"href":"https:\/\/mwf-metaldetectors.com\/fr\/wp-json\/wp\/v2\/media\/54313"}],"wp:attachment":[{"href":"https:\/\/mwf-metaldetectors.com\/fr\/wp-json\/wp\/v2\/media?parent=29027"}],"wp:term":[{"taxonomy":"product_brand","embeddable":true,"href":"https:\/\/mwf-metaldetectors.com\/fr\/wp-json\/wp\/v2\/product_brand?post=29027"},{"taxonomy":"product_cat","embeddable":true,"href":"https:\/\/mwf-metaldetectors.com\/fr\/wp-json\/wp\/v2\/product_cat?post=29027"},{"taxonomy":"product_tag","embeddable":true,"href":"https:\/\/mwf-metaldetectors.com\/fr\/wp-json\/wp\/v2\/product_tag?post=29027"}],"curies":[{"name":"wp","href":"https:\/\/api.w.org\/{rel}","templated":true}]}}