{"id":28999,"date":"2021-12-16T12:22:51","date_gmt":"2021-12-16T12:22:51","guid":{"rendered":"https:\/\/mwf-metaldetectors.com\/product\/ground-scope\/"},"modified":"2025-10-18T11:44:49","modified_gmt":"2025-10-18T11:44:49","slug":"ground-scope","status":"publish","type":"product","link":"https:\/\/mwf-metaldetectors.com\/fr\/produit\/ground-scope\/","title":{"rendered":"Port\u00e9e au sol&nbsp;: Syst\u00e8mes d\u2019imagerie au sol 3D D\u00e9tecteur de m\u00e9taux"},"content":{"rendered":"<div class=\"container\">\n<div class=\"row \">\n<div class=\"col-md-6 col-xs-6 my-4 \"><img decoding=\"async\" class=\"tab-image\" src=\"https:\/\/mwf-metaldetectors.com\/wp-content\/uploads\/2021\/12\/gscen-1.png.webp\"><\/div>\n<div class=\"col-md-6 col-xs-6 my-4 \"><img decoding=\"async\" class=\"tab-image\" src=\"https:\/\/mwf-metaldetectors.com\/wp-content\/uploads\/2021\/12\/gscen-2.png.webp\"><\/div>\n<\/div>\n<div class=\"row \">\n<div class=\"col-md-6 col-xs-6 my-4 \"><img decoding=\"async\" class=\"tab-image\" src=\"https:\/\/mwf-metaldetectors.com\/wp-content\/uploads\/2021\/12\/gscen-3.png.webp\"><\/div>\n<div class=\"col-md-6 col-xs-6 my-4 \"><img decoding=\"async\" class=\"tab-image\" src=\"https:\/\/mwf-metaldetectors.com\/wp-content\/uploads\/2021\/12\/gscen-4.png.webp\"><\/div>\n<\/div>\n<div class=\"row \">\n<div class=\"col-md-6 col-xs-6 my-4 \"><img decoding=\"async\" class=\"tab-image\" src=\"https:\/\/mwf-metaldetectors.com\/wp-content\/uploads\/2021\/12\/gscen-5.png.webp\"><\/div>\n<div class=\"col-md-6 col-xs-6 my-4 \"><img decoding=\"async\" class=\"tab-image\" src=\"https:\/\/mwf-metaldetectors.com\/wp-content\/uploads\/2021\/12\/gscen-6.png.webp\"><\/div>\n<\/div>\n<div class=\"row \">\n<div class=\"col-md-6 col-xs-6 my-4 \"><img decoding=\"async\" class=\"tab-image\" src=\"https:\/\/mwf-metaldetectors.com\/wp-content\/uploads\/2021\/12\/gscen-7.png.webp\"><\/div>\n<div class=\"col-md-6 col-xs-6 my-4 \"><img decoding=\"async\" class=\"tab-image\" src=\"https:\/\/mwf-metaldetectors.com\/wp-content\/uploads\/2021\/12\/gscen-8.png.webp\"><\/div>\n<\/div>\n<h3>D\u00e9tecteur de m\u00e9taux d\u2019imagerie au sol 3d\u00a0\u00bb GROUND SCOPE<\/h3>\n<blockquote><p>est un appareil sp\u00e9cialis\u00e9 dans la d\u00e9tection de l\u2019or, des tr\u00e9sors, du m\u00e9tal et des grottes souterraines jusqu\u2019\u00e0 une profondeur maximale de 14 m\u00e8tres, il fonctionne avec le syst\u00e8me d\u2019imagerie radar et fournit des donn\u00e9es 2D et 3D pour la forme de l\u2019objet d\u00e9tect\u00e9 sous terre, et mesure la profondeur de la cible.<\/p>\n<p>Cet appareil est l\u2019un des meilleurs et des derniers appareils de scanner d\u2019imagerie au monde, le plus sophistiqu\u00e9 et le plus pr\u00e9cis dans les r\u00e9sultats, il n\u2019est pas compliqu\u00e9 et facile \u00e0 utiliser et n\u2019a pas besoin de programmes de support externes pour l\u2019analyse et l\u2019imagerie, fournit des r\u00e9sultats directement sur l\u2019\u00e9cran de l\u2019appareil, en outre, il est propos\u00e9 \u00e0 un prix tr\u00e8s \u00e9conomique pour donner la possibilit\u00e9 \u00e0 tout le monde de l\u2019acheter.<\/p><\/blockquote>\n<div class=\"row flex-column-reverse flex-lg-row\">\n<div class=\"col-md-6 col-ms-12 \">\n<ul>\n<li>Ground Scope fonctionne par des technologies et des logiciels de d\u00e9tection intelligents tr\u00e8s sophistiqu\u00e9s, il scanne les couches du sol pour v\u00e9rifier et rechercher du m\u00e9tal enterr\u00e9 ou des grottes gr\u00e2ce au capteur radar, il envoie les valeurs re\u00e7ues \u00e0 l\u2019unit\u00e9 principale, afin que l\u2019appareil, \u00e0 son tour, traite les donn\u00e9es et les affiche sur l\u2019\u00e9cran de l\u2019appareil avec une vue 2D et 3D.<\/li>\n<li>Sp\u00e9cialis\u00e9 dans la d\u00e9tection d\u2019objectifs souterrains, en les distinguant par diff\u00e9rentes couleurs et valeurs num\u00e9riques en m\u00eame temps et en montrant \u00e9galement la forme de la cible souterraine.<\/li>\n<li>D\u00e9termine automatiquement la profondeur de tous les points num\u00e9ris\u00e9s et affiche la valeur de profondeur de chaque point directement \u00e0 l\u2019\u00e9cran.<\/li>\n<\/ul>\n<p><strong>Le menu des param\u00e8tres g\u00e9n\u00e9raux de l\u2019appareil vous permet de contr\u00f4ler les \u00e9l\u00e9ments suivants :<\/strong><\/p>\n<ul>\n<li>Contr\u00f4le de la luminosit\u00e9 de l\u2019\u00e9cran : vous offre un \u00e9clairage confortable et pratique avec 5 niveaux d\u2019\u00e9clairage diff\u00e9rents.<\/li>\n<li>Contr\u00f4le du volume : vous donne un contr\u00f4le pr\u00e9cis et pratique du volume, avec 5 niveaux de volume diff\u00e9rents ou des modes silencieux.<\/li>\n<li>Contr\u00f4le de la langue : multilingue et vous permet de changer la langue de votre appareil pr\u00e9c\u00e9demment enregistr\u00e9 pour une autre langue.<\/li>\n<li>Pour la premi\u00e8re fois au monde dans les appareils de d\u00e9tection et d\u2019exploration exclusivement chez MWF Group, l\u2019appareil est pris en charge par des syst\u00e8mes d\u2019exploitation et de d\u00e9tection intelligents, des interfaces intelligentes, un syst\u00e8me d\u2019\u00e9conomie d\u2019\u00e9nergie, un syst\u00e8me de charge intelligent, une langue multilingue et m\u00e9moris\u00e9e de l\u2019appareil, des param\u00e8tres d\u2019enregistrement, un contr\u00f4le intelligent.<\/li>\n<li>L\u2019appareil se caract\u00e9rise par sa petite taille et sa facilit\u00e9 d\u2019utilisation, ainsi que par le d\u00e9montage et l\u2019installation de l\u2019unit\u00e9 de capteur radar.<\/li>\n<li>Un panneau de commande avec des boutons de pression anti-choc vous permet de contr\u00f4ler rapidement l\u2019appareil et les param\u00e8tres.<\/li>\n<li>Syst\u00e8me de r\u00e9glage automatique (ATS) Invention sp\u00e9ciale et nouvelle, enregistr\u00e9e en faveur de MWF GROUP, ce syst\u00e8me fournit des r\u00e9sultats pr\u00e9cis et a fait ses preuves dans tous les types de sols et de terrains, car le syst\u00e8me reconna\u00eet automatiquement le sol, accorde au processus de recherche un r\u00e9glage automatique proportionnel au type de sol et aux propri\u00e9t\u00e9s du sol, Avec l\u2019abolition de tout rayonnement de chevauchement r\u00e9sultant de l\u2019effet de territoire rocheux et montagneux,  Ce qui peut affecter beaucoup d\u2019autres d\u00e9tecteurs, mais ce syst\u00e8me intelligent peut trier et analyser et fournir les niveaux n\u00e9cessaires qui se rapportent au signal de fr\u00e9quence, \u00e0 la tension et \u00e0 la longueur d\u2019onde du signal qui donne des r\u00e9sultats exempts de toute erreur.<\/li>\n<\/ul>\n<\/div>\n<div class=\"col-md-6 col-ms-12\">\n<div class=\"tab-image\"><img decoding=\"async\" src=\"https:\/\/mwf-metaldetectors.com\/wp-content\/uploads\/2021\/12\/big-main-image-5.jpg.webp\" alt=\"Radar d\u2019or\"><\/div>\n<\/div>\n<\/div>\n<\/div>\n","protected":false},"excerpt":{"rendered":"<div class=\"row bg-transparent text-center mt-0 \">\n<div class=\"col\">\n<p class=\" mb-3\"><img loading=\"lazy\" decoding=\"async\" class=\"mt-3\" role=\"img\" src=\"https:\/\/mwf-metaldetectors.com\/wp-content\/uploads\/2021\/12\/battary-01-1.svg\" width=\"40\" height=\"40\"><\/p>\n<h6 class=\"text-white mb-0\">Pile<\/h6>\n<p class=\"text-white-50 mb-0\">7 Heures de travail<\/p>\n<\/div>\n<div class=\"col\">\n<p class=\" mb-3\"><img loading=\"lazy\" decoding=\"async\" class=\"mt-3\" role=\"img\" src=\"https:\/\/mwf-metaldetectors.com\/wp-content\/uploads\/2022\/01\/screen33-01.svg\" width=\"40\" height=\"40\"><\/p>\n<h6 class=\"text-white mb-0\">\u00c9cran<\/h6>\n<p class=\"text-white-50 mb-0\">Moniteur couleur TFT 5&Prime;<\/p>\n<\/div>\n<div class=\"col\">\n<p class=\" mb-3\"><img loading=\"lazy\" decoding=\"async\" class=\"mt-3\" role=\"img\" src=\"https:\/\/mwf-metaldetectors.com\/wp-content\/uploads\/2021\/12\/Devices-01.svg\" width=\"40\" height=\"40\"><\/p>\n<h6 class=\"text-white mb-0\">Syst\u00e8me d\u2019appareil<\/h6>\n<p class=\"text-white-50 mb-0\">  Balayage en direct, balayage du sol<\/p>\n<\/div>\n<\/div>\n<div class=\"row bg-transparent text-center \">\n<div class=\"col\">\n<p class=\" mb-3\"><img loading=\"lazy\" decoding=\"async\" class=\"mt-3\" role=\"img\" src=\"https:\/\/mwf-metaldetectors.com\/wp-content\/uploads\/2022\/01\/MOKABIRA33-01.svg\" width=\"40\" height=\"40\"><\/p>\n<h6 class=\"text-white mb-0\">Discrimination entre les cibles<\/h6>\n<p class=\"text-white-50 mb-0\">Oui<\/p>\n<\/div>\n<div class=\"col\">\n<p class=\" mb-3\"><img loading=\"lazy\" decoding=\"async\" class=\"mt-3\" role=\"img\" src=\"https:\/\/mwf-metaldetectors.com\/wp-content\/uploads\/2021\/12\/layar-01.svg\" width=\"40\" height=\"40\"><\/p>\n<h6 class=\"text-white mb-0\">Profondeur<\/h6>\n<p class=\"text-white-50 mb-0\">De 0 \u00e0 <strong>14 <\/strong>m<\/p>\n<\/div>\n<div class=\"col\">\n<p class=\" mb-3\"><img loading=\"lazy\" decoding=\"async\" class=\"mt-3\" role=\"img\" src=\"https:\/\/mwf-metaldetectors.com\/wp-content\/uploads\/2021\/12\/Betwen-01.svg\" width=\"40\" height=\"40\"><\/p>\n<h6 class=\"text-white mb-0\">Distance<\/h6>\n<p class=\"text-white-50 mb-0\">Balayage raster<\/p>\n<\/div>\n<\/div>\n","protected":false},"featured_media":26915,"comment_status":"open","ping_status":"closed","template":"","meta":{"_acf_changed":false,"rs_blank_template":"","rs_page_bg_color":"","slide_template_v7":"","_joinchat":[]},"product_brand":[],"product_cat":[338,336,339,347,345,105,179],"product_tag":[],"class_list":{"0":"post-28999","1":"product","2":"type-product","3":"status-publish","4":"has-post-thumbnail","6":"product_cat-gold-detectors-fr","7":"product_cat-caves-detectors-fr","8":"product_cat-metal-detectors-fr","9":"product_cat-ground-imaging-systems-fr","10":"product_cat-acoustic-detection-systems-fr","11":"product_cat-treasures","12":"product_cat-treasures-ar","14":"first","15":"instock","16":"sale","17":"shipping-taxable","18":"purchasable","19":"product-type-simple"},"acf":[],"yoast_head":"<!-- This site is optimized with the Yoast SEO plugin v27.6 - https:\/\/yoast.com\/product\/yoast-seo-wordpress\/ -->\n<title>Port\u00e9e au sol\u00a0: Syst\u00e8mes d\u2019imagerie au sol 3D D\u00e9tecteur de m\u00e9taux<\/title>\n<meta name=\"description\" content=\"D\u00e9couvrez des tr\u00e9sors et des m\u00e9taux jusqu\u2019\u00e0 14 m de profondeur. Ground Scope propose des syst\u00e8mes d\u2019imagerie au sol 3D pr\u00e9cis avec r\u00e9glage automatique intelligent.\" \/>\n<meta name=\"robots\" content=\"index, follow, max-snippet:-1, max-image-preview:large, max-video-preview:-1\" \/>\n<link rel=\"canonical\" href=\"https:\/\/mwf-metaldetectors.com\/fr\/produit\/ground-scope\/\" \/>\n<meta property=\"og:locale\" content=\"fr_FR\" \/>\n<meta property=\"og:type\" content=\"article\" \/>\n<meta property=\"og:title\" content=\"Port\u00e9e au sol\u00a0: Syst\u00e8mes d\u2019imagerie au sol 3D D\u00e9tecteur de m\u00e9taux\" \/>\n<meta property=\"og:description\" content=\"D\u00e9couvrez des tr\u00e9sors et des m\u00e9taux jusqu\u2019\u00e0 14 m de profondeur. Ground Scope propose des syst\u00e8mes d\u2019imagerie au sol 3D pr\u00e9cis avec r\u00e9glage automatique intelligent.\" \/>\n<meta property=\"og:url\" content=\"https:\/\/mwf-metaldetectors.com\/fr\/produit\/ground-scope\/\" \/>\n<meta property=\"og:site_name\" content=\"MWF Metal Detectors | Gold Detectors | Gems, Water, Treasures Locator\" \/>\n<meta property=\"article:publisher\" content=\"https:\/\/www.facebook.com\/mwfdetector\/\" \/>\n<meta property=\"article:modified_time\" content=\"2025-10-18T11:44:49+00:00\" \/>\n<meta property=\"og:image\" content=\"https:\/\/mwf-metaldetectors.com\/wp-content\/uploads\/2021\/12\/main-image4-11.jpg\" \/>\n\t<meta property=\"og:image:width\" content=\"1000\" \/>\n\t<meta property=\"og:image:height\" content=\"993\" \/>\n\t<meta property=\"og:image:type\" content=\"image\/jpeg\" \/>\n<meta name=\"twitter:card\" content=\"summary_large_image\" \/>\n<meta name=\"twitter:site\" content=\"@mwfdetectors\" \/>\n<meta name=\"twitter:label1\" content=\"Dur\u00e9e de lecture estim\u00e9e\" \/>\n\t<meta name=\"twitter:data1\" content=\"3 minutes\" \/>\n<script type=\"application\/ld+json\" class=\"yoast-schema-graph\">{\"@context\":\"https:\\\/\\\/schema.org\",\"@graph\":[{\"@type\":\"WebPage\",\"@id\":\"https:\\\/\\\/mwf-metaldetectors.com\\\/fr\\\/produit\\\/ground-scope\\\/\",\"url\":\"https:\\\/\\\/mwf-metaldetectors.com\\\/fr\\\/produit\\\/ground-scope\\\/\",\"name\":\"Port\u00e9e au sol\u00a0: Syst\u00e8mes d\u2019imagerie au sol 3D D\u00e9tecteur de m\u00e9taux\",\"isPartOf\":{\"@id\":\"https:\\\/\\\/mwf-metaldetectors.com\\\/fr\\\/#website\"},\"primaryImageOfPage\":{\"@id\":\"https:\\\/\\\/mwf-metaldetectors.com\\\/fr\\\/produit\\\/ground-scope\\\/#primaryimage\"},\"image\":{\"@id\":\"https:\\\/\\\/mwf-metaldetectors.com\\\/fr\\\/produit\\\/ground-scope\\\/#primaryimage\"},\"thumbnailUrl\":\"https:\\\/\\\/mwf-metaldetectors.com\\\/wp-content\\\/uploads\\\/2021\\\/12\\\/main-image4-11.jpg\",\"datePublished\":\"2021-12-16T12:22:51+00:00\",\"dateModified\":\"2025-10-18T11:44:49+00:00\",\"description\":\"D\u00e9couvrez des tr\u00e9sors et des m\u00e9taux jusqu\u2019\u00e0 14 m de profondeur. Ground Scope propose des syst\u00e8mes d\u2019imagerie au sol 3D pr\u00e9cis avec r\u00e9glage automatique intelligent.\",\"breadcrumb\":{\"@id\":\"https:\\\/\\\/mwf-metaldetectors.com\\\/fr\\\/produit\\\/ground-scope\\\/#breadcrumb\"},\"inLanguage\":\"fr-FR\",\"potentialAction\":[{\"@type\":\"ReadAction\",\"target\":[\"https:\\\/\\\/mwf-metaldetectors.com\\\/fr\\\/produit\\\/ground-scope\\\/\"]}]},{\"@type\":\"ImageObject\",\"inLanguage\":\"fr-FR\",\"@id\":\"https:\\\/\\\/mwf-metaldetectors.com\\\/fr\\\/produit\\\/ground-scope\\\/#primaryimage\",\"url\":\"https:\\\/\\\/mwf-metaldetectors.com\\\/wp-content\\\/uploads\\\/2021\\\/12\\\/main-image4-11.jpg\",\"contentUrl\":\"https:\\\/\\\/mwf-metaldetectors.com\\\/wp-content\\\/uploads\\\/2021\\\/12\\\/main-image4-11.jpg\",\"width\":1000,\"height\":993},{\"@type\":\"BreadcrumbList\",\"@id\":\"https:\\\/\\\/mwf-metaldetectors.com\\\/fr\\\/produit\\\/ground-scope\\\/#breadcrumb\",\"itemListElement\":[{\"@type\":\"ListItem\",\"position\":1,\"name\":\"\u062c\u0645\u064a\u0639 \u0627\u0644\u0627\u062c\u0647\u0632\u0629 \u0648 \u0627\u0644\u0627\u0643\u0633\u0633\u0648\u0627\u0631\u0627\u062a\",\"item\":\"https:\\\/\\\/mwf-metaldetectors.com\\\/ar\\\/shop-2\\\/\"},{\"@type\":\"ListItem\",\"position\":2,\"name\":\"Port\u00e9e au sol&nbsp;: Syst\u00e8mes d\u2019imagerie au sol 3D D\u00e9tecteur de m\u00e9taux\"}]},{\"@type\":\"WebSite\",\"@id\":\"https:\\\/\\\/mwf-metaldetectors.com\\\/fr\\\/#website\",\"url\":\"https:\\\/\\\/mwf-metaldetectors.com\\\/fr\\\/\",\"name\":\"MWF Detectors\",\"description\":\"MWF Group of Companies and Factories, specializing in the manufacture and trade of metal detectors.\",\"publisher\":{\"@id\":\"https:\\\/\\\/mwf-metaldetectors.com\\\/fr\\\/#organization\"},\"alternateName\":\"MWF Metal And Gold And Water Detectors\",\"potentialAction\":[{\"@type\":\"SearchAction\",\"target\":{\"@type\":\"EntryPoint\",\"urlTemplate\":\"https:\\\/\\\/mwf-metaldetectors.com\\\/fr\\\/?s={search_term_string}\"},\"query-input\":{\"@type\":\"PropertyValueSpecification\",\"valueRequired\":true,\"valueName\":\"search_term_string\"}}],\"inLanguage\":\"fr-FR\"},{\"@type\":\"Organization\",\"@id\":\"https:\\\/\\\/mwf-metaldetectors.com\\\/fr\\\/#organization\",\"name\":\"MWF Detector\",\"alternateName\":\"MWF Group of Companies and Factories, specializing in the manufacture and trade of metal detectors.\",\"url\":\"https:\\\/\\\/mwf-metaldetectors.com\\\/fr\\\/\",\"logo\":{\"@type\":\"ImageObject\",\"inLanguage\":\"fr-FR\",\"@id\":\"https:\\\/\\\/mwf-metaldetectors.com\\\/fr\\\/#\\\/schema\\\/logo\\\/image\\\/\",\"url\":\"https:\\\/\\\/mwf-metaldetectors.com\\\/wp-content\\\/uploads\\\/2023\\\/06\\\/cropped-logodf1-copy.png\",\"contentUrl\":\"https:\\\/\\\/mwf-metaldetectors.com\\\/wp-content\\\/uploads\\\/2023\\\/06\\\/cropped-logodf1-copy.png\",\"width\":512,\"height\":512,\"caption\":\"MWF Detector\"},\"image\":{\"@id\":\"https:\\\/\\\/mwf-metaldetectors.com\\\/fr\\\/#\\\/schema\\\/logo\\\/image\\\/\"},\"sameAs\":[\"https:\\\/\\\/www.facebook.com\\\/mwfdetector\\\/\",\"https:\\\/\\\/x.com\\\/mwfdetectors\",\"https:\\\/\\\/www.youtube.com\\\/user\\\/MWFDETECTORS\"]}]}<\/script>\n<!-- \/ Yoast SEO plugin. -->","yoast_head_json":{"title":"Port\u00e9e au sol\u00a0: Syst\u00e8mes d\u2019imagerie au sol 3D D\u00e9tecteur de m\u00e9taux","description":"D\u00e9couvrez des tr\u00e9sors et des m\u00e9taux jusqu\u2019\u00e0 14 m de profondeur. Ground Scope propose des syst\u00e8mes d\u2019imagerie au sol 3D pr\u00e9cis avec r\u00e9glage automatique intelligent.","robots":{"index":"index","follow":"follow","max-snippet":"max-snippet:-1","max-image-preview":"max-image-preview:large","max-video-preview":"max-video-preview:-1"},"canonical":"https:\/\/mwf-metaldetectors.com\/fr\/produit\/ground-scope\/","og_locale":"fr_FR","og_type":"article","og_title":"Port\u00e9e au sol\u00a0: Syst\u00e8mes d\u2019imagerie au sol 3D D\u00e9tecteur de m\u00e9taux","og_description":"D\u00e9couvrez des tr\u00e9sors et des m\u00e9taux jusqu\u2019\u00e0 14 m de profondeur. Ground Scope propose des syst\u00e8mes d\u2019imagerie au sol 3D pr\u00e9cis avec r\u00e9glage automatique intelligent.","og_url":"https:\/\/mwf-metaldetectors.com\/fr\/produit\/ground-scope\/","og_site_name":"MWF Metal Detectors | Gold Detectors | Gems, Water, Treasures Locator","article_publisher":"https:\/\/www.facebook.com\/mwfdetector\/","article_modified_time":"2025-10-18T11:44:49+00:00","og_image":[{"width":1000,"height":993,"url":"https:\/\/mwf-metaldetectors.com\/wp-content\/uploads\/2021\/12\/main-image4-11.jpg","type":"image\/jpeg"}],"twitter_card":"summary_large_image","twitter_site":"@mwfdetectors","twitter_misc":{"Dur\u00e9e de lecture estim\u00e9e":"3 minutes"},"schema":{"@context":"https:\/\/schema.org","@graph":[{"@type":"WebPage","@id":"https:\/\/mwf-metaldetectors.com\/fr\/produit\/ground-scope\/","url":"https:\/\/mwf-metaldetectors.com\/fr\/produit\/ground-scope\/","name":"Port\u00e9e au sol\u00a0: Syst\u00e8mes d\u2019imagerie au sol 3D D\u00e9tecteur de m\u00e9taux","isPartOf":{"@id":"https:\/\/mwf-metaldetectors.com\/fr\/#website"},"primaryImageOfPage":{"@id":"https:\/\/mwf-metaldetectors.com\/fr\/produit\/ground-scope\/#primaryimage"},"image":{"@id":"https:\/\/mwf-metaldetectors.com\/fr\/produit\/ground-scope\/#primaryimage"},"thumbnailUrl":"https:\/\/mwf-metaldetectors.com\/wp-content\/uploads\/2021\/12\/main-image4-11.jpg","datePublished":"2021-12-16T12:22:51+00:00","dateModified":"2025-10-18T11:44:49+00:00","description":"D\u00e9couvrez des tr\u00e9sors et des m\u00e9taux jusqu\u2019\u00e0 14 m de profondeur. Ground Scope propose des syst\u00e8mes d\u2019imagerie au sol 3D pr\u00e9cis avec r\u00e9glage automatique intelligent.","breadcrumb":{"@id":"https:\/\/mwf-metaldetectors.com\/fr\/produit\/ground-scope\/#breadcrumb"},"inLanguage":"fr-FR","potentialAction":[{"@type":"ReadAction","target":["https:\/\/mwf-metaldetectors.com\/fr\/produit\/ground-scope\/"]}]},{"@type":"ImageObject","inLanguage":"fr-FR","@id":"https:\/\/mwf-metaldetectors.com\/fr\/produit\/ground-scope\/#primaryimage","url":"https:\/\/mwf-metaldetectors.com\/wp-content\/uploads\/2021\/12\/main-image4-11.jpg","contentUrl":"https:\/\/mwf-metaldetectors.com\/wp-content\/uploads\/2021\/12\/main-image4-11.jpg","width":1000,"height":993},{"@type":"BreadcrumbList","@id":"https:\/\/mwf-metaldetectors.com\/fr\/produit\/ground-scope\/#breadcrumb","itemListElement":[{"@type":"ListItem","position":1,"name":"\u062c\u0645\u064a\u0639 \u0627\u0644\u0627\u062c\u0647\u0632\u0629 \u0648 \u0627\u0644\u0627\u0643\u0633\u0633\u0648\u0627\u0631\u0627\u062a","item":"https:\/\/mwf-metaldetectors.com\/ar\/shop-2\/"},{"@type":"ListItem","position":2,"name":"Port\u00e9e au sol&nbsp;: Syst\u00e8mes d\u2019imagerie au sol 3D D\u00e9tecteur de m\u00e9taux"}]},{"@type":"WebSite","@id":"https:\/\/mwf-metaldetectors.com\/fr\/#website","url":"https:\/\/mwf-metaldetectors.com\/fr\/","name":"MWF Detectors","description":"MWF Group of Companies and Factories, specializing in the manufacture and trade of metal detectors.","publisher":{"@id":"https:\/\/mwf-metaldetectors.com\/fr\/#organization"},"alternateName":"MWF Metal And Gold And Water Detectors","potentialAction":[{"@type":"SearchAction","target":{"@type":"EntryPoint","urlTemplate":"https:\/\/mwf-metaldetectors.com\/fr\/?s={search_term_string}"},"query-input":{"@type":"PropertyValueSpecification","valueRequired":true,"valueName":"search_term_string"}}],"inLanguage":"fr-FR"},{"@type":"Organization","@id":"https:\/\/mwf-metaldetectors.com\/fr\/#organization","name":"MWF Detector","alternateName":"MWF Group of Companies and Factories, specializing in the manufacture and trade of metal detectors.","url":"https:\/\/mwf-metaldetectors.com\/fr\/","logo":{"@type":"ImageObject","inLanguage":"fr-FR","@id":"https:\/\/mwf-metaldetectors.com\/fr\/#\/schema\/logo\/image\/","url":"https:\/\/mwf-metaldetectors.com\/wp-content\/uploads\/2023\/06\/cropped-logodf1-copy.png","contentUrl":"https:\/\/mwf-metaldetectors.com\/wp-content\/uploads\/2023\/06\/cropped-logodf1-copy.png","width":512,"height":512,"caption":"MWF Detector"},"image":{"@id":"https:\/\/mwf-metaldetectors.com\/fr\/#\/schema\/logo\/image\/"},"sameAs":["https:\/\/www.facebook.com\/mwfdetector\/","https:\/\/x.com\/mwfdetectors","https:\/\/www.youtube.com\/user\/MWFDETECTORS"]}]}},"_links":{"self":[{"href":"https:\/\/mwf-metaldetectors.com\/fr\/wp-json\/wp\/v2\/product\/28999","targetHints":{"allow":["GET"]}}],"collection":[{"href":"https:\/\/mwf-metaldetectors.com\/fr\/wp-json\/wp\/v2\/product"}],"about":[{"href":"https:\/\/mwf-metaldetectors.com\/fr\/wp-json\/wp\/v2\/types\/product"}],"replies":[{"embeddable":true,"href":"https:\/\/mwf-metaldetectors.com\/fr\/wp-json\/wp\/v2\/comments?post=28999"}],"wp:featuredmedia":[{"embeddable":true,"href":"https:\/\/mwf-metaldetectors.com\/fr\/wp-json\/wp\/v2\/media\/26915"}],"wp:attachment":[{"href":"https:\/\/mwf-metaldetectors.com\/fr\/wp-json\/wp\/v2\/media?parent=28999"}],"wp:term":[{"taxonomy":"product_brand","embeddable":true,"href":"https:\/\/mwf-metaldetectors.com\/fr\/wp-json\/wp\/v2\/product_brand?post=28999"},{"taxonomy":"product_cat","embeddable":true,"href":"https:\/\/mwf-metaldetectors.com\/fr\/wp-json\/wp\/v2\/product_cat?post=28999"},{"taxonomy":"product_tag","embeddable":true,"href":"https:\/\/mwf-metaldetectors.com\/fr\/wp-json\/wp\/v2\/product_tag?post=28999"}],"curies":[{"name":"wp","href":"https:\/\/api.w.org\/{rel}","templated":true}]}}