{"id":35639,"date":"2023-05-19T13:22:14","date_gmt":"2023-05-19T13:22:14","guid":{"rendered":"https:\/\/mwf-metaldetectors.com\/product\/coil-33dd-searching-coil-33-cm\/"},"modified":"2025-08-21T08:23:57","modified_gmt":"2025-08-21T08:23:57","slug":"coil-33dd-searching-coil-33-cm","status":"publish","type":"product","link":"https:\/\/mwf-metaldetectors.com\/es\/producto\/coil-33dd-searching-coil-33-cm\/","title":{"rendered":"Bobina 33DD Bobina de b\u00fasqueda &#8211; 33 cm"},"content":{"rendered":"","protected":false},"excerpt":{"rendered":"<p>Dise\u00f1ado seg\u00fan est\u00e1ndares para detectar piezas de tama\u00f1o peque\u00f1o y mediano.<\/p>\n","protected":false},"featured_media":36869,"comment_status":"open","ping_status":"closed","template":"","meta":{"_acf_changed":false,"rs_blank_template":"","rs_page_bg_color":"","slide_template_v7":"","_joinchat":[]},"product_brand":[],"product_cat":[191,420],"product_tag":[],"class_list":{"0":"post-35639","1":"product","2":"type-product","3":"status-publish","4":"has-post-thumbnail","6":"product_cat-accessories-es","7":"product_cat-bobinas","8":"product_shipping_class-accessories-shipping-es","10":"first","11":"instock","12":"shipping-taxable","13":"purchasable","14":"product-type-variable"},"acf":[],"yoast_head":"<!-- This site is optimized with the Yoast SEO plugin v27.6 - https:\/\/yoast.com\/product\/yoast-seo-wordpress\/ -->\n<title>Bobina 33DD Bobina de b\u00fasqueda - 33 cm - MWF Metal Detectors | Gold Detectors | Gems, Water, Treasures Locator<\/title>\n<meta name=\"description\" content=\"Bobina 33DD Bobina de b\u00fasqueda - 33 cm Dise\u00f1ado seg\u00fan est\u00e1ndares para detectar piezas de tama\u00f1o peque\u00f1o y mediano.\" \/>\n<meta name=\"robots\" content=\"index, follow, max-snippet:-1, max-image-preview:large, max-video-preview:-1\" \/>\n<link rel=\"canonical\" href=\"https:\/\/mwf-metaldetectors.com\/es\/producto\/coil-33dd-searching-coil-33-cm\/\" \/>\n<meta property=\"og:locale\" content=\"es_ES\" \/>\n<meta property=\"og:type\" content=\"article\" \/>\n<meta property=\"og:title\" content=\"Bobina 33DD Bobina de b\u00fasqueda - 33 cm - MWF Metal Detectors | Gold Detectors | Gems, Water, Treasures Locator\" \/>\n<meta property=\"og:description\" content=\"Bobina 33DD Bobina de b\u00fasqueda - 33 cm Dise\u00f1ado seg\u00fan est\u00e1ndares para detectar piezas de tama\u00f1o peque\u00f1o y mediano.\" \/>\n<meta property=\"og:url\" content=\"https:\/\/mwf-metaldetectors.com\/es\/producto\/coil-33dd-searching-coil-33-cm\/\" \/>\n<meta property=\"og:site_name\" content=\"MWF Metal Detectors | Gold Detectors | Gems, Water, Treasures Locator\" \/>\n<meta property=\"article:publisher\" content=\"https:\/\/www.facebook.com\/mwfdetector\/\" \/>\n<meta property=\"article:modified_time\" content=\"2025-08-21T08:23:57+00:00\" \/>\n<meta property=\"og:image\" content=\"https:\/\/mwf-metaldetectors.com\/wp-content\/uploads\/2023\/05\/33-dd-falke.jpg\" \/>\n\t<meta property=\"og:image:width\" content=\"1000\" \/>\n\t<meta property=\"og:image:height\" content=\"993\" \/>\n\t<meta property=\"og:image:type\" content=\"image\/jpeg\" \/>\n<meta name=\"twitter:card\" content=\"summary_large_image\" \/>\n<meta name=\"twitter:site\" content=\"@mwfdetectors\" \/>\n<script type=\"application\/ld+json\" class=\"yoast-schema-graph\">{\"@context\":\"https:\\\/\\\/schema.org\",\"@graph\":[{\"@type\":\"WebPage\",\"@id\":\"https:\\\/\\\/mwf-metaldetectors.com\\\/es\\\/producto\\\/coil-33dd-searching-coil-33-cm\\\/\",\"url\":\"https:\\\/\\\/mwf-metaldetectors.com\\\/es\\\/producto\\\/coil-33dd-searching-coil-33-cm\\\/\",\"name\":\"Bobina 33DD Bobina de b\u00fasqueda - 33 cm - MWF Metal Detectors | Gold Detectors | Gems, Water, Treasures Locator\",\"isPartOf\":{\"@id\":\"https:\\\/\\\/mwf-metaldetectors.com\\\/es\\\/#website\"},\"primaryImageOfPage\":{\"@id\":\"https:\\\/\\\/mwf-metaldetectors.com\\\/es\\\/producto\\\/coil-33dd-searching-coil-33-cm\\\/#primaryimage\"},\"image\":{\"@id\":\"https:\\\/\\\/mwf-metaldetectors.com\\\/es\\\/producto\\\/coil-33dd-searching-coil-33-cm\\\/#primaryimage\"},\"thumbnailUrl\":\"https:\\\/\\\/mwf-metaldetectors.com\\\/wp-content\\\/uploads\\\/2023\\\/05\\\/33-dd-falke.jpg\",\"datePublished\":\"2023-05-19T13:22:14+00:00\",\"dateModified\":\"2025-08-21T08:23:57+00:00\",\"description\":\"Bobina 33DD Bobina de b\u00fasqueda - 33 cm Dise\u00f1ado seg\u00fan est\u00e1ndares para detectar piezas de tama\u00f1o peque\u00f1o y mediano.\",\"breadcrumb\":{\"@id\":\"https:\\\/\\\/mwf-metaldetectors.com\\\/es\\\/producto\\\/coil-33dd-searching-coil-33-cm\\\/#breadcrumb\"},\"inLanguage\":\"es\",\"potentialAction\":[{\"@type\":\"ReadAction\",\"target\":[\"https:\\\/\\\/mwf-metaldetectors.com\\\/es\\\/producto\\\/coil-33dd-searching-coil-33-cm\\\/\"]}]},{\"@type\":\"ImageObject\",\"inLanguage\":\"es\",\"@id\":\"https:\\\/\\\/mwf-metaldetectors.com\\\/es\\\/producto\\\/coil-33dd-searching-coil-33-cm\\\/#primaryimage\",\"url\":\"https:\\\/\\\/mwf-metaldetectors.com\\\/wp-content\\\/uploads\\\/2023\\\/05\\\/33-dd-falke.jpg\",\"contentUrl\":\"https:\\\/\\\/mwf-metaldetectors.com\\\/wp-content\\\/uploads\\\/2023\\\/05\\\/33-dd-falke.jpg\",\"width\":1000,\"height\":993},{\"@type\":\"BreadcrumbList\",\"@id\":\"https:\\\/\\\/mwf-metaldetectors.com\\\/es\\\/producto\\\/coil-33dd-searching-coil-33-cm\\\/#breadcrumb\",\"itemListElement\":[{\"@type\":\"ListItem\",\"position\":1,\"name\":\"\u062c\u0645\u064a\u0639 \u0627\u0644\u0627\u062c\u0647\u0632\u0629 \u0648 \u0627\u0644\u0627\u0643\u0633\u0633\u0648\u0627\u0631\u0627\u062a\",\"item\":\"https:\\\/\\\/mwf-metaldetectors.com\\\/ar\\\/shop-2\\\/\"},{\"@type\":\"ListItem\",\"position\":2,\"name\":\"Bobina 33DD Bobina de b\u00fasqueda &#8211; 33 cm\"}]},{\"@type\":\"WebSite\",\"@id\":\"https:\\\/\\\/mwf-metaldetectors.com\\\/es\\\/#website\",\"url\":\"https:\\\/\\\/mwf-metaldetectors.com\\\/es\\\/\",\"name\":\"MWF Detectors\",\"description\":\"MWF Group of Companies and Factories, specializing in the manufacture and trade of metal detectors.\",\"publisher\":{\"@id\":\"https:\\\/\\\/mwf-metaldetectors.com\\\/es\\\/#organization\"},\"alternateName\":\"MWF Metal And Gold And Water Detectors\",\"potentialAction\":[{\"@type\":\"SearchAction\",\"target\":{\"@type\":\"EntryPoint\",\"urlTemplate\":\"https:\\\/\\\/mwf-metaldetectors.com\\\/es\\\/?s={search_term_string}\"},\"query-input\":{\"@type\":\"PropertyValueSpecification\",\"valueRequired\":true,\"valueName\":\"search_term_string\"}}],\"inLanguage\":\"es\"},{\"@type\":\"Organization\",\"@id\":\"https:\\\/\\\/mwf-metaldetectors.com\\\/es\\\/#organization\",\"name\":\"MWF Detector\",\"alternateName\":\"MWF Group of Companies and Factories, specializing in the manufacture and trade of metal detectors.\",\"url\":\"https:\\\/\\\/mwf-metaldetectors.com\\\/es\\\/\",\"logo\":{\"@type\":\"ImageObject\",\"inLanguage\":\"es\",\"@id\":\"https:\\\/\\\/mwf-metaldetectors.com\\\/es\\\/#\\\/schema\\\/logo\\\/image\\\/\",\"url\":\"https:\\\/\\\/mwf-metaldetectors.com\\\/wp-content\\\/uploads\\\/2023\\\/06\\\/cropped-logodf1-copy.png\",\"contentUrl\":\"https:\\\/\\\/mwf-metaldetectors.com\\\/wp-content\\\/uploads\\\/2023\\\/06\\\/cropped-logodf1-copy.png\",\"width\":512,\"height\":512,\"caption\":\"MWF Detector\"},\"image\":{\"@id\":\"https:\\\/\\\/mwf-metaldetectors.com\\\/es\\\/#\\\/schema\\\/logo\\\/image\\\/\"},\"sameAs\":[\"https:\\\/\\\/www.facebook.com\\\/mwfdetector\\\/\",\"https:\\\/\\\/x.com\\\/mwfdetectors\",\"https:\\\/\\\/www.youtube.com\\\/user\\\/MWFDETECTORS\"]}]}<\/script>\n<!-- \/ Yoast SEO plugin. -->","yoast_head_json":{"title":"Bobina 33DD Bobina de b\u00fasqueda - 33 cm - MWF Metal Detectors | Gold Detectors | Gems, Water, Treasures Locator","description":"Bobina 33DD Bobina de b\u00fasqueda - 33 cm Dise\u00f1ado seg\u00fan est\u00e1ndares para detectar piezas de tama\u00f1o peque\u00f1o y mediano.","robots":{"index":"index","follow":"follow","max-snippet":"max-snippet:-1","max-image-preview":"max-image-preview:large","max-video-preview":"max-video-preview:-1"},"canonical":"https:\/\/mwf-metaldetectors.com\/es\/producto\/coil-33dd-searching-coil-33-cm\/","og_locale":"es_ES","og_type":"article","og_title":"Bobina 33DD Bobina de b\u00fasqueda - 33 cm - MWF Metal Detectors | Gold Detectors | Gems, Water, Treasures Locator","og_description":"Bobina 33DD Bobina de b\u00fasqueda - 33 cm Dise\u00f1ado seg\u00fan est\u00e1ndares para detectar piezas de tama\u00f1o peque\u00f1o y mediano.","og_url":"https:\/\/mwf-metaldetectors.com\/es\/producto\/coil-33dd-searching-coil-33-cm\/","og_site_name":"MWF Metal Detectors | Gold Detectors | Gems, Water, Treasures Locator","article_publisher":"https:\/\/www.facebook.com\/mwfdetector\/","article_modified_time":"2025-08-21T08:23:57+00:00","og_image":[{"width":1000,"height":993,"url":"https:\/\/mwf-metaldetectors.com\/wp-content\/uploads\/2023\/05\/33-dd-falke.jpg","type":"image\/jpeg"}],"twitter_card":"summary_large_image","twitter_site":"@mwfdetectors","schema":{"@context":"https:\/\/schema.org","@graph":[{"@type":"WebPage","@id":"https:\/\/mwf-metaldetectors.com\/es\/producto\/coil-33dd-searching-coil-33-cm\/","url":"https:\/\/mwf-metaldetectors.com\/es\/producto\/coil-33dd-searching-coil-33-cm\/","name":"Bobina 33DD Bobina de b\u00fasqueda - 33 cm - MWF Metal Detectors | Gold Detectors | Gems, Water, Treasures Locator","isPartOf":{"@id":"https:\/\/mwf-metaldetectors.com\/es\/#website"},"primaryImageOfPage":{"@id":"https:\/\/mwf-metaldetectors.com\/es\/producto\/coil-33dd-searching-coil-33-cm\/#primaryimage"},"image":{"@id":"https:\/\/mwf-metaldetectors.com\/es\/producto\/coil-33dd-searching-coil-33-cm\/#primaryimage"},"thumbnailUrl":"https:\/\/mwf-metaldetectors.com\/wp-content\/uploads\/2023\/05\/33-dd-falke.jpg","datePublished":"2023-05-19T13:22:14+00:00","dateModified":"2025-08-21T08:23:57+00:00","description":"Bobina 33DD Bobina de b\u00fasqueda - 33 cm Dise\u00f1ado seg\u00fan est\u00e1ndares para detectar piezas de tama\u00f1o peque\u00f1o y mediano.","breadcrumb":{"@id":"https:\/\/mwf-metaldetectors.com\/es\/producto\/coil-33dd-searching-coil-33-cm\/#breadcrumb"},"inLanguage":"es","potentialAction":[{"@type":"ReadAction","target":["https:\/\/mwf-metaldetectors.com\/es\/producto\/coil-33dd-searching-coil-33-cm\/"]}]},{"@type":"ImageObject","inLanguage":"es","@id":"https:\/\/mwf-metaldetectors.com\/es\/producto\/coil-33dd-searching-coil-33-cm\/#primaryimage","url":"https:\/\/mwf-metaldetectors.com\/wp-content\/uploads\/2023\/05\/33-dd-falke.jpg","contentUrl":"https:\/\/mwf-metaldetectors.com\/wp-content\/uploads\/2023\/05\/33-dd-falke.jpg","width":1000,"height":993},{"@type":"BreadcrumbList","@id":"https:\/\/mwf-metaldetectors.com\/es\/producto\/coil-33dd-searching-coil-33-cm\/#breadcrumb","itemListElement":[{"@type":"ListItem","position":1,"name":"\u062c\u0645\u064a\u0639 \u0627\u0644\u0627\u062c\u0647\u0632\u0629 \u0648 \u0627\u0644\u0627\u0643\u0633\u0633\u0648\u0627\u0631\u0627\u062a","item":"https:\/\/mwf-metaldetectors.com\/ar\/shop-2\/"},{"@type":"ListItem","position":2,"name":"Bobina 33DD Bobina de b\u00fasqueda &#8211; 33 cm"}]},{"@type":"WebSite","@id":"https:\/\/mwf-metaldetectors.com\/es\/#website","url":"https:\/\/mwf-metaldetectors.com\/es\/","name":"MWF Detectors","description":"MWF Group of Companies and Factories, specializing in the manufacture and trade of metal detectors.","publisher":{"@id":"https:\/\/mwf-metaldetectors.com\/es\/#organization"},"alternateName":"MWF Metal And Gold And Water Detectors","potentialAction":[{"@type":"SearchAction","target":{"@type":"EntryPoint","urlTemplate":"https:\/\/mwf-metaldetectors.com\/es\/?s={search_term_string}"},"query-input":{"@type":"PropertyValueSpecification","valueRequired":true,"valueName":"search_term_string"}}],"inLanguage":"es"},{"@type":"Organization","@id":"https:\/\/mwf-metaldetectors.com\/es\/#organization","name":"MWF Detector","alternateName":"MWF Group of Companies and Factories, specializing in the manufacture and trade of metal detectors.","url":"https:\/\/mwf-metaldetectors.com\/es\/","logo":{"@type":"ImageObject","inLanguage":"es","@id":"https:\/\/mwf-metaldetectors.com\/es\/#\/schema\/logo\/image\/","url":"https:\/\/mwf-metaldetectors.com\/wp-content\/uploads\/2023\/06\/cropped-logodf1-copy.png","contentUrl":"https:\/\/mwf-metaldetectors.com\/wp-content\/uploads\/2023\/06\/cropped-logodf1-copy.png","width":512,"height":512,"caption":"MWF Detector"},"image":{"@id":"https:\/\/mwf-metaldetectors.com\/es\/#\/schema\/logo\/image\/"},"sameAs":["https:\/\/www.facebook.com\/mwfdetector\/","https:\/\/x.com\/mwfdetectors","https:\/\/www.youtube.com\/user\/MWFDETECTORS"]}]}},"_links":{"self":[{"href":"https:\/\/mwf-metaldetectors.com\/es\/wp-json\/wp\/v2\/product\/35639","targetHints":{"allow":["GET"]}}],"collection":[{"href":"https:\/\/mwf-metaldetectors.com\/es\/wp-json\/wp\/v2\/product"}],"about":[{"href":"https:\/\/mwf-metaldetectors.com\/es\/wp-json\/wp\/v2\/types\/product"}],"replies":[{"embeddable":true,"href":"https:\/\/mwf-metaldetectors.com\/es\/wp-json\/wp\/v2\/comments?post=35639"}],"wp:featuredmedia":[{"embeddable":true,"href":"https:\/\/mwf-metaldetectors.com\/es\/wp-json\/wp\/v2\/media\/36869"}],"wp:attachment":[{"href":"https:\/\/mwf-metaldetectors.com\/es\/wp-json\/wp\/v2\/media?parent=35639"}],"wp:term":[{"taxonomy":"product_brand","embeddable":true,"href":"https:\/\/mwf-metaldetectors.com\/es\/wp-json\/wp\/v2\/product_brand?post=35639"},{"taxonomy":"product_cat","embeddable":true,"href":"https:\/\/mwf-metaldetectors.com\/es\/wp-json\/wp\/v2\/product_cat?post=35639"},{"taxonomy":"product_tag","embeddable":true,"href":"https:\/\/mwf-metaldetectors.com\/es\/wp-json\/wp\/v2\/product_tag?post=35639"}],"curies":[{"name":"wp","href":"https:\/\/api.w.org\/{rel}","templated":true}]}}