{"id":33427,"date":"2022-12-30T08:07:53","date_gmt":"2022-12-30T08:07:53","guid":{"rendered":"https:\/\/mwf-metaldetectors.com\/?post_type=product&#038;p=33427"},"modified":"2025-08-21T08:22:54","modified_gmt":"2025-08-21T08:22:54","slug":"mf-60","status":"publish","type":"product","link":"https:\/\/mwf-metaldetectors.com\/es\/producto\/mf-60\/","title":{"rendered":"Detector de metales a prueba de agua MF-60: precisi\u00f3n compacta para exploraci\u00f3n accidentada"},"content":{"rendered":"<div class=\"container\">\n<h3>MF-60 DETECTOR DE METALES A PRUEBA DE AGUA<\/h3>\n<blockquote><p>Nuevo de la empresa MWF MF POINTER (MF-60) impermeable Detector de metales de mano, dise\u00f1o moderno y distintivo, peque\u00f1o en tama\u00f1o y f\u00e1cil de usar.<\/p>\n<p>El MF-60 est\u00e1 dise\u00f1ado para usarse junto con detectores de metales profesionales para alcanzar objetivos muy peque\u00f1os y precisos, y tambi\u00e9n se puede usar solo para encontrar objetivos de superficie y elementos faltantes.<\/p><\/blockquote>\n<div class=\"row flex-column-reverse flex-lg-row\">\n<div class=\"col-md-6 col-ms-12 my-3\">\n<h3>Caracter\u00edsticas generales:<\/h3>\n<ul>\n<li>Forma aerodin\u00e1mica y distintiva, de tama\u00f1o peque\u00f1o, ligero y f\u00e1cil de usar<\/li>\n<li>Tiene un borde inclinado que le permite detectar en \u00e1reas muy estrechas y accidentadas<\/li>\n<li>El mf-60 tiene una clasificaci\u00f3n de impermeabilidad IP66, donde puede detectar metales a una profundidad de hasta 30 m bajo el agua.<\/li>\n<li>El dispositivo est\u00e1 equipado con una bater\u00eda de 9 voltios que le permite usarlo durante m\u00e1s de 90 horas de trabajo continuas<\/li>\n<li>El dispositivo contiene alarmas de sonido y vibraci\u00f3n que interact\u00faan con el tama\u00f1o y la proximidad del objetivo.<\/li>\n<li>Peso ligero de solo 180 gramos<\/li>\n<li>La capacidad de reiniciar y calibrar con una respuesta r\u00e1pida y con un solo clic<\/li>\n<li>Resultados r\u00e1pidos e inmediatos, sin necesidad de an\u00e1lisis, espera o seguimiento.<\/li>\n<li>Sistema de puesta a punto autom\u00e1tica (ATS) con todo tipo de terrenos y suelos rocosos, monta\u00f1osos, arenosos y fangosos.<\/li>\n<li>El dispositivo contiene una luz LED flash para trabajar en condiciones de poca o poca luz<\/li>\n<li>El avanzado y preciso sistema de transmisi\u00f3n y recepci\u00f3n de se\u00f1ales (PI).<\/li>\n<li>El avanzado circuito de microprocesador permite que el MF 60 funcione con la mayor sensibilidad posible a los metales<\/li>\n<li>Este dispositivo est\u00e1 fabricado con los mejores pl\u00e1sticos, componentes electr\u00f3nicos y circuitos con est\u00e1ndares internacionales.<\/li>\n<li>Precisi\u00f3n y alta calidad en la fabricaci\u00f3n y el rendimiento.<\/li>\n<\/ul>\n<\/div>\n<div class=\"col-md-6 col-ms-12\">\n<div class=\"tab-image\"><img decoding=\"async\" src=\"https:\/\/mwf-metaldetectors.com\/wp-content\/uploads\/2022\/12\/BIG-MAIN-IMAGE.jpg.webp\" alt=\"chispa\"><\/div>\n<\/div>\n<\/div>\n<\/div>\n","protected":false},"excerpt":{"rendered":"<div class=\"row bg-transparent text-center mb-3 \">\n<div class=\"col\">\n<p class=\" mb-3\"><img loading=\"lazy\" decoding=\"async\" class=\"mt-3\" role=\"img\" src=\"https:\/\/mwf-metaldetectors.com\/wp-content\/uploads\/2021\/12\/battary-01-1.svg\" width=\"40\" height=\"40\"><\/p>\n<h6 class=\"text-white mb-0\">Bater\u00eda<\/h6>\n<p class=\"text-white-50 mb-0\">90 horas de trabajo<\/p>\n<\/div>\n<div class=\"col\">\n<p class=\" mb-3\"><img loading=\"lazy\" decoding=\"async\" class=\"mt-3\" role=\"img\" src=\"https:\/\/mwf-metaldetectors.com\/wp-content\/uploads\/2022\/01\/screen33-01.svg\" width=\"40\" height=\"40\"><\/p>\n<h6 class=\"text-white mb-0\">Pantalla<\/h6>\n<p class=\"text-white-50 mb-0\">Ninguno<\/p>\n<\/div>\n<div class=\"col\">\n<p class=\" mb-3\"><img loading=\"lazy\" decoding=\"async\" class=\"mt-3\" role=\"img\" src=\"https:\/\/mwf-metaldetectors.com\/wp-content\/uploads\/2021\/12\/Devices-01.svg\" width=\"40\" height=\"40\"><\/p>\n<h6 class=\"text-white mb-0\">Sistema de dispositivos<\/h6>\n<p class=\"text-white-50 mb-0\">Inducci\u00f3n de pulsos PI<\/p>\n<\/div>\n<p>&nbsp;<\/p>\n<\/div>\n<p>&nbsp;<\/p>\n","protected":false},"featured_media":33674,"comment_status":"open","ping_status":"closed","template":"","meta":{"_acf_changed":false,"rs_blank_template":"","rs_page_bg_color":"","slide_template_v7":"","_joinchat":[]},"product_brand":[],"product_cat":[146,192,380,143,140,385],"product_tag":[],"class_list":{"0":"post-33427","1":"product","2":"type-product","3":"status-publish","4":"has-post-thumbnail","6":"product_cat-detector-de-metales","7":"product_cat-treasures-es","8":"product_cat-portable-metal-detectors-es","9":"product_cat-detectores-de-oro","10":"product_cat-dispositivos-y-sistemas-de-deteccion-acustica","11":"product_cat-sistemas-portatiles-y-de-puntero","12":"product_shipping_class-free-shipping-es","14":"first","15":"outofstock","16":"featured","17":"shipping-taxable","18":"purchasable","19":"product-type-simple"},"acf":[],"_links":{"self":[{"href":"https:\/\/mwf-metaldetectors.com\/es\/wp-json\/wp\/v2\/product\/33427","targetHints":{"allow":["GET"]}}],"collection":[{"href":"https:\/\/mwf-metaldetectors.com\/es\/wp-json\/wp\/v2\/product"}],"about":[{"href":"https:\/\/mwf-metaldetectors.com\/es\/wp-json\/wp\/v2\/types\/product"}],"replies":[{"embeddable":true,"href":"https:\/\/mwf-metaldetectors.com\/es\/wp-json\/wp\/v2\/comments?post=33427"}],"wp:featuredmedia":[{"embeddable":true,"href":"https:\/\/mwf-metaldetectors.com\/es\/wp-json\/wp\/v2\/media\/33674"}],"wp:attachment":[{"href":"https:\/\/mwf-metaldetectors.com\/es\/wp-json\/wp\/v2\/media?parent=33427"}],"wp:term":[{"taxonomy":"product_brand","embeddable":true,"href":"https:\/\/mwf-metaldetectors.com\/es\/wp-json\/wp\/v2\/product_brand?post=33427"},{"taxonomy":"product_cat","embeddable":true,"href":"https:\/\/mwf-metaldetectors.com\/es\/wp-json\/wp\/v2\/product_cat?post=33427"},{"taxonomy":"product_tag","embeddable":true,"href":"https:\/\/mwf-metaldetectors.com\/es\/wp-json\/wp\/v2\/product_tag?post=33427"}],"curies":[{"name":"wp","href":"https:\/\/api.w.org\/{rel}","templated":true}]}}