{"id":32553,"date":"2022-12-07T14:09:10","date_gmt":"2022-12-07T14:09:10","guid":{"rendered":"https:\/\/mwf-metaldetectors.com\/?post_type=product&#038;p=32553"},"modified":"2025-08-21T08:22:32","modified_gmt":"2025-08-21T08:22:32","slug":"tf-mini","status":"publish","type":"product","link":"https:\/\/mwf-metaldetectors.com\/es\/producto\/tf-mini\/","title":{"rendered":"Reloj detector de metales preciosos TF MINI \u2013 Innovaci\u00f3n Nano Tech"},"content":{"rendered":"<div class=\"container\">\n<blockquote>\n<div>Es hora de deshacerse de los dispositivos complejos y pesados y pasar a las nuevas tecnolog\u00edas de detecci\u00f3n, el reloj de pulsera detector de metales preciosos TF MINI con nanotecnolog\u00eda incorporada, para alcanzar su tesoro y cumplir su sue\u00f1o.<br \/>\nPorque MWF siempre busca desarrollar y proporcionar un producto distintivo y efectivo y se preocupa por los requisitos de los exploradores y aventureros que aman buscar tesoros en todo el mundo.<br \/>\nEl dispositivo TF MINI funciona con un sistema de detecci\u00f3n de radar incorporado para detectar y buscar ionizaci\u00f3n radiactiva de metales preciosos enterrados bajo tierra.<\/div>\n<\/blockquote>\n<div class=\"row flex-column-reverse flex-lg-row\">\n<div class=\"col-md-6 col-ms-12 \">\n<ul>\n<li style=\"font-weight: 400;\" aria-level=\"1\"><span style=\"font-weight: 400;\">Un peque\u00f1o detector de tesoros y metales que se adhiere a la mu\u00f1eca como un reloj de lujo<\/span><\/li>\n<li style=\"font-weight: 400;\" aria-level=\"1\"><span style=\"font-weight: 400;\">Tiene un dise\u00f1o c\u00f3modo y una forma aerodin\u00e1mica, y se adapta a todos los gustos<\/span><\/li>\n<li style=\"font-weight: 400;\" aria-level=\"1\"><span style=\"font-weight: 400;\">Es tan ligero que no lo sientes en tu mu\u00f1eca<\/span><\/li>\n<li style=\"font-weight: 400;\" aria-level=\"1\"><span style=\"font-weight: 400;\">No es necesario cambiar constantemente las bater\u00edas, ya que incluye una bater\u00eda recargable incorporada<\/span><\/li>\n<li style=\"font-weight: 400;\" aria-level=\"1\"><span style=\"font-weight: 400;\">Voltaje de bajo consumo de energ\u00eda con alta sensibilidad<\/span><\/li>\n<li style=\"font-weight: 400;\" aria-level=\"1\"><span style=\"font-weight: 400;\">Peso ligero de solo 90 gramos<\/span><\/li>\n<li style=\"font-weight: 400;\" aria-level=\"1\"><span style=\"font-weight: 400;\">Respuesta r\u00e1pida y capacidades de restablecimiento y calibraci\u00f3n con un solo clic<\/span><\/li>\n<li style=\"font-weight: 400;\" aria-level=\"1\"><span style=\"font-weight: 400;\">Audio del puntero<\/span><span style=\"font-weight: 400;\"><span style=\"font-weight: 400;\">La imagen interactiva interact\u00faa hacia arriba a medida que se acerca al objetivo<\/span><\/span><\/li>\n<li style=\"font-weight: 400;\" aria-level=\"1\"><span style=\"font-weight: 400;\">Sistema de programaci\u00f3n y compatibilidad autom\u00e1tica con todo tipo de terrenos y suelos rocosos, monta\u00f1osos, arenosos y fangosos.<\/span><\/li>\n<li style=\"font-weight: 400;\" aria-level=\"1\"><span style=\"font-weight: 400;\">Tiene funci\u00f3n de indicador de nivel de bater\u00eda y ca\u00edda de voltaje<\/span><\/li>\n<li style=\"font-weight: 400;\" aria-level=\"1\"><span style=\"font-weight: 400;\">Indicador luminoso interactivo, reacciona gradualmente al acercarse o alejarse del metal<\/span><\/li>\n<li style=\"font-weight: 400;\" aria-level=\"1\"><span style=\"font-weight: 400;\">Indicador interactivo de respuesta auditiva y visual, que proporciona una determinaci\u00f3n precisa del tama\u00f1o del metal de acuerdo con la fuerza de la sensibilidad<\/span><\/li>\n<li style=\"font-weight: 400;\" aria-level=\"1\"><span style=\"font-weight: 400;\">La duraci\u00f3n de la bater\u00eda en modo de uso es de 8 horas<\/span><\/li>\n<li style=\"font-weight: 400;\" aria-level=\"1\"><span style=\"font-weight: 400;\">Sistema de env\u00edo y recepci\u00f3n de se\u00f1ales (HSW) avanzado y preciso, que es proporcionado exclusivamente por MWF, a trav\u00e9s de sus procesos de estudio y desarrollo moderno para la forma de la se\u00f1al y su carga en trayectorias de onda altamente sensibles.<\/span><\/li>\n<li style=\"font-weight: 400;\" aria-level=\"1\"><span style=\"font-weight: 400;\">Este dispositivo est\u00e1 fabricado con los mejores pl\u00e1sticos, componentes y circuitos electr\u00f3nicos con est\u00e1ndares internacionales.<\/span><\/li>\n<li style=\"font-weight: 400;\" aria-level=\"1\">Precisi\u00f3n y alta calidad en la fabricaci\u00f3n y el rendimiento.<\/li>\n<\/ul>\n<\/div>\n<div class=\"col-md-6 col-ms-12\">\n<div class=\"tab-image\"><img decoding=\"async\" src=\"https:\/\/mwf-metaldetectors.com\/wp-content\/uploads\/2022\/12\/BIG-MAIN-IMAGE-2.jpg.webp\" alt=\"chispa\"><\/div>\n<\/div>\n<\/div>\n<\/div>\n","protected":false},"excerpt":{"rendered":"<p>&nbsp;<\/p>\n<div class=\"row bg-transparent text-center mt-0 \">\n<div class=\"col\">\n<p class=\" mb-3\"><img loading=\"lazy\" decoding=\"async\" class=\"mt-3\" role=\"img\" src=\"https:\/\/mwf-metaldetectors.com\/wp-content\/uploads\/2021\/12\/battary-01-1.svg\" width=\"40\" height=\"40\"><\/p>\n<h6 class=\"text-white mb-0\">Bater\u00eda<\/h6>\n<p class=\"text-white-50 mb-0\">8 Horas de trabajo<\/p>\n<\/div>\n<div class=\"col\">\n<p class=\" mb-3\"><img loading=\"lazy\" decoding=\"async\" class=\"mt-3\" role=\"img\" src=\"https:\/\/mwf-metaldetectors.com\/wp-content\/uploads\/2022\/01\/screen33-01.svg\" width=\"40\" height=\"40\"><\/p>\n<h6 class=\"text-white mb-0\">Pantalla<\/h6>\n<p class=\"text-white-50 mb-0\">Interfaz LED<\/p>\n<\/div>\n<div class=\"col\">\n<p class=\" mb-3\"><img loading=\"lazy\" decoding=\"async\" class=\"mt-3\" role=\"img\" src=\"https:\/\/mwf-metaldetectors.com\/wp-content\/uploads\/2021\/12\/Devices-01.svg\" width=\"40\" height=\"40\"><\/p>\n<h6 class=\"text-white mb-0\">Sistema de dispositivos<\/h6>\n<p class=\"text-white-50 mb-0\">Radar i\u00f3nico incorporado<\/p>\n<\/div>\n<\/div>\n<div class=\"row bg-transparent text-center \">\n<div class=\"col\">\n<p class=\" mb-3\"><img loading=\"lazy\" decoding=\"async\" class=\"mt-3\" role=\"img\" src=\"https:\/\/mwf-metaldetectors.com\/wp-content\/uploads\/2022\/01\/MOKABIRA33-01.svg\" width=\"40\" height=\"40\"><\/p>\n<h6 class=\"text-white mb-0\">Discriminaci\u00f3n entre objetivos<\/h6>\n<p class=\"text-white-50 mb-0\">S\u00ed (por opci\u00f3n)<\/p>\n<\/div>\n<div class=\"col\">\n<p class=\" mb-3\"><img loading=\"lazy\" decoding=\"async\" class=\"mt-3\" role=\"img\" src=\"https:\/\/mwf-metaldetectors.com\/wp-content\/uploads\/2021\/12\/layar-01.svg\" width=\"40\" height=\"40\"><\/p>\n<h6 class=\"text-white mb-0\">Profundidad<\/h6>\n<p class=\"text-white-50 mb-0\">De 0 a 5m<\/p>\n<\/div>\n<div class=\"col\">\n<p class=\" mb-3\"><img loading=\"lazy\" decoding=\"async\" class=\"mt-3\" role=\"img\" src=\"https:\/\/mwf-metaldetectors.com\/wp-content\/uploads\/2021\/12\/Betwen-01.svg\" width=\"40\" height=\"40\"><\/p>\n<h6 class=\"text-white mb-0\">Distancia<\/h6>\n<p class=\"text-white-50 mb-0\">De 0 a 20m<\/p>\n<\/div>\n<\/div>\n","protected":false},"featured_media":55243,"comment_status":"open","ping_status":"closed","template":"","meta":{"_acf_changed":false,"rs_blank_template":"","rs_page_bg_color":"","slide_template_v7":"","_joinchat":[]},"product_brand":[],"product_cat":[146,192,380,143,140,385],"product_tag":[],"class_list":{"0":"post-32553","1":"product","2":"type-product","3":"status-publish","4":"has-post-thumbnail","6":"product_cat-detector-de-metales","7":"product_cat-treasures-es","8":"product_cat-portable-metal-detectors-es","9":"product_cat-detectores-de-oro","10":"product_cat-dispositivos-y-sistemas-de-deteccion-acustica","11":"product_cat-sistemas-portatiles-y-de-puntero","12":"product_shipping_class-free-shipping-es","14":"first","15":"instock","16":"featured","17":"shipping-taxable","18":"purchasable","19":"product-type-simple"},"acf":[],"_links":{"self":[{"href":"https:\/\/mwf-metaldetectors.com\/es\/wp-json\/wp\/v2\/product\/32553","targetHints":{"allow":["GET"]}}],"collection":[{"href":"https:\/\/mwf-metaldetectors.com\/es\/wp-json\/wp\/v2\/product"}],"about":[{"href":"https:\/\/mwf-metaldetectors.com\/es\/wp-json\/wp\/v2\/types\/product"}],"replies":[{"embeddable":true,"href":"https:\/\/mwf-metaldetectors.com\/es\/wp-json\/wp\/v2\/comments?post=32553"}],"wp:featuredmedia":[{"embeddable":true,"href":"https:\/\/mwf-metaldetectors.com\/es\/wp-json\/wp\/v2\/media\/55243"}],"wp:attachment":[{"href":"https:\/\/mwf-metaldetectors.com\/es\/wp-json\/wp\/v2\/media?parent=32553"}],"wp:term":[{"taxonomy":"product_brand","embeddable":true,"href":"https:\/\/mwf-metaldetectors.com\/es\/wp-json\/wp\/v2\/product_brand?post=32553"},{"taxonomy":"product_cat","embeddable":true,"href":"https:\/\/mwf-metaldetectors.com\/es\/wp-json\/wp\/v2\/product_cat?post=32553"},{"taxonomy":"product_tag","embeddable":true,"href":"https:\/\/mwf-metaldetectors.com\/es\/wp-json\/wp\/v2\/product_tag?post=32553"}],"curies":[{"name":"wp","href":"https:\/\/api.w.org\/{rel}","templated":true}]}}