{"id":13115,"date":"2021-12-16T12:22:51","date_gmt":"2021-12-16T12:22:51","guid":{"rendered":"https:\/\/mwf-metaldetectors.com\/product\/gold-radar\/"},"modified":"2025-08-16T10:24:28","modified_gmt":"2025-08-16T10:24:28","slug":"gold-radar-es","status":"publish","type":"product","link":"https:\/\/mwf-metaldetectors.com\/es\/producto\/gold-radar-es\/","title":{"rendered":"Gold Radar: Encuentra tesoros ocultos bajo tierra"},"content":{"rendered":"<div class=\"container\">\n<div class=\"row \">\n<div class=\"col-md-6 col-xs-6 my-4 \"><img decoding=\"async\" class=\"tab-image\" src=\"https:\/\/mwf-metaldetectors.com\/wp-content\/uploads\/2021\/12\/radaren-1.png.webp\"><\/div>\n<div class=\"col-md-6 col-xs-6 my-4 \"><img decoding=\"async\" class=\"tab-image\" src=\"https:\/\/mwf-metaldetectors.com\/wp-content\/uploads\/2021\/12\/radaren-2.png.webp\"><\/div>\n<\/div>\n<div class=\"row \">\n<div class=\"col-md-6 col-xs-6 my-4 \"><img decoding=\"async\" class=\"tab-image\" src=\"https:\/\/mwf-metaldetectors.com\/wp-content\/uploads\/2021\/12\/radaren-3.png.webp\"><\/div>\n<div class=\"col-md-6 col-xs-6 my-4 \"><img decoding=\"async\" class=\"tab-image\" src=\"https:\/\/mwf-metaldetectors.com\/wp-content\/uploads\/2021\/12\/radaren-4.png.webp\"><\/div>\n<\/div>\n<div class=\"row \">\n<div class=\"col-md-6 col-xs-6 my-4 \"><img decoding=\"async\" class=\"tab-image\" src=\"https:\/\/mwf-metaldetectors.com\/wp-content\/uploads\/2021\/12\/radaren-5.png.webp\"><\/div>\n<div class=\"col-md-6 col-xs-6 my-4 \"><img decoding=\"async\" class=\"tab-image\" src=\"https:\/\/mwf-metaldetectors.com\/wp-content\/uploads\/2021\/12\/radaren-6.png.webp\"><\/div>\n<\/div>\n<div class=\"row \">\n<div class=\"col-md-6 col-xs-6 my-4 \"><img decoding=\"async\" class=\"tab-image\" src=\"https:\/\/mwf-metaldetectors.com\/wp-content\/uploads\/2021\/12\/radaren-7.png.webp\"><\/div>\n<div class=\"col-md-6 col-xs-6 my-4 \"><img decoding=\"async\" class=\"tab-image\" src=\"https:\/\/mwf-metaldetectors.com\/wp-content\/uploads\/2021\/12\/radaren-8.png.webp\"><\/div>\n<\/div>\n<div class=\"row \">\n<div class=\"col-md-6 col-xs-6 my-4 \"><img decoding=\"async\" class=\"tab-image\" src=\"https:\/\/mwf-metaldetectors.com\/wp-content\/uploads\/2021\/12\/radaren-9.png.webp\"><\/div>\n<\/div>\n<h4>Radar de oro &#8211; Dispositivo detector de oro\u00bb Sistema de detecci\u00f3n de radar y j\u00f3nico incorporado para detectar y buscar oro bajo tierra:<\/h4>\n<blockquote><p>Nueva innovaci\u00f3n cient\u00edfica en el mundo de los dispositivos de detecci\u00f3n y exploraci\u00f3n de oro, Gold Radar es el resultado de muchas pruebas y largos estudios, que duraron m\u00e1s de tres a\u00f1os. Gold Radar es uno de los dispositivos m\u00e1s f\u00e1ciles de manejar en el software, m\u00e1s r\u00e1pido y preciso de detecci\u00f3n de ubicaci\u00f3n de objetivos.<\/p><\/blockquote>\n<div class=\"row flex-column-reverse flex-lg-row\">\n<div class=\"col-md-6 col-ms-12 \">\n<ul>\n<li>Sistema de radar inteligente de alta precisi\u00f3n y rendimiento de las t\u00e9cnicas de detecci\u00f3n y b\u00fasqueda.<\/li>\n<li>Detector inteligente con modernas t\u00e9cnicas de operaci\u00f3n y detecci\u00f3n para detectar y buscar oro enterrado bajo tierra.<\/li>\n<li>Nueva y sofisticada innovaci\u00f3n cient\u00edfica en el mundo de los dispositivos de detecci\u00f3n i\u00f3nica y radar especializados en la detecci\u00f3n de oro.<\/li>\n<li>La pantalla t\u00e1ctil TFT a color de 3,2 pulgadas HD ofrece al usuario una visi\u00f3n clara de d\u00eda y de noche.<\/li>\n<li>El dispositivo proporciona al usuario varios resultados, que consisten en lo siguiente:\n<ol>\n<li>La interfaz del sistema de detecci\u00f3n de radar a trav\u00e9s de la detecci\u00f3n avanzada de radar.<\/li>\n<li>Dibujar los puntos y ubicaciones de los objetivos en la pantalla del radar.<\/li>\n<li>Aclare el tama\u00f1o objetivo dibujando el alcance de la se\u00f1al en los sistemas en pantalla.<\/li>\n<li>El indicador ac\u00fastico interactivo interact\u00faa hacia arriba cada vez que se acerca al centro del objetivo.<\/li>\n<li>Sistema de vibraci\u00f3n. Opcional, para que el usuario pueda ejecutar la alarma de vibraci\u00f3n en el centro del punto del objetivo. <\/li>\n<li>Seleccionando Interfaz para el tipo de lugar en el que desea buscarlo:\n<ul>&#8211; B\u00fasqueda en zonas monta\u00f1osas.- B\u00fasqueda en el interior de las casas antiguas.- B\u00fasqueda en coche.<\/ul>\n<\/li>\n<\/ol>\n<\/li>\n<li>La configuraci\u00f3n de la interfaz inteligente le brinda un control completo de la configuraci\u00f3n de los programas del dispositivo.<\/li>\n<li>El dispositivo es compatible con reloj digital, para ver la hora clara, con una interfaz de configuraci\u00f3n de fecha y hora.<\/li>\n<li>Puede usar el dispositivo dentro del autom\u00f3vil mientras conduce o tambi\u00e9n conduciendo una motocicleta porque las longitudes de onda del dispositivo responden a la velocidad y pueden analizar las se\u00f1ales de datos muy r\u00e1pidamente.<\/li>\n<li>F\u00e1cil de trabajar y de usar, cualquiera puede usarlo.<\/li>\n<li>El dispositivo se caracteriza por su peque\u00f1o tama\u00f1o, ayuda a facilitar el movimiento y funciona en \u00e1reas cr\u00edticas.<\/li>\n<li>Sistemas internos de filtrado de se\u00f1ales, para evitar cualquier confusi\u00f3n resultante de cualquier rango de frecuencias de ondas de radio presentes en el aire, lo que afecta a muchos otros dispositivos.<\/li>\n<li>Un sistema para enviar y recibir la se\u00f1al, el avanzado y preciso (HSW), que es exclusivo del Grupo MWF, a trav\u00e9s de los estudios y procesos de desarrollo modernos en forma de se\u00f1al y cargada en una ruta de ondas de alta sensibilidad.<\/li>\n<\/ul>\n<\/div>\n<div class=\"col-md-6 col-ms-12\">\n<div class=\"tab-image\"><img decoding=\"async\" src=\"https:\/\/mwf-metaldetectors.com\/wp-content\/uploads\/2021\/12\/BIG-MAIN-IMAGE-7.jpg.webp\" alt=\"radar-dorado\"><\/div>\n<\/div>\n<div class=\"col-md-12 col-ms-12\">\n<ul>\n<li>Sistema de Ajuste Autom\u00e1tico (ATS) Invenci\u00f3n especial y nuevo, favor registrado de MWF GROUP, este sistema proporciona resultados precisos y seguros en todo tipo de suelos y terrenos porque el sistema reconoce el suelo autom\u00e1ticamente, otorga al proceso de b\u00fasqueda un ajuste autom\u00e1tico acorde con el tipo de suelo y las propiedades del suelo, Con la abolici\u00f3n de cualquier radiaci\u00f3n de superposici\u00f3n resultante del efecto del territorio rocoso y monta\u00f1oso,  lo que puede afectar a muchos otros detectores, pero este sistema inteligente puede clasificar y analizar y proporcionar los niveles necesarios que se relacionan con la se\u00f1al de frecuencia, el voltaje y la longitud de onda de la se\u00f1al, lo que da resultados libres de errores.<\/li>\n<li>Alta calidad y rendimiento preciso, fabricando este producto con los mejores elast\u00f3meros, componentes electr\u00f3nicos y circuitos con est\u00e1ndares internacionales.<\/li>\n<li>Ligero, que ayuda al usuario a trabajar sin esfuerzo ni fatiga.<\/li>\n<\/ul>\n<\/div>\n<\/div>\n<\/div>\n","protected":false},"excerpt":{"rendered":"<div class=\"row bg-transparent text-center mt-0 \">\n<div class=\"col\">\n<p class=\" mb-3\"><img loading=\"lazy\" decoding=\"async\" class=\"mt-3\" role=\"img\" src=\"https:\/\/mwf-metaldetectors.com\/wp-content\/uploads\/2021\/12\/battary-01-1.svg\" width=\"40\" height=\"40\"><\/p>\n<h6 class=\"text-white mb-0\">Bater\u00eda<\/h6>\n<p class=\"text-white-50 mb-0\">8 Horas de trabajo<\/p>\n<\/div>\n<div class=\"col\">\n<p class=\" mb-3\"><img loading=\"lazy\" decoding=\"async\" class=\"mt-3\" role=\"img\" src=\"https:\/\/mwf-metaldetectors.com\/wp-content\/uploads\/2022\/01\/screen33-01.svg\" width=\"40\" height=\"40\"><\/p>\n<h6 class=\"text-white mb-0\">Pantalla<\/h6>\n<p class=\"text-white-50 mb-0\">Monitor TFT a color de 4,3&#8243;<\/p>\n<\/div>\n<div class=\"col\">\n<p class=\" mb-3\"><img loading=\"lazy\" decoding=\"async\" class=\"mt-3\" role=\"img\" src=\"https:\/\/mwf-metaldetectors.com\/wp-content\/uploads\/2021\/12\/Devices-01.svg\" width=\"40\" height=\"40\"><\/p>\n<h6 class=\"text-white mb-0\">Sistema de dispositivos<\/h6>\n<p class=\"text-white-50 mb-0\">Sistema de b\u00fasqueda i\u00f3nica y de radar incorporado<\/p>\n<\/div>\n<\/div>\n<div class=\"row bg-transparent text-center \">\n<div class=\"col\">\n<p class=\" mb-3\"><img loading=\"lazy\" decoding=\"async\" class=\"mt-3\" role=\"img\" src=\"https:\/\/mwf-metaldetectors.com\/wp-content\/uploads\/2022\/01\/MOKABIRA33-01.svg\" width=\"40\" height=\"40\"><\/p>\n<h6 class=\"text-white mb-0\">Discriminaci\u00f3n entre objetivos<\/h6>\n<p class=\"text-white-50 mb-0\">S\u00ed, solo detecta oro<\/p>\n<\/div>\n<div class=\"col\">\n<p class=\" mb-3\"><img loading=\"lazy\" decoding=\"async\" class=\"mt-3\" role=\"img\" src=\"https:\/\/mwf-metaldetectors.com\/wp-content\/uploads\/2021\/12\/layar-01.svg\" width=\"40\" height=\"40\"><\/p>\n<h6 class=\"text-white mb-0\">Profundidad<\/h6>\n<p class=\"text-white-50 mb-0\">De 0 a <strong>50 <\/strong>m<\/p>\n<\/div>\n<div class=\"col\">\n<p class=\" mb-3\"><img loading=\"lazy\" decoding=\"async\" class=\"mt-3\" role=\"img\" src=\"https:\/\/mwf-metaldetectors.com\/wp-content\/uploads\/2021\/12\/Betwen-01.svg\" width=\"40\" height=\"40\"><\/p>\n<h6 class=\"text-white mb-0\">Distancia<\/h6>\n<p class=\"text-white-50 mb-0\">100 metros<\/p>\n<\/div>\n<\/div>\n<p>&nbsp;<\/p>\n<p>&nbsp;<\/p>\n","protected":false},"featured_media":13120,"comment_status":"open","ping_status":"closed","template":"","meta":{"_acf_changed":false,"rs_blank_template":"","rs_page_bg_color":"","slide_template_v7":"","_joinchat":[]},"product_brand":[],"product_cat":[192,143,140,166],"product_tag":[],"class_list":{"0":"post-13115","1":"product","2":"type-product","3":"status-publish","4":"has-post-thumbnail","6":"product_cat-treasures-es","7":"product_cat-detectores-de-oro","8":"product_cat-dispositivos-y-sistemas-de-deteccion-acustica","9":"product_cat-sistemas-y-dispositivos-de-busqueda-de-iones","11":"first","12":"instock","13":"sale","14":"shipping-taxable","15":"purchasable","16":"product-type-simple"},"acf":[],"yoast_head":"<!-- This site is optimized with the Yoast SEO plugin v27.6 - https:\/\/yoast.com\/product\/yoast-seo-wordpress\/ -->\n<title>Gold Radar: Encuentra tesoros ocultos bajo tierra<\/title>\n<meta name=\"description\" content=\"Descubra tesoros de oro subterr\u00e1neos con Gold Radar, el avanzado sistema de detecci\u00f3n i\u00f3nica y de radar para b\u00fasquedas r\u00e1pidas y precisas.\" \/>\n<meta name=\"robots\" content=\"index, follow, max-snippet:-1, max-image-preview:large, max-video-preview:-1\" \/>\n<link rel=\"canonical\" href=\"https:\/\/mwf-metaldetectors.com\/es\/producto\/gold-radar-es\/\" \/>\n<meta property=\"og:locale\" content=\"es_ES\" \/>\n<meta property=\"og:type\" content=\"article\" \/>\n<meta property=\"og:title\" content=\"Gold Radar: Encuentra tesoros ocultos bajo tierra\" \/>\n<meta property=\"og:description\" content=\"Descubra tesoros de oro subterr\u00e1neos con Gold Radar, el avanzado sistema de detecci\u00f3n i\u00f3nica y de radar para b\u00fasquedas r\u00e1pidas y precisas.\" \/>\n<meta property=\"og:url\" content=\"https:\/\/mwf-metaldetectors.com\/es\/producto\/gold-radar-es\/\" \/>\n<meta property=\"og:site_name\" content=\"MWF Metal Detectors | Gold Detectors | Gems, Water, Treasures Locator\" \/>\n<meta property=\"article:publisher\" content=\"https:\/\/www.facebook.com\/mwfdetector\/\" \/>\n<meta property=\"article:modified_time\" content=\"2025-08-16T10:24:28+00:00\" \/>\n<meta property=\"og:image\" content=\"https:\/\/mwf-metaldetectors.com\/wp-content\/uploads\/2021\/12\/main-image4-13.jpg\" \/>\n\t<meta property=\"og:image:width\" content=\"1000\" \/>\n\t<meta property=\"og:image:height\" content=\"993\" \/>\n\t<meta property=\"og:image:type\" content=\"image\/jpeg\" \/>\n<meta name=\"twitter:card\" content=\"summary_large_image\" \/>\n<meta name=\"twitter:site\" content=\"@mwfdetectors\" \/>\n<meta name=\"twitter:label1\" content=\"Tiempo de lectura\" \/>\n\t<meta name=\"twitter:data1\" content=\"3 minutos\" \/>\n<script type=\"application\/ld+json\" class=\"yoast-schema-graph\">{\"@context\":\"https:\\\/\\\/schema.org\",\"@graph\":[{\"@type\":\"WebPage\",\"@id\":\"https:\\\/\\\/mwf-metaldetectors.com\\\/es\\\/producto\\\/gold-radar-es\\\/\",\"url\":\"https:\\\/\\\/mwf-metaldetectors.com\\\/es\\\/producto\\\/gold-radar-es\\\/\",\"name\":\"Gold Radar: Encuentra tesoros ocultos bajo tierra\",\"isPartOf\":{\"@id\":\"https:\\\/\\\/mwf-metaldetectors.com\\\/es\\\/#website\"},\"primaryImageOfPage\":{\"@id\":\"https:\\\/\\\/mwf-metaldetectors.com\\\/es\\\/producto\\\/gold-radar-es\\\/#primaryimage\"},\"image\":{\"@id\":\"https:\\\/\\\/mwf-metaldetectors.com\\\/es\\\/producto\\\/gold-radar-es\\\/#primaryimage\"},\"thumbnailUrl\":\"https:\\\/\\\/mwf-metaldetectors.com\\\/wp-content\\\/uploads\\\/2021\\\/12\\\/main-image4-13.jpg\",\"datePublished\":\"2021-12-16T12:22:51+00:00\",\"dateModified\":\"2025-08-16T10:24:28+00:00\",\"description\":\"Descubra tesoros de oro subterr\u00e1neos con Gold Radar, el avanzado sistema de detecci\u00f3n i\u00f3nica y de radar para b\u00fasquedas r\u00e1pidas y precisas.\",\"breadcrumb\":{\"@id\":\"https:\\\/\\\/mwf-metaldetectors.com\\\/es\\\/producto\\\/gold-radar-es\\\/#breadcrumb\"},\"inLanguage\":\"es\",\"potentialAction\":[{\"@type\":\"ReadAction\",\"target\":[\"https:\\\/\\\/mwf-metaldetectors.com\\\/es\\\/producto\\\/gold-radar-es\\\/\"]}]},{\"@type\":\"ImageObject\",\"inLanguage\":\"es\",\"@id\":\"https:\\\/\\\/mwf-metaldetectors.com\\\/es\\\/producto\\\/gold-radar-es\\\/#primaryimage\",\"url\":\"https:\\\/\\\/mwf-metaldetectors.com\\\/wp-content\\\/uploads\\\/2021\\\/12\\\/main-image4-13.jpg\",\"contentUrl\":\"https:\\\/\\\/mwf-metaldetectors.com\\\/wp-content\\\/uploads\\\/2021\\\/12\\\/main-image4-13.jpg\",\"width\":1000,\"height\":993},{\"@type\":\"BreadcrumbList\",\"@id\":\"https:\\\/\\\/mwf-metaldetectors.com\\\/es\\\/producto\\\/gold-radar-es\\\/#breadcrumb\",\"itemListElement\":[{\"@type\":\"ListItem\",\"position\":1,\"name\":\"\u062c\u0645\u064a\u0639 \u0627\u0644\u0627\u062c\u0647\u0632\u0629 \u0648 \u0627\u0644\u0627\u0643\u0633\u0633\u0648\u0627\u0631\u0627\u062a\",\"item\":\"https:\\\/\\\/mwf-metaldetectors.com\\\/ar\\\/shop-2\\\/\"},{\"@type\":\"ListItem\",\"position\":2,\"name\":\"Gold Radar: Encuentra tesoros ocultos bajo tierra\"}]},{\"@type\":\"WebSite\",\"@id\":\"https:\\\/\\\/mwf-metaldetectors.com\\\/es\\\/#website\",\"url\":\"https:\\\/\\\/mwf-metaldetectors.com\\\/es\\\/\",\"name\":\"MWF Detectors\",\"description\":\"MWF Group of Companies and Factories, specializing in the manufacture and trade of metal detectors.\",\"publisher\":{\"@id\":\"https:\\\/\\\/mwf-metaldetectors.com\\\/es\\\/#organization\"},\"alternateName\":\"MWF Metal And Gold And Water Detectors\",\"potentialAction\":[{\"@type\":\"SearchAction\",\"target\":{\"@type\":\"EntryPoint\",\"urlTemplate\":\"https:\\\/\\\/mwf-metaldetectors.com\\\/es\\\/?s={search_term_string}\"},\"query-input\":{\"@type\":\"PropertyValueSpecification\",\"valueRequired\":true,\"valueName\":\"search_term_string\"}}],\"inLanguage\":\"es\"},{\"@type\":\"Organization\",\"@id\":\"https:\\\/\\\/mwf-metaldetectors.com\\\/es\\\/#organization\",\"name\":\"MWF Detector\",\"alternateName\":\"MWF Group of Companies and Factories, specializing in the manufacture and trade of metal detectors.\",\"url\":\"https:\\\/\\\/mwf-metaldetectors.com\\\/es\\\/\",\"logo\":{\"@type\":\"ImageObject\",\"inLanguage\":\"es\",\"@id\":\"https:\\\/\\\/mwf-metaldetectors.com\\\/es\\\/#\\\/schema\\\/logo\\\/image\\\/\",\"url\":\"https:\\\/\\\/mwf-metaldetectors.com\\\/wp-content\\\/uploads\\\/2023\\\/06\\\/cropped-logodf1-copy.png\",\"contentUrl\":\"https:\\\/\\\/mwf-metaldetectors.com\\\/wp-content\\\/uploads\\\/2023\\\/06\\\/cropped-logodf1-copy.png\",\"width\":512,\"height\":512,\"caption\":\"MWF Detector\"},\"image\":{\"@id\":\"https:\\\/\\\/mwf-metaldetectors.com\\\/es\\\/#\\\/schema\\\/logo\\\/image\\\/\"},\"sameAs\":[\"https:\\\/\\\/www.facebook.com\\\/mwfdetector\\\/\",\"https:\\\/\\\/x.com\\\/mwfdetectors\",\"https:\\\/\\\/www.youtube.com\\\/user\\\/MWFDETECTORS\"]}]}<\/script>\n<!-- \/ Yoast SEO plugin. -->","yoast_head_json":{"title":"Gold Radar: Encuentra tesoros ocultos bajo tierra","description":"Descubra tesoros de oro subterr\u00e1neos con Gold Radar, el avanzado sistema de detecci\u00f3n i\u00f3nica y de radar para b\u00fasquedas r\u00e1pidas y precisas.","robots":{"index":"index","follow":"follow","max-snippet":"max-snippet:-1","max-image-preview":"max-image-preview:large","max-video-preview":"max-video-preview:-1"},"canonical":"https:\/\/mwf-metaldetectors.com\/es\/producto\/gold-radar-es\/","og_locale":"es_ES","og_type":"article","og_title":"Gold Radar: Encuentra tesoros ocultos bajo tierra","og_description":"Descubra tesoros de oro subterr\u00e1neos con Gold Radar, el avanzado sistema de detecci\u00f3n i\u00f3nica y de radar para b\u00fasquedas r\u00e1pidas y precisas.","og_url":"https:\/\/mwf-metaldetectors.com\/es\/producto\/gold-radar-es\/","og_site_name":"MWF Metal Detectors | Gold Detectors | Gems, Water, Treasures Locator","article_publisher":"https:\/\/www.facebook.com\/mwfdetector\/","article_modified_time":"2025-08-16T10:24:28+00:00","og_image":[{"width":1000,"height":993,"url":"https:\/\/mwf-metaldetectors.com\/wp-content\/uploads\/2021\/12\/main-image4-13.jpg","type":"image\/jpeg"}],"twitter_card":"summary_large_image","twitter_site":"@mwfdetectors","twitter_misc":{"Tiempo de lectura":"3 minutos"},"schema":{"@context":"https:\/\/schema.org","@graph":[{"@type":"WebPage","@id":"https:\/\/mwf-metaldetectors.com\/es\/producto\/gold-radar-es\/","url":"https:\/\/mwf-metaldetectors.com\/es\/producto\/gold-radar-es\/","name":"Gold Radar: Encuentra tesoros ocultos bajo tierra","isPartOf":{"@id":"https:\/\/mwf-metaldetectors.com\/es\/#website"},"primaryImageOfPage":{"@id":"https:\/\/mwf-metaldetectors.com\/es\/producto\/gold-radar-es\/#primaryimage"},"image":{"@id":"https:\/\/mwf-metaldetectors.com\/es\/producto\/gold-radar-es\/#primaryimage"},"thumbnailUrl":"https:\/\/mwf-metaldetectors.com\/wp-content\/uploads\/2021\/12\/main-image4-13.jpg","datePublished":"2021-12-16T12:22:51+00:00","dateModified":"2025-08-16T10:24:28+00:00","description":"Descubra tesoros de oro subterr\u00e1neos con Gold Radar, el avanzado sistema de detecci\u00f3n i\u00f3nica y de radar para b\u00fasquedas r\u00e1pidas y precisas.","breadcrumb":{"@id":"https:\/\/mwf-metaldetectors.com\/es\/producto\/gold-radar-es\/#breadcrumb"},"inLanguage":"es","potentialAction":[{"@type":"ReadAction","target":["https:\/\/mwf-metaldetectors.com\/es\/producto\/gold-radar-es\/"]}]},{"@type":"ImageObject","inLanguage":"es","@id":"https:\/\/mwf-metaldetectors.com\/es\/producto\/gold-radar-es\/#primaryimage","url":"https:\/\/mwf-metaldetectors.com\/wp-content\/uploads\/2021\/12\/main-image4-13.jpg","contentUrl":"https:\/\/mwf-metaldetectors.com\/wp-content\/uploads\/2021\/12\/main-image4-13.jpg","width":1000,"height":993},{"@type":"BreadcrumbList","@id":"https:\/\/mwf-metaldetectors.com\/es\/producto\/gold-radar-es\/#breadcrumb","itemListElement":[{"@type":"ListItem","position":1,"name":"\u062c\u0645\u064a\u0639 \u0627\u0644\u0627\u062c\u0647\u0632\u0629 \u0648 \u0627\u0644\u0627\u0643\u0633\u0633\u0648\u0627\u0631\u0627\u062a","item":"https:\/\/mwf-metaldetectors.com\/ar\/shop-2\/"},{"@type":"ListItem","position":2,"name":"Gold Radar: Encuentra tesoros ocultos bajo tierra"}]},{"@type":"WebSite","@id":"https:\/\/mwf-metaldetectors.com\/es\/#website","url":"https:\/\/mwf-metaldetectors.com\/es\/","name":"MWF Detectors","description":"MWF Group of Companies and Factories, specializing in the manufacture and trade of metal detectors.","publisher":{"@id":"https:\/\/mwf-metaldetectors.com\/es\/#organization"},"alternateName":"MWF Metal And Gold And Water Detectors","potentialAction":[{"@type":"SearchAction","target":{"@type":"EntryPoint","urlTemplate":"https:\/\/mwf-metaldetectors.com\/es\/?s={search_term_string}"},"query-input":{"@type":"PropertyValueSpecification","valueRequired":true,"valueName":"search_term_string"}}],"inLanguage":"es"},{"@type":"Organization","@id":"https:\/\/mwf-metaldetectors.com\/es\/#organization","name":"MWF Detector","alternateName":"MWF Group of Companies and Factories, specializing in the manufacture and trade of metal detectors.","url":"https:\/\/mwf-metaldetectors.com\/es\/","logo":{"@type":"ImageObject","inLanguage":"es","@id":"https:\/\/mwf-metaldetectors.com\/es\/#\/schema\/logo\/image\/","url":"https:\/\/mwf-metaldetectors.com\/wp-content\/uploads\/2023\/06\/cropped-logodf1-copy.png","contentUrl":"https:\/\/mwf-metaldetectors.com\/wp-content\/uploads\/2023\/06\/cropped-logodf1-copy.png","width":512,"height":512,"caption":"MWF Detector"},"image":{"@id":"https:\/\/mwf-metaldetectors.com\/es\/#\/schema\/logo\/image\/"},"sameAs":["https:\/\/www.facebook.com\/mwfdetector\/","https:\/\/x.com\/mwfdetectors","https:\/\/www.youtube.com\/user\/MWFDETECTORS"]}]}},"_links":{"self":[{"href":"https:\/\/mwf-metaldetectors.com\/es\/wp-json\/wp\/v2\/product\/13115","targetHints":{"allow":["GET"]}}],"collection":[{"href":"https:\/\/mwf-metaldetectors.com\/es\/wp-json\/wp\/v2\/product"}],"about":[{"href":"https:\/\/mwf-metaldetectors.com\/es\/wp-json\/wp\/v2\/types\/product"}],"replies":[{"embeddable":true,"href":"https:\/\/mwf-metaldetectors.com\/es\/wp-json\/wp\/v2\/comments?post=13115"}],"wp:featuredmedia":[{"embeddable":true,"href":"https:\/\/mwf-metaldetectors.com\/es\/wp-json\/wp\/v2\/media\/13120"}],"wp:attachment":[{"href":"https:\/\/mwf-metaldetectors.com\/es\/wp-json\/wp\/v2\/media?parent=13115"}],"wp:term":[{"taxonomy":"product_brand","embeddable":true,"href":"https:\/\/mwf-metaldetectors.com\/es\/wp-json\/wp\/v2\/product_brand?post=13115"},{"taxonomy":"product_cat","embeddable":true,"href":"https:\/\/mwf-metaldetectors.com\/es\/wp-json\/wp\/v2\/product_cat?post=13115"},{"taxonomy":"product_tag","embeddable":true,"href":"https:\/\/mwf-metaldetectors.com\/es\/wp-json\/wp\/v2\/product_tag?post=13115"}],"curies":[{"name":"wp","href":"https:\/\/api.w.org\/{rel}","templated":true}]}}