{"id":13072,"date":"2021-12-16T12:22:51","date_gmt":"2021-12-16T12:22:51","guid":{"rendered":"https:\/\/mwf-metaldetectors.com\/product\/mf-1200-active\/"},"modified":"2025-08-21T08:33:48","modified_gmt":"2025-08-21T08:33:48","slug":"mf-1200-active-es","status":"publish","type":"product","link":"https:\/\/mwf-metaldetectors.com\/es\/producto\/mf-1200-active-es\/","title":{"rendered":"MF 1200 Active: Multidetector subterr\u00e1neo definitivo"},"content":{"rendered":"<div class=\"container\">\n<div class=\"row \">\n<div class=\"col-md-6 col-xs-6 my-4 \"><\/div>\n<\/div>\n<h4><strong>MF 1200 Activo<\/strong> Con 3 sistemas de detecci\u00f3n, multifuncional y multisistema<\/h4>\n<blockquote><p>Este dispositivo es un desarrollador del dispositivo MF 1200 Active, que ha sido actualizado y desarrollado en su totalidad, ha sido desarrollado con sistemas transceptores y equipado con m\u00e1s de un sistema de detecci\u00f3n de larga distancia para la b\u00fasqueda y detecci\u00f3n de objetivos subterr\u00e1neos.<\/p>\n<p>Compatible tambi\u00e9n con el sistema de detecci\u00f3n y verificaci\u00f3n i\u00f3nica, adem\u00e1s de multiling\u00fce con software moderno inteligente y pantalla TFT a color.<\/p>\n<p>MF 1200 ACTIVE, especialista en detecci\u00f3n y exploraci\u00f3n de recursos subterr\u00e1neos y minerales, oro, minerales, agua, piedras preciosas, diamantes, vac\u00edos y cavidades, con listas opcionales.<\/p>\n<p>Es un dispositivo de sistemas de detecci\u00f3n m\u00faltiple con varias funciones, le da al explorador resultados de alta precisi\u00f3n sobre los objetivos subterr\u00e1neos con puntos de localizaci\u00f3n de perforaci\u00f3n para el objetivo y la profundidad tambi\u00e9n, respaldado por sistemas operativos inteligentes, que brinda al usuario un control completo y r\u00e1pido en todas las configuraciones de los programas del dispositivo y sin problemas.<\/p><\/blockquote>\n<div class=\"row flex-column-reverse flex-lg-row\">\n<div class=\"col-md-6 col-ms-12 \">\n<ul>\n<li>MF 1200 ACTIVE\u00bb Trabaja sobre t\u00e9cnicas cient\u00edficas de car\u00e1cter electr\u00f3nico especial y mediante software desarrollado y \u00fanico.<\/li>\n<li>Sistemas de multidetecci\u00f3n y exploraci\u00f3n con las \u00faltimas t\u00e9cnicas avanzadas y sofisticadas para detectar y localizar los objetivos bajo tierra.<\/li>\n<li>Altos niveles de tecnolog\u00eda para la detecci\u00f3n y exploraci\u00f3n de recursos y minerales subterr\u00e1neos, oro, minerales, agua, piedras preciosas, vac\u00edos y tesoros.<\/li>\n<li>Frecuencias de ondas de alta precisi\u00f3n y rendimiento, capaces de penetrar en el subsuelo hasta 40 metros de profundidad, y la capacidad de detectar la distancia frontal y la extensi\u00f3n hasta 2 km.<\/li>\n<li>Sistema de Ajuste Autom\u00e1tico (ATS) Invenci\u00f3n especial y nuevo, registrado a favor de MWF GROUP, este sistema proporciona resultados precisos y seguros en todo tipo de suelos y terrenos, debido a que el sistema reconoce el suelo autom\u00e1ticamente, otorga al proceso de b\u00fasqueda un ajuste autom\u00e1tico acorde con el tipo de suelo y las propiedades del suelo, con la abolici\u00f3n de cualquier radiaci\u00f3n de superposici\u00f3n resultante del efecto del territorio rocoso y monta\u00f1oso,  Lo que puede afectar a muchos otros detectores, pero este sistema inteligente puede clasificar y analizar y proporcionar los niveles necesarios que se relacionan con la se\u00f1al de frecuencia, el voltaje y la longitud de onda de la se\u00f1al, lo que da resultados libres de errores.<\/li>\n<li>La pantalla TFT a color HD de 3,2 pulgadas brinda al usuario una visi\u00f3n clara de d\u00eda y de noche.<\/li>\n<li>Controle el nivel de la funci\u00f3n de brillo de la pantalla, que le brinda una iluminaci\u00f3n adecuada para el d\u00eda o la noche, y reduzca el nivel de iluminaci\u00f3n para ahorrar energ\u00eda tambi\u00e9n.<\/li>\n<li>Cinco niveles de sonido le brindan un control adecuado de la salida de sonido y se\u00f1alan los sonidos de los resultados de b\u00fasqueda.<\/li>\n<li>Por primera vez a nivel mundial en los dispositivos de detecci\u00f3n y exploraci\u00f3n exclusivamente en MWF Group, el dispositivo es compatible con sistemas inteligentes de operaci\u00f3n y detecci\u00f3n, interfaces inteligentes, sistema de conservaci\u00f3n de energ\u00eda, sistema de carga inteligente, multiling\u00fce y recordar el idioma del dispositivo, guardar configuraciones, control inteligente, tecnolog\u00eda Bluetooth y restablecimiento de f\u00e1brica.<\/li>\n<\/ul>\n<\/div>\n<div class=\"col-md-6 col-ms-12\"><img decoding=\"async\" class=\"tab-image\" src=\"https:\/\/mwf-metaldetectors.com\/wp-content\/uploads\/2021\/12\/big-main-image-2.jpg.webp\" alt=\"303\"><\/div>\n<\/div>\n<div class=\"col-md-12 col-ms-12\">\n<ul>\n<li>La interfaz de configuraci\u00f3n inteligente le brinda un control flexible y r\u00e1pido de todas las funciones y programas con facilidad.<\/li>\n<li>Funci\u00f3n inteligente de carga y bater\u00eda, que brinda al usuario un seguimiento preciso del nivel de la bater\u00eda y avisos sobre el nivel de la bater\u00eda y alertas antes de la entrada en vigor de la energ\u00eda, con sistemas de carga inteligentes que tambi\u00e9n brindan al usuario un seguimiento de la carga de la bater\u00eda cuando el dispositivo se enciende o apaga, y para averiguar el nivel de carga que se agrega,  todo en tiempo real.<\/li>\n<li>El dispositivo y los accesorios son de peque\u00f1o tama\u00f1o, lo que permite un movimiento r\u00e1pido con \u00f3rdenes de comunicaci\u00f3n inal\u00e1mbrica y est\u00e1n sujetos al desmontaje y montaje de todas las unidades y sistemas conectados.<\/li>\n<li>Sistema de conexi\u00f3n inal\u00e1mbrica, para conectarse con los sistemas de b\u00fasqueda que lo acompa\u00f1an, que env\u00eda \u00f3rdenes inal\u00e1mbricas al sistema de b\u00fasqueda para que sea explorado por \u00e9l y cambie su configuraci\u00f3n de forma remota, sin necesidad de conectar los cables y otras cosas que puedan impedir y retrasar el proceso de b\u00fasqueda y los resultados.<\/li>\n<li>Ligero, que ayuda al usuario a trabajar sin esfuerzo ni fatiga.<\/li>\n<\/ul>\n<\/div>\n<\/div>\n","protected":false},"excerpt":{"rendered":"<div class=\"row bg-transparent text-center mt-0 \">\n<div class=\"col\">\n<p class=\" mb-3\"><img loading=\"lazy\" decoding=\"async\" class=\"mt-3\" role=\"img\" src=\"https:\/\/mwf-metaldetectors.com\/wp-content\/uploads\/2021\/12\/battary-01-1.svg\" width=\"40\" height=\"40\"><\/p>\n<h6 class=\"text-white mb-0\">Bater\u00eda<\/h6>\n<p class=\"text-white-50 mb-0\">15 horas de trabajo<\/p>\n<\/div>\n<div class=\"col\">\n<p class=\" mb-3\"><img loading=\"lazy\" decoding=\"async\" class=\"mt-3\" role=\"img\" src=\"https:\/\/mwf-metaldetectors.com\/wp-content\/uploads\/2022\/01\/screen33-01.svg\" width=\"40\" height=\"40\"><\/p>\n<h6 class=\"text-white mb-0\">Pantalla<\/h6>\n<p class=\"text-white-50 mb-0\">LCD de 3,2&#8243; en color (TFT)<\/p>\n<\/div>\n<div class=\"col\">\n<p class=\" mb-3\"><img loading=\"lazy\" decoding=\"async\" class=\"mt-3\" role=\"img\" src=\"https:\/\/mwf-metaldetectors.com\/wp-content\/uploads\/2021\/12\/Devices-01.svg\" width=\"40\" height=\"40\"><\/p>\n<h6 class=\"text-white mb-0\">Sistema de dispositivos<\/h6>\n<p class=\"text-white-50 mb-0\">LRL (rastreador de mano y l\u00ednea) y detecci\u00f3n i\u00f3nica<\/p>\n<\/div>\n<\/div>\n<div class=\"row bg-transparent text-center \">\n<div class=\"col\">\n<p class=\" mb-3\"><img loading=\"lazy\" decoding=\"async\" class=\"mt-3\" role=\"img\" src=\"https:\/\/mwf-metaldetectors.com\/wp-content\/uploads\/2022\/01\/MOKABIRA33-01.svg\" width=\"40\" height=\"40\"><\/p>\n<h6 class=\"text-white mb-0\">Discriminaci\u00f3n entre objetivos<\/h6>\n<p class=\"text-white-50 mb-0\">S\u00ed (por opci\u00f3n)<\/p>\n<\/div>\n<div class=\"col\">\n<p class=\" mb-3\"><img loading=\"lazy\" decoding=\"async\" class=\"mt-3\" role=\"img\" src=\"https:\/\/mwf-metaldetectors.com\/wp-content\/uploads\/2021\/12\/layar-01.svg\" width=\"40\" height=\"40\"><\/p>\n<h6 class=\"text-white mb-0\">Profundidad<\/h6>\n<p class=\"text-white-50 mb-0\">40 m para todos los objetivos y 450 m para el agua<\/p>\n<\/div>\n<div class=\"col\">\n<p class=\" mb-3\"><img loading=\"lazy\" decoding=\"async\" class=\"mt-3\" role=\"img\" src=\"https:\/\/mwf-metaldetectors.com\/wp-content\/uploads\/2021\/12\/Betwen-01.svg\" width=\"40\" height=\"40\"><\/p>\n<h6 class=\"text-white mb-0\">Distancia<\/h6>\n<p class=\"text-white-50 mb-0\">De 0 a 2000m<\/p>\n<\/div>\n<\/div>\n","protected":false},"featured_media":13081,"comment_status":"open","ping_status":"closed","template":"","meta":{"_acf_changed":false,"rs_blank_template":"","rs_page_bg_color":"","slide_template_v7":"","_joinchat":[]},"product_brand":[],"product_cat":[146,192,148,141,167,143,145,140,144,166],"product_tag":[],"class_list":{"0":"post-13072","1":"product","2":"type-product","3":"status-publish","4":"has-post-thumbnail","6":"product_cat-detector-de-metales","7":"product_cat-treasures-es","8":"product_cat-detectores-de-agua","9":"product_cat-detectores-de-cuevas","10":"product_cat-detectores-de-gemas","11":"product_cat-detectores-de-oro","12":"product_cat-sistemas-de-busqueda-de-largo-alcance","13":"product_cat-dispositivos-y-sistemas-de-deteccion-acustica","14":"product_cat-sistemas-integrados-de-deteccion-y-exploracion","15":"product_cat-sistemas-y-dispositivos-de-busqueda-de-iones","16":"product_shipping_class-free-shipping-es","18":"first","19":"instock","20":"sale","21":"shipping-taxable","22":"purchasable","23":"product-type-simple"},"acf":[],"yoast_head":"<!-- This site is optimized with the Yoast SEO plugin v27.6 - https:\/\/yoast.com\/product\/yoast-seo-wordpress\/ -->\n<title>MF 1200 Active: Multidetector subterr\u00e1neo definitivo<\/title>\n<meta name=\"description\" content=\"Descubra tesoros subterr\u00e1neos con MF 1200 Active, un detector multisistema con sistemas de b\u00fasqueda i\u00f3nica para una exploraci\u00f3n precisa.\" \/>\n<meta name=\"robots\" content=\"index, follow, max-snippet:-1, max-image-preview:large, max-video-preview:-1\" \/>\n<link rel=\"canonical\" href=\"https:\/\/mwf-metaldetectors.com\/es\/producto\/mf-1200-active-es\/\" \/>\n<meta property=\"og:locale\" content=\"es_ES\" \/>\n<meta property=\"og:type\" content=\"article\" \/>\n<meta property=\"og:title\" content=\"MF 1200 Active: Multidetector subterr\u00e1neo definitivo\" \/>\n<meta property=\"og:description\" content=\"Descubra tesoros subterr\u00e1neos con MF 1200 Active, un detector multisistema con sistemas de b\u00fasqueda i\u00f3nica para una exploraci\u00f3n precisa.\" \/>\n<meta property=\"og:url\" content=\"https:\/\/mwf-metaldetectors.com\/es\/producto\/mf-1200-active-es\/\" \/>\n<meta property=\"og:site_name\" content=\"MWF Metal Detectors | Gold Detectors | Gems, Water, Treasures Locator\" \/>\n<meta property=\"article:publisher\" content=\"https:\/\/www.facebook.com\/mwfdetector\/\" \/>\n<meta property=\"article:modified_time\" content=\"2025-08-21T08:33:48+00:00\" \/>\n<meta property=\"og:image\" content=\"https:\/\/mwf-metaldetectors.com\/wp-content\/uploads\/2021\/12\/main-image4-4.jpg\" \/>\n\t<meta property=\"og:image:width\" content=\"1000\" \/>\n\t<meta property=\"og:image:height\" content=\"993\" \/>\n\t<meta property=\"og:image:type\" content=\"image\/jpeg\" \/>\n<meta name=\"twitter:card\" content=\"summary_large_image\" \/>\n<meta name=\"twitter:site\" content=\"@mwfdetectors\" \/>\n<meta name=\"twitter:label1\" content=\"Tiempo de lectura\" \/>\n\t<meta name=\"twitter:data1\" content=\"4 minutos\" \/>\n<script type=\"application\/ld+json\" class=\"yoast-schema-graph\">{\"@context\":\"https:\\\/\\\/schema.org\",\"@graph\":[{\"@type\":\"WebPage\",\"@id\":\"https:\\\/\\\/mwf-metaldetectors.com\\\/es\\\/producto\\\/mf-1200-active-es\\\/\",\"url\":\"https:\\\/\\\/mwf-metaldetectors.com\\\/es\\\/producto\\\/mf-1200-active-es\\\/\",\"name\":\"MF 1200 Active: Multidetector subterr\u00e1neo definitivo\",\"isPartOf\":{\"@id\":\"https:\\\/\\\/mwf-metaldetectors.com\\\/es\\\/#website\"},\"primaryImageOfPage\":{\"@id\":\"https:\\\/\\\/mwf-metaldetectors.com\\\/es\\\/producto\\\/mf-1200-active-es\\\/#primaryimage\"},\"image\":{\"@id\":\"https:\\\/\\\/mwf-metaldetectors.com\\\/es\\\/producto\\\/mf-1200-active-es\\\/#primaryimage\"},\"thumbnailUrl\":\"https:\\\/\\\/mwf-metaldetectors.com\\\/wp-content\\\/uploads\\\/2021\\\/12\\\/main-image4-4.jpg\",\"datePublished\":\"2021-12-16T12:22:51+00:00\",\"dateModified\":\"2025-08-21T08:33:48+00:00\",\"description\":\"Descubra tesoros subterr\u00e1neos con MF 1200 Active, un detector multisistema con sistemas de b\u00fasqueda i\u00f3nica para una exploraci\u00f3n precisa.\",\"breadcrumb\":{\"@id\":\"https:\\\/\\\/mwf-metaldetectors.com\\\/es\\\/producto\\\/mf-1200-active-es\\\/#breadcrumb\"},\"inLanguage\":\"es\",\"potentialAction\":[{\"@type\":\"ReadAction\",\"target\":[\"https:\\\/\\\/mwf-metaldetectors.com\\\/es\\\/producto\\\/mf-1200-active-es\\\/\"]}]},{\"@type\":\"ImageObject\",\"inLanguage\":\"es\",\"@id\":\"https:\\\/\\\/mwf-metaldetectors.com\\\/es\\\/producto\\\/mf-1200-active-es\\\/#primaryimage\",\"url\":\"https:\\\/\\\/mwf-metaldetectors.com\\\/wp-content\\\/uploads\\\/2021\\\/12\\\/main-image4-4.jpg\",\"contentUrl\":\"https:\\\/\\\/mwf-metaldetectors.com\\\/wp-content\\\/uploads\\\/2021\\\/12\\\/main-image4-4.jpg\",\"width\":1000,\"height\":993},{\"@type\":\"BreadcrumbList\",\"@id\":\"https:\\\/\\\/mwf-metaldetectors.com\\\/es\\\/producto\\\/mf-1200-active-es\\\/#breadcrumb\",\"itemListElement\":[{\"@type\":\"ListItem\",\"position\":1,\"name\":\"\u062c\u0645\u064a\u0639 \u0627\u0644\u0627\u062c\u0647\u0632\u0629 \u0648 \u0627\u0644\u0627\u0643\u0633\u0633\u0648\u0627\u0631\u0627\u062a\",\"item\":\"https:\\\/\\\/mwf-metaldetectors.com\\\/ar\\\/shop-2\\\/\"},{\"@type\":\"ListItem\",\"position\":2,\"name\":\"MF 1200 Active: Multidetector subterr\u00e1neo definitivo\"}]},{\"@type\":\"WebSite\",\"@id\":\"https:\\\/\\\/mwf-metaldetectors.com\\\/es\\\/#website\",\"url\":\"https:\\\/\\\/mwf-metaldetectors.com\\\/es\\\/\",\"name\":\"MWF Detectors\",\"description\":\"MWF Group of Companies and Factories, specializing in the manufacture and trade of metal detectors.\",\"publisher\":{\"@id\":\"https:\\\/\\\/mwf-metaldetectors.com\\\/es\\\/#organization\"},\"alternateName\":\"MWF Metal And Gold And Water Detectors\",\"potentialAction\":[{\"@type\":\"SearchAction\",\"target\":{\"@type\":\"EntryPoint\",\"urlTemplate\":\"https:\\\/\\\/mwf-metaldetectors.com\\\/es\\\/?s={search_term_string}\"},\"query-input\":{\"@type\":\"PropertyValueSpecification\",\"valueRequired\":true,\"valueName\":\"search_term_string\"}}],\"inLanguage\":\"es\"},{\"@type\":\"Organization\",\"@id\":\"https:\\\/\\\/mwf-metaldetectors.com\\\/es\\\/#organization\",\"name\":\"MWF Detector\",\"alternateName\":\"MWF Group of Companies and Factories, specializing in the manufacture and trade of metal detectors.\",\"url\":\"https:\\\/\\\/mwf-metaldetectors.com\\\/es\\\/\",\"logo\":{\"@type\":\"ImageObject\",\"inLanguage\":\"es\",\"@id\":\"https:\\\/\\\/mwf-metaldetectors.com\\\/es\\\/#\\\/schema\\\/logo\\\/image\\\/\",\"url\":\"https:\\\/\\\/mwf-metaldetectors.com\\\/wp-content\\\/uploads\\\/2023\\\/06\\\/cropped-logodf1-copy.png\",\"contentUrl\":\"https:\\\/\\\/mwf-metaldetectors.com\\\/wp-content\\\/uploads\\\/2023\\\/06\\\/cropped-logodf1-copy.png\",\"width\":512,\"height\":512,\"caption\":\"MWF Detector\"},\"image\":{\"@id\":\"https:\\\/\\\/mwf-metaldetectors.com\\\/es\\\/#\\\/schema\\\/logo\\\/image\\\/\"},\"sameAs\":[\"https:\\\/\\\/www.facebook.com\\\/mwfdetector\\\/\",\"https:\\\/\\\/x.com\\\/mwfdetectors\",\"https:\\\/\\\/www.youtube.com\\\/user\\\/MWFDETECTORS\"]}]}<\/script>\n<!-- \/ Yoast SEO plugin. -->","yoast_head_json":{"title":"MF 1200 Active: Multidetector subterr\u00e1neo definitivo","description":"Descubra tesoros subterr\u00e1neos con MF 1200 Active, un detector multisistema con sistemas de b\u00fasqueda i\u00f3nica para una exploraci\u00f3n precisa.","robots":{"index":"index","follow":"follow","max-snippet":"max-snippet:-1","max-image-preview":"max-image-preview:large","max-video-preview":"max-video-preview:-1"},"canonical":"https:\/\/mwf-metaldetectors.com\/es\/producto\/mf-1200-active-es\/","og_locale":"es_ES","og_type":"article","og_title":"MF 1200 Active: Multidetector subterr\u00e1neo definitivo","og_description":"Descubra tesoros subterr\u00e1neos con MF 1200 Active, un detector multisistema con sistemas de b\u00fasqueda i\u00f3nica para una exploraci\u00f3n precisa.","og_url":"https:\/\/mwf-metaldetectors.com\/es\/producto\/mf-1200-active-es\/","og_site_name":"MWF Metal Detectors | Gold Detectors | Gems, Water, Treasures Locator","article_publisher":"https:\/\/www.facebook.com\/mwfdetector\/","article_modified_time":"2025-08-21T08:33:48+00:00","og_image":[{"width":1000,"height":993,"url":"https:\/\/mwf-metaldetectors.com\/wp-content\/uploads\/2021\/12\/main-image4-4.jpg","type":"image\/jpeg"}],"twitter_card":"summary_large_image","twitter_site":"@mwfdetectors","twitter_misc":{"Tiempo de lectura":"4 minutos"},"schema":{"@context":"https:\/\/schema.org","@graph":[{"@type":"WebPage","@id":"https:\/\/mwf-metaldetectors.com\/es\/producto\/mf-1200-active-es\/","url":"https:\/\/mwf-metaldetectors.com\/es\/producto\/mf-1200-active-es\/","name":"MF 1200 Active: Multidetector subterr\u00e1neo definitivo","isPartOf":{"@id":"https:\/\/mwf-metaldetectors.com\/es\/#website"},"primaryImageOfPage":{"@id":"https:\/\/mwf-metaldetectors.com\/es\/producto\/mf-1200-active-es\/#primaryimage"},"image":{"@id":"https:\/\/mwf-metaldetectors.com\/es\/producto\/mf-1200-active-es\/#primaryimage"},"thumbnailUrl":"https:\/\/mwf-metaldetectors.com\/wp-content\/uploads\/2021\/12\/main-image4-4.jpg","datePublished":"2021-12-16T12:22:51+00:00","dateModified":"2025-08-21T08:33:48+00:00","description":"Descubra tesoros subterr\u00e1neos con MF 1200 Active, un detector multisistema con sistemas de b\u00fasqueda i\u00f3nica para una exploraci\u00f3n precisa.","breadcrumb":{"@id":"https:\/\/mwf-metaldetectors.com\/es\/producto\/mf-1200-active-es\/#breadcrumb"},"inLanguage":"es","potentialAction":[{"@type":"ReadAction","target":["https:\/\/mwf-metaldetectors.com\/es\/producto\/mf-1200-active-es\/"]}]},{"@type":"ImageObject","inLanguage":"es","@id":"https:\/\/mwf-metaldetectors.com\/es\/producto\/mf-1200-active-es\/#primaryimage","url":"https:\/\/mwf-metaldetectors.com\/wp-content\/uploads\/2021\/12\/main-image4-4.jpg","contentUrl":"https:\/\/mwf-metaldetectors.com\/wp-content\/uploads\/2021\/12\/main-image4-4.jpg","width":1000,"height":993},{"@type":"BreadcrumbList","@id":"https:\/\/mwf-metaldetectors.com\/es\/producto\/mf-1200-active-es\/#breadcrumb","itemListElement":[{"@type":"ListItem","position":1,"name":"\u062c\u0645\u064a\u0639 \u0627\u0644\u0627\u062c\u0647\u0632\u0629 \u0648 \u0627\u0644\u0627\u0643\u0633\u0633\u0648\u0627\u0631\u0627\u062a","item":"https:\/\/mwf-metaldetectors.com\/ar\/shop-2\/"},{"@type":"ListItem","position":2,"name":"MF 1200 Active: Multidetector subterr\u00e1neo definitivo"}]},{"@type":"WebSite","@id":"https:\/\/mwf-metaldetectors.com\/es\/#website","url":"https:\/\/mwf-metaldetectors.com\/es\/","name":"MWF Detectors","description":"MWF Group of Companies and Factories, specializing in the manufacture and trade of metal detectors.","publisher":{"@id":"https:\/\/mwf-metaldetectors.com\/es\/#organization"},"alternateName":"MWF Metal And Gold And Water Detectors","potentialAction":[{"@type":"SearchAction","target":{"@type":"EntryPoint","urlTemplate":"https:\/\/mwf-metaldetectors.com\/es\/?s={search_term_string}"},"query-input":{"@type":"PropertyValueSpecification","valueRequired":true,"valueName":"search_term_string"}}],"inLanguage":"es"},{"@type":"Organization","@id":"https:\/\/mwf-metaldetectors.com\/es\/#organization","name":"MWF Detector","alternateName":"MWF Group of Companies and Factories, specializing in the manufacture and trade of metal detectors.","url":"https:\/\/mwf-metaldetectors.com\/es\/","logo":{"@type":"ImageObject","inLanguage":"es","@id":"https:\/\/mwf-metaldetectors.com\/es\/#\/schema\/logo\/image\/","url":"https:\/\/mwf-metaldetectors.com\/wp-content\/uploads\/2023\/06\/cropped-logodf1-copy.png","contentUrl":"https:\/\/mwf-metaldetectors.com\/wp-content\/uploads\/2023\/06\/cropped-logodf1-copy.png","width":512,"height":512,"caption":"MWF Detector"},"image":{"@id":"https:\/\/mwf-metaldetectors.com\/es\/#\/schema\/logo\/image\/"},"sameAs":["https:\/\/www.facebook.com\/mwfdetector\/","https:\/\/x.com\/mwfdetectors","https:\/\/www.youtube.com\/user\/MWFDETECTORS"]}]}},"_links":{"self":[{"href":"https:\/\/mwf-metaldetectors.com\/es\/wp-json\/wp\/v2\/product\/13072","targetHints":{"allow":["GET"]}}],"collection":[{"href":"https:\/\/mwf-metaldetectors.com\/es\/wp-json\/wp\/v2\/product"}],"about":[{"href":"https:\/\/mwf-metaldetectors.com\/es\/wp-json\/wp\/v2\/types\/product"}],"replies":[{"embeddable":true,"href":"https:\/\/mwf-metaldetectors.com\/es\/wp-json\/wp\/v2\/comments?post=13072"}],"wp:featuredmedia":[{"embeddable":true,"href":"https:\/\/mwf-metaldetectors.com\/es\/wp-json\/wp\/v2\/media\/13081"}],"wp:attachment":[{"href":"https:\/\/mwf-metaldetectors.com\/es\/wp-json\/wp\/v2\/media?parent=13072"}],"wp:term":[{"taxonomy":"product_brand","embeddable":true,"href":"https:\/\/mwf-metaldetectors.com\/es\/wp-json\/wp\/v2\/product_brand?post=13072"},{"taxonomy":"product_cat","embeddable":true,"href":"https:\/\/mwf-metaldetectors.com\/es\/wp-json\/wp\/v2\/product_cat?post=13072"},{"taxonomy":"product_tag","embeddable":true,"href":"https:\/\/mwf-metaldetectors.com\/es\/wp-json\/wp\/v2\/product_tag?post=13072"}],"curies":[{"name":"wp","href":"https:\/\/api.w.org\/{rel}","templated":true}]}}