{"id":13022,"date":"2021-12-16T12:22:51","date_gmt":"2021-12-16T12:22:51","guid":{"rendered":"https:\/\/mwf-metaldetectors.com\/product\/vigor\/"},"modified":"2026-02-04T06:06:33","modified_gmt":"2026-02-04T06:06:33","slug":"vigor-es","status":"publish","type":"product","link":"https:\/\/mwf-metaldetectors.com\/es\/producto\/vigor-es\/","title":{"rendered":"VIGOR: Dispositivo compacto de detecci\u00f3n de oro y tesoros"},"content":{"rendered":"<div class=\"container\">\n<h4>VIGOR &#8211; <strong>El m\u00e1s f\u00e1cil&#8230; El m\u00e1s peque\u00f1o .. y m\u00e1s r\u00e1pido para detectar tesoros<\/strong><\/h4>\n<blockquote><p>El nuevo y avanzado dispositivo para detectar oro, tesoros y cavidades, el dispositivo Vigor tiene caracter\u00edsticas y caracter\u00edsticas modernas que le permiten monitorear objetivos subterr\u00e1neos de manera precisa y efectiva, La alta sensibilidad para detectar el objetivo r\u00e1pidamente, la verificaci\u00f3n precisa de la ubicaci\u00f3n del objetivo y los indicadores ac\u00fasticos emitidos para determinar la ruta de ubicaci\u00f3n del objetivo son una de las caracter\u00edsticas m\u00e1s importantes.  Adem\u00e1s, la br\u00fajula digital en la pantalla del dispositivo, que muestra direcciones y la trayectoria del objetivo tambi\u00e9n, La profundidad de detecci\u00f3n de este dispositivo alcanza los 20 m y puede detectar objetivos desde una distancia de 2000 m circular.<\/p><\/blockquote>\n<div class=\"row flex-column-reverse flex-lg-row\">\n<div class=\"col-md-6 col-ms-12 \">\n<ul>\n<li>El dispositivo Vigor es uno de los mejores dispositivos del mundo para detectar y localizar objetivos de forma remota.<\/li>\n<li>Dispositivo especializado para la b\u00fasqueda y detecci\u00f3n de oro, tesoros, metal, cuevas, vac\u00edos y piedras preciosas.<\/li>\n<li>Gran precisi\u00f3n inigualable en la especificaci\u00f3n y detecci\u00f3n de objetivos y confirmaci\u00f3n de la existencia del objetivo al 100% sin errores.<\/li>\n<li>Gran velocidad para proporcionar los resultados al usuario con datos integrados y completos sobre el objetivo y el centro del punto.<\/li>\n<li>Sistemas de filtrado de se\u00f1ales internas, para evitar cualquier confusi\u00f3n resultante de frecuencias de alto rango, como ondas de radio, presentes en el aire u otras.<\/li>\n<li>Sistema de sintonizaci\u00f3n autom\u00e1tica (ATS)<\/li>\n<li>La pantalla TFT a color HD de 3.2 pulgadas brinda al usuario una visi\u00f3n clara de d\u00eda y de noche.<\/li>\n<li>Multi-idiomas.<\/li>\n<li>Controle el nivel de la funci\u00f3n de brillo de la pantalla, que le brinda una iluminaci\u00f3n adecuada para el d\u00eda o la noche, y reduzca el nivel de iluminaci\u00f3n para ahorrar energ\u00eda tambi\u00e9n.<\/li>\n<li>Cinco niveles de sonido le brindan un control adecuado de la salida de sonido y se\u00f1ala los sonidos de los resultados de b\u00fasqueda, as\u00ed como el modo vibrador o el modo silencioso y la suficiencia por resultados visuales.<\/li>\n<li>Funci\u00f3n inteligente de carga y bater\u00eda, que brinda al usuario un seguimiento preciso del nivel de la bater\u00eda y avisos sobre el nivel de la bater\u00eda y alertas antes de la entrada en vigor de la energ\u00eda, con sistemas de carga inteligentes que tambi\u00e9n brindan al usuario un seguimiento de la carga de la bater\u00eda cuando el dispositivo se enciende o apaga, y para averiguar el nivel de carga que se agrega,  todo en tiempo real.<\/li>\n<li>Alta calidad y rendimiento preciso, fabricando este producto con los mejores elast\u00f3meros, componentes electr\u00f3nicos y circuitos con est\u00e1ndares internacionales.<\/li>\n<\/ul>\n<\/div>\n<div class=\"col-md-6 col-ms-12\">\n<div class=\"teb-img\"><img decoding=\"async\" src=\"https:\/\/mwf-metaldetectors.com\/wp-content\/uploads\/2021\/12\/BIG-MAIN-IMAGE-10.jpg.webp\" alt=\"ORO\"><\/div>\n<\/div>\n<\/div>\n<div class=\"col-md-12 col-ms-12\">\n<ul>\n<li>El dise\u00f1o ergon\u00f3mico y la forma aerodin\u00e1mica brindan a los usuarios el poder de buscar y navegar con ligereza y facilidad de uso, lo que juega un papel importante en los resultados r\u00e1pidos y sin complicaciones.<\/li>\n<li>F\u00e1cil de trabajar y de usar, cualquiera puede usarlo.<\/li>\n<li>Compatible con este dispositivo con un panel de control simple, funciona con la interfaz de botones, permite al usuario controlar y configurar el dispositivo para buscar f\u00e1cilmente, el panel de control consta de lo siguiente:\n<ul>\n<li>Bot\u00f3n ON\/OFF<\/li>\n<li>Bot\u00f3n Atr\u00e1s<\/li>\n<li>Bot\u00f3n Mover<\/li>\n<li>Bot\u00f3n Enter<\/li>\n<\/ul>\n<\/li>\n<\/ul>\n<\/div>\n<\/div>\n","protected":false},"excerpt":{"rendered":"<div class=\"row bg-transparent text-center mt-0 \">\n<div class=\"col\">\n<p class=\" mb-3\"><img loading=\"lazy\" decoding=\"async\" class=\"mt-3\" role=\"img\" src=\"https:\/\/mwf-metaldetectors.com\/wp-content\/uploads\/2021\/12\/battary-01-1.svg\" width=\"40\" height=\"40\"><\/p>\n<h6 class=\"text-white mb-0\">Bater\u00eda<\/h6>\n<p class=\"text-white-50 mb-0\">5 Horas de trabajo<\/p>\n<\/div>\n<div class=\"col\">\n<p class=\" mb-3\"><img loading=\"lazy\" decoding=\"async\" class=\"mt-3\" role=\"img\" src=\"https:\/\/mwf-metaldetectors.com\/wp-content\/uploads\/2022\/01\/screen33-01.svg\" width=\"40\" height=\"40\"><\/p>\n<h6 class=\"text-white mb-0\">Pantalla<\/h6>\n<p class=\"text-white-50 mb-0\">LCD de 3,2&#8243; en color (TFT)<\/p>\n<\/div>\n<div class=\"col\">\n<p class=\" mb-3\"><img loading=\"lazy\" decoding=\"async\" class=\"mt-3\" role=\"img\" src=\"https:\/\/mwf-metaldetectors.com\/wp-content\/uploads\/2021\/12\/Devices-01.svg\" width=\"40\" height=\"40\"><\/p>\n<h6 class=\"text-white mb-0\">Sistema de dispositivos<\/h6>\n<p class=\"text-white-50 mb-0\">Avanzado: sistema de localizaci\u00f3n de largo alcance<\/p>\n<\/div>\n<\/div>\n<div class=\"row bg-transparent text-center \">\n<div class=\"col\">\n<p class=\" mb-3\"><img loading=\"lazy\" decoding=\"async\" class=\"mt-3\" role=\"img\" src=\"https:\/\/mwf-metaldetectors.com\/wp-content\/uploads\/2022\/01\/MOKABIRA33-01.svg\" width=\"40\" height=\"40\"><\/p>\n<h6 class=\"text-white mb-0\">Discriminaci\u00f3n entre objetivos<\/h6>\n<p class=\"text-white-50 mb-0\">Autom\u00e1tico\/Opcional<\/p>\n<\/div>\n<div class=\"col\">\n<p class=\" mb-3\"><img loading=\"lazy\" decoding=\"async\" class=\"mt-3\" role=\"img\" src=\"https:\/\/mwf-metaldetectors.com\/wp-content\/uploads\/2021\/12\/layar-01.svg\" width=\"40\" height=\"40\"><\/p>\n<h6 class=\"text-white mb-0\">Profundidad<\/h6>\n<p class=\"text-white-50 mb-0\">De 0 a <strong>20m<\/strong><\/p>\n<\/div>\n<div class=\"col\">\n<p class=\" mb-3\"><img loading=\"lazy\" decoding=\"async\" class=\"mt-3\" role=\"img\" src=\"https:\/\/mwf-metaldetectors.com\/wp-content\/uploads\/2021\/12\/Betwen-01.svg\" width=\"40\" height=\"40\"><\/p>\n<h6 class=\"text-white mb-0\">Distancia<\/h6>\n<p class=\"text-white-50 mb-0\">De 0 A <strong>2000<\/strong>m<\/p>\n<\/div>\n<\/div>\n","protected":false},"featured_media":13229,"comment_status":"open","ping_status":"closed","template":"","meta":{"_acf_changed":false,"rs_blank_template":"","rs_page_bg_color":"","slide_template_v7":"","_joinchat":[]},"product_brand":[],"product_cat":[146,192,141,167,143,145,140],"product_tag":[],"class_list":{"0":"post-13022","1":"product","2":"type-product","3":"status-publish","4":"has-post-thumbnail","6":"product_cat-detector-de-metales","7":"product_cat-treasures-es","8":"product_cat-detectores-de-cuevas","9":"product_cat-detectores-de-gemas","10":"product_cat-detectores-de-oro","11":"product_cat-sistemas-de-busqueda-de-largo-alcance","12":"product_cat-dispositivos-y-sistemas-de-deteccion-acustica","13":"product_shipping_class-free-shipping-es","15":"first","16":"instock","17":"featured","18":"shipping-taxable","19":"purchasable","20":"product-type-simple"},"acf":[],"yoast_head":"<!-- This site is optimized with the Yoast SEO plugin v27.6 - https:\/\/yoast.com\/product\/yoast-seo-wordpress\/ -->\n<title>VIGOR: Dispositivo compacto de detecci\u00f3n de oro y tesoros<\/title>\n<meta name=\"description\" content=\"Descubre oro, tesoros y cavidades escondidas con VIGOR. Este detector compacto y avanzado ofrece hasta 20 m de profundidad y 2000 m de alcance.\" \/>\n<meta name=\"robots\" content=\"index, follow, max-snippet:-1, max-image-preview:large, max-video-preview:-1\" \/>\n<link rel=\"canonical\" href=\"https:\/\/mwf-metaldetectors.com\/es\/producto\/vigor-es\/\" \/>\n<meta property=\"og:locale\" content=\"es_ES\" \/>\n<meta property=\"og:type\" content=\"article\" \/>\n<meta property=\"og:title\" content=\"VIGOR: Dispositivo compacto de detecci\u00f3n de oro y tesoros\" \/>\n<meta property=\"og:description\" content=\"Descubre oro, tesoros y cavidades escondidas con VIGOR. Este detector compacto y avanzado ofrece hasta 20 m de profundidad y 2000 m de alcance.\" \/>\n<meta property=\"og:url\" content=\"https:\/\/mwf-metaldetectors.com\/es\/producto\/vigor-es\/\" \/>\n<meta property=\"og:site_name\" content=\"MWF Metal Detectors | Gold Detectors | Gems, Water, Treasures Locator\" \/>\n<meta property=\"article:publisher\" content=\"https:\/\/www.facebook.com\/mwfdetector\/\" \/>\n<meta property=\"article:modified_time\" content=\"2026-02-04T06:06:33+00:00\" \/>\n<meta property=\"og:image\" content=\"https:\/\/mwf-metaldetectors.com\/wp-content\/uploads\/2021\/12\/main-image4-10-3.jpg\" \/>\n\t<meta property=\"og:image:width\" content=\"1000\" \/>\n\t<meta property=\"og:image:height\" content=\"993\" \/>\n\t<meta property=\"og:image:type\" content=\"image\/jpeg\" \/>\n<meta name=\"twitter:card\" content=\"summary_large_image\" \/>\n<meta name=\"twitter:site\" content=\"@mwfdetectors\" \/>\n<meta name=\"twitter:label1\" content=\"Tiempo de lectura\" \/>\n\t<meta name=\"twitter:data1\" content=\"3 minutos\" \/>\n<script type=\"application\/ld+json\" class=\"yoast-schema-graph\">{\"@context\":\"https:\\\/\\\/schema.org\",\"@graph\":[{\"@type\":\"WebPage\",\"@id\":\"https:\\\/\\\/mwf-metaldetectors.com\\\/es\\\/producto\\\/vigor-es\\\/\",\"url\":\"https:\\\/\\\/mwf-metaldetectors.com\\\/es\\\/producto\\\/vigor-es\\\/\",\"name\":\"VIGOR: Dispositivo compacto de detecci\u00f3n de oro y tesoros\",\"isPartOf\":{\"@id\":\"https:\\\/\\\/mwf-metaldetectors.com\\\/es\\\/#website\"},\"primaryImageOfPage\":{\"@id\":\"https:\\\/\\\/mwf-metaldetectors.com\\\/es\\\/producto\\\/vigor-es\\\/#primaryimage\"},\"image\":{\"@id\":\"https:\\\/\\\/mwf-metaldetectors.com\\\/es\\\/producto\\\/vigor-es\\\/#primaryimage\"},\"thumbnailUrl\":\"https:\\\/\\\/mwf-metaldetectors.com\\\/wp-content\\\/uploads\\\/2021\\\/12\\\/main-image4-10-3.jpg\",\"datePublished\":\"2021-12-16T12:22:51+00:00\",\"dateModified\":\"2026-02-04T06:06:33+00:00\",\"description\":\"Descubre oro, tesoros y cavidades escondidas con VIGOR. Este detector compacto y avanzado ofrece hasta 20 m de profundidad y 2000 m de alcance.\",\"breadcrumb\":{\"@id\":\"https:\\\/\\\/mwf-metaldetectors.com\\\/es\\\/producto\\\/vigor-es\\\/#breadcrumb\"},\"inLanguage\":\"es\",\"potentialAction\":[{\"@type\":\"ReadAction\",\"target\":[\"https:\\\/\\\/mwf-metaldetectors.com\\\/es\\\/producto\\\/vigor-es\\\/\"]}]},{\"@type\":\"ImageObject\",\"inLanguage\":\"es\",\"@id\":\"https:\\\/\\\/mwf-metaldetectors.com\\\/es\\\/producto\\\/vigor-es\\\/#primaryimage\",\"url\":\"https:\\\/\\\/mwf-metaldetectors.com\\\/wp-content\\\/uploads\\\/2021\\\/12\\\/main-image4-10-3.jpg\",\"contentUrl\":\"https:\\\/\\\/mwf-metaldetectors.com\\\/wp-content\\\/uploads\\\/2021\\\/12\\\/main-image4-10-3.jpg\",\"width\":1000,\"height\":993},{\"@type\":\"BreadcrumbList\",\"@id\":\"https:\\\/\\\/mwf-metaldetectors.com\\\/es\\\/producto\\\/vigor-es\\\/#breadcrumb\",\"itemListElement\":[{\"@type\":\"ListItem\",\"position\":1,\"name\":\"\u062c\u0645\u064a\u0639 \u0627\u0644\u0627\u062c\u0647\u0632\u0629 \u0648 \u0627\u0644\u0627\u0643\u0633\u0633\u0648\u0627\u0631\u0627\u062a\",\"item\":\"https:\\\/\\\/mwf-metaldetectors.com\\\/ar\\\/shop-2\\\/\"},{\"@type\":\"ListItem\",\"position\":2,\"name\":\"VIGOR: Dispositivo compacto de detecci\u00f3n de oro y tesoros\"}]},{\"@type\":\"WebSite\",\"@id\":\"https:\\\/\\\/mwf-metaldetectors.com\\\/es\\\/#website\",\"url\":\"https:\\\/\\\/mwf-metaldetectors.com\\\/es\\\/\",\"name\":\"MWF Detectors\",\"description\":\"MWF Group of Companies and Factories, specializing in the manufacture and trade of metal detectors.\",\"publisher\":{\"@id\":\"https:\\\/\\\/mwf-metaldetectors.com\\\/es\\\/#organization\"},\"alternateName\":\"MWF Metal And Gold And Water Detectors\",\"potentialAction\":[{\"@type\":\"SearchAction\",\"target\":{\"@type\":\"EntryPoint\",\"urlTemplate\":\"https:\\\/\\\/mwf-metaldetectors.com\\\/es\\\/?s={search_term_string}\"},\"query-input\":{\"@type\":\"PropertyValueSpecification\",\"valueRequired\":true,\"valueName\":\"search_term_string\"}}],\"inLanguage\":\"es\"},{\"@type\":\"Organization\",\"@id\":\"https:\\\/\\\/mwf-metaldetectors.com\\\/es\\\/#organization\",\"name\":\"MWF Detector\",\"alternateName\":\"MWF Group of Companies and Factories, specializing in the manufacture and trade of metal detectors.\",\"url\":\"https:\\\/\\\/mwf-metaldetectors.com\\\/es\\\/\",\"logo\":{\"@type\":\"ImageObject\",\"inLanguage\":\"es\",\"@id\":\"https:\\\/\\\/mwf-metaldetectors.com\\\/es\\\/#\\\/schema\\\/logo\\\/image\\\/\",\"url\":\"https:\\\/\\\/mwf-metaldetectors.com\\\/wp-content\\\/uploads\\\/2023\\\/06\\\/cropped-logodf1-copy.png\",\"contentUrl\":\"https:\\\/\\\/mwf-metaldetectors.com\\\/wp-content\\\/uploads\\\/2023\\\/06\\\/cropped-logodf1-copy.png\",\"width\":512,\"height\":512,\"caption\":\"MWF Detector\"},\"image\":{\"@id\":\"https:\\\/\\\/mwf-metaldetectors.com\\\/es\\\/#\\\/schema\\\/logo\\\/image\\\/\"},\"sameAs\":[\"https:\\\/\\\/www.facebook.com\\\/mwfdetector\\\/\",\"https:\\\/\\\/x.com\\\/mwfdetectors\",\"https:\\\/\\\/www.youtube.com\\\/user\\\/MWFDETECTORS\"]}]}<\/script>\n<!-- \/ Yoast SEO plugin. -->","yoast_head_json":{"title":"VIGOR: Dispositivo compacto de detecci\u00f3n de oro y tesoros","description":"Descubre oro, tesoros y cavidades escondidas con VIGOR. Este detector compacto y avanzado ofrece hasta 20 m de profundidad y 2000 m de alcance.","robots":{"index":"index","follow":"follow","max-snippet":"max-snippet:-1","max-image-preview":"max-image-preview:large","max-video-preview":"max-video-preview:-1"},"canonical":"https:\/\/mwf-metaldetectors.com\/es\/producto\/vigor-es\/","og_locale":"es_ES","og_type":"article","og_title":"VIGOR: Dispositivo compacto de detecci\u00f3n de oro y tesoros","og_description":"Descubre oro, tesoros y cavidades escondidas con VIGOR. Este detector compacto y avanzado ofrece hasta 20 m de profundidad y 2000 m de alcance.","og_url":"https:\/\/mwf-metaldetectors.com\/es\/producto\/vigor-es\/","og_site_name":"MWF Metal Detectors | Gold Detectors | Gems, Water, Treasures Locator","article_publisher":"https:\/\/www.facebook.com\/mwfdetector\/","article_modified_time":"2026-02-04T06:06:33+00:00","og_image":[{"width":1000,"height":993,"url":"https:\/\/mwf-metaldetectors.com\/wp-content\/uploads\/2021\/12\/main-image4-10-3.jpg","type":"image\/jpeg"}],"twitter_card":"summary_large_image","twitter_site":"@mwfdetectors","twitter_misc":{"Tiempo de lectura":"3 minutos"},"schema":{"@context":"https:\/\/schema.org","@graph":[{"@type":"WebPage","@id":"https:\/\/mwf-metaldetectors.com\/es\/producto\/vigor-es\/","url":"https:\/\/mwf-metaldetectors.com\/es\/producto\/vigor-es\/","name":"VIGOR: Dispositivo compacto de detecci\u00f3n de oro y tesoros","isPartOf":{"@id":"https:\/\/mwf-metaldetectors.com\/es\/#website"},"primaryImageOfPage":{"@id":"https:\/\/mwf-metaldetectors.com\/es\/producto\/vigor-es\/#primaryimage"},"image":{"@id":"https:\/\/mwf-metaldetectors.com\/es\/producto\/vigor-es\/#primaryimage"},"thumbnailUrl":"https:\/\/mwf-metaldetectors.com\/wp-content\/uploads\/2021\/12\/main-image4-10-3.jpg","datePublished":"2021-12-16T12:22:51+00:00","dateModified":"2026-02-04T06:06:33+00:00","description":"Descubre oro, tesoros y cavidades escondidas con VIGOR. Este detector compacto y avanzado ofrece hasta 20 m de profundidad y 2000 m de alcance.","breadcrumb":{"@id":"https:\/\/mwf-metaldetectors.com\/es\/producto\/vigor-es\/#breadcrumb"},"inLanguage":"es","potentialAction":[{"@type":"ReadAction","target":["https:\/\/mwf-metaldetectors.com\/es\/producto\/vigor-es\/"]}]},{"@type":"ImageObject","inLanguage":"es","@id":"https:\/\/mwf-metaldetectors.com\/es\/producto\/vigor-es\/#primaryimage","url":"https:\/\/mwf-metaldetectors.com\/wp-content\/uploads\/2021\/12\/main-image4-10-3.jpg","contentUrl":"https:\/\/mwf-metaldetectors.com\/wp-content\/uploads\/2021\/12\/main-image4-10-3.jpg","width":1000,"height":993},{"@type":"BreadcrumbList","@id":"https:\/\/mwf-metaldetectors.com\/es\/producto\/vigor-es\/#breadcrumb","itemListElement":[{"@type":"ListItem","position":1,"name":"\u062c\u0645\u064a\u0639 \u0627\u0644\u0627\u062c\u0647\u0632\u0629 \u0648 \u0627\u0644\u0627\u0643\u0633\u0633\u0648\u0627\u0631\u0627\u062a","item":"https:\/\/mwf-metaldetectors.com\/ar\/shop-2\/"},{"@type":"ListItem","position":2,"name":"VIGOR: Dispositivo compacto de detecci\u00f3n de oro y tesoros"}]},{"@type":"WebSite","@id":"https:\/\/mwf-metaldetectors.com\/es\/#website","url":"https:\/\/mwf-metaldetectors.com\/es\/","name":"MWF Detectors","description":"MWF Group of Companies and Factories, specializing in the manufacture and trade of metal detectors.","publisher":{"@id":"https:\/\/mwf-metaldetectors.com\/es\/#organization"},"alternateName":"MWF Metal And Gold And Water Detectors","potentialAction":[{"@type":"SearchAction","target":{"@type":"EntryPoint","urlTemplate":"https:\/\/mwf-metaldetectors.com\/es\/?s={search_term_string}"},"query-input":{"@type":"PropertyValueSpecification","valueRequired":true,"valueName":"search_term_string"}}],"inLanguage":"es"},{"@type":"Organization","@id":"https:\/\/mwf-metaldetectors.com\/es\/#organization","name":"MWF Detector","alternateName":"MWF Group of Companies and Factories, specializing in the manufacture and trade of metal detectors.","url":"https:\/\/mwf-metaldetectors.com\/es\/","logo":{"@type":"ImageObject","inLanguage":"es","@id":"https:\/\/mwf-metaldetectors.com\/es\/#\/schema\/logo\/image\/","url":"https:\/\/mwf-metaldetectors.com\/wp-content\/uploads\/2023\/06\/cropped-logodf1-copy.png","contentUrl":"https:\/\/mwf-metaldetectors.com\/wp-content\/uploads\/2023\/06\/cropped-logodf1-copy.png","width":512,"height":512,"caption":"MWF Detector"},"image":{"@id":"https:\/\/mwf-metaldetectors.com\/es\/#\/schema\/logo\/image\/"},"sameAs":["https:\/\/www.facebook.com\/mwfdetector\/","https:\/\/x.com\/mwfdetectors","https:\/\/www.youtube.com\/user\/MWFDETECTORS"]}]}},"_links":{"self":[{"href":"https:\/\/mwf-metaldetectors.com\/es\/wp-json\/wp\/v2\/product\/13022","targetHints":{"allow":["GET"]}}],"collection":[{"href":"https:\/\/mwf-metaldetectors.com\/es\/wp-json\/wp\/v2\/product"}],"about":[{"href":"https:\/\/mwf-metaldetectors.com\/es\/wp-json\/wp\/v2\/types\/product"}],"replies":[{"embeddable":true,"href":"https:\/\/mwf-metaldetectors.com\/es\/wp-json\/wp\/v2\/comments?post=13022"}],"wp:featuredmedia":[{"embeddable":true,"href":"https:\/\/mwf-metaldetectors.com\/es\/wp-json\/wp\/v2\/media\/13229"}],"wp:attachment":[{"href":"https:\/\/mwf-metaldetectors.com\/es\/wp-json\/wp\/v2\/media?parent=13022"}],"wp:term":[{"taxonomy":"product_brand","embeddable":true,"href":"https:\/\/mwf-metaldetectors.com\/es\/wp-json\/wp\/v2\/product_brand?post=13022"},{"taxonomy":"product_cat","embeddable":true,"href":"https:\/\/mwf-metaldetectors.com\/es\/wp-json\/wp\/v2\/product_cat?post=13022"},{"taxonomy":"product_tag","embeddable":true,"href":"https:\/\/mwf-metaldetectors.com\/es\/wp-json\/wp\/v2\/product_tag?post=13022"}],"curies":[{"name":"wp","href":"https:\/\/api.w.org\/{rel}","templated":true}]}}