{"id":12525,"date":"2021-12-16T12:22:52","date_gmt":"2021-12-16T12:22:52","guid":{"rendered":"https:\/\/mwf-metaldetectors.com\/product\/mf-1100-pro-super\/"},"modified":"2025-08-21T08:35:00","modified_gmt":"2025-08-21T08:35:00","slug":"mf-1100-pro-super-es","status":"publish","type":"product","link":"https:\/\/mwf-metaldetectors.com\/es\/producto\/mf-1100-pro-super-es\/","title":{"rendered":"MF 1100 Pro Super &#8211; Detector inteligente de oro y tesoros"},"content":{"rendered":"<div class=\"container\">\n<div class=\"row \">\n<div class=\"col-md-6 col-xs-6 my-4 \"><\/div>\n<\/div>\n<h4>MF 1100 PRO SUPER &#8211; Una nueva huella en el mundo de los detectores avanzados Sistemas inteligentes de detecci\u00f3n y control (Smart Technology)<\/h4>\n<blockquote><p>Una nueva huella en el mundo de los detectores avanzados Sistemas<br \/>\ninteligentes de detecci\u00f3n y control (Smart Technology)<br \/>\nNuevos inventos inventados para usted por MWF DETECTORS<br \/>\nAhora el oro y los tesoros est\u00e1n en sus manos con confianza y con menos tiempo y esfuerzo.<\/p>\n<p><b>Nota: este dispositivo se vende en tres paquetes diferentes seg\u00fan los<br \/>\nsistemas disponibles en cada paquete:<br \/>\n<\/b><\/p>\n<p>1- Paquete est\u00e1ndar: Se proporciona con el sistema de b\u00fasqueda b\u00e1sico, Advanced\u00bb<br \/>\nLong Range System<br \/>\n2- Paquete profesional: Se proporciona con 2 sistemas de b\u00fasqueda Long Range System y<br \/>\n sistema Hybrid+.<br \/>\n3- Super Package: Se proporciona con 3 sistemas de b\u00fasqueda, sistema de largo alcance e h\u00edbrido +<br \/>\n y sistema de levantamiento geof\u00edsico.<\/p><\/blockquote>\n<h4><strong>Caracter\u00edsticas generales:<\/strong><\/h4>\n<div class=\"row flex-column-reverse flex-lg-row\">\n<div class=\"col-md-6 col-ms-12 \">\n<ul>\n<li>El MF-1100 PRO tiene grandes capacidades, excelentes caracter\u00edsticas y funciones que lo convierten en el primer dispositivo de confianza para comenzar operaciones de exploraci\u00f3n exitosas.<\/li>\n<li>El dispositivo especializado en la b\u00fasqueda y detecci\u00f3n de oro, tesoros, metales, cuevas, vac\u00edos y billetes.<\/li>\n<li>Gran precisi\u00f3n inigualable en la especificaci\u00f3n y detecci\u00f3n de objetivos y confirmaci\u00f3n de la existencia del objetivo al 100% sin errores.<\/li>\n<li>Gran velocidad para proporcionar los resultados al usuario con datos integrados y completos sobre el objetivo y el centro del punto.<\/li>\n<li>Sistemas de filtrado de se\u00f1ales internas, para evitar cualquier confusi\u00f3n resultante de frecuencias de alto rango, como ondas de radio, presentes en el aire u otras.<\/li>\n<li>Sistema de Ajuste Autom\u00e1tico (ATS) Invenci\u00f3n especial y nuevo, registrado a favor de MWF GROUP, este sistema proporciona resultados precisos y seguros en todo tipo de suelos y terrenos, debido a que el sistema reconoce el suelo autom\u00e1ticamente, otorga al proceso de b\u00fasqueda un ajuste autom\u00e1tico acorde con el tipo de suelo y las propiedades del suelo, con la abolici\u00f3n de cualquier radiaci\u00f3n de superposici\u00f3n resultante del efecto del territorio rocoso y monta\u00f1oso,  Lo que puede afectar a muchos otros detectores, pero este sistema inteligente puede clasificar y analizar y proporcionar los niveles necesarios que se relacionan con la se\u00f1al de frecuencia, el voltaje y la longitud de onda de la se\u00f1al, lo que da resultados libres de errores.<\/li>\n<li>La pantalla TFT a color HD de 3,2 pulgadas brinda al usuario una visi\u00f3n clara de d\u00eda y de noche.<\/li>\n<li>Sistema de bloqueo del dispositivo, el usuario puede ser la contrase\u00f1a establecida para el dispositivo, por lo que nadie puede ejecutar el dispositivo solo el propietario, y se har\u00e1 a trav\u00e9s de la interfaz del c\u00f3digo PIN.<\/li>\n<li>Controle el nivel de la funci\u00f3n de brillo de la pantalla, que le brinda una iluminaci\u00f3n adecuada para el d\u00eda o la noche, y reduzca el nivel de iluminaci\u00f3n para ahorrar energ\u00eda tambi\u00e9n.<\/li>\n<li>Cinco niveles de sonido le brindan un control adecuado de la salida de sonido y se\u00f1ala los sonidos de los resultados de b\u00fasqueda, as\u00ed como el modo vibrador o el modo silencioso y la suficiencia por resultados visuales.<\/li>\n<li>El dispositivo es compatible con reloj digital, con una interfaz de configuraci\u00f3n de hora.<\/li>\n<li>Multi-idiomas.<\/li>\n<\/ul>\n<\/div>\n<div class=\"col-md-6 col-ms-12\">\n<div class=\"tab-image\"><img decoding=\"async\" src=\"https:\/\/mwf-metaldetectors.com\/wp-content\/uploads\/2021\/12\/big-main-image-su.jpg.webp\" alt=\"MF-1100-PRO-PROFESIONAL\"><\/div>\n<\/div>\n<\/div>\n<div class=\"row pt-5\">\n<div>\n<ul>\n<li>Por primera vez a nivel mundial en los dispositivos de detecci\u00f3n y exploraci\u00f3n exclusivos de MWF Group, el dispositivo es compatible con sistemas inteligentes de operaci\u00f3n y detecci\u00f3n, interfaces inteligentes, sistema de conservaci\u00f3n de energ\u00eda, sistema de carga inteligente, multiling\u00fce y recordar el idioma del dispositivo, guardar configuraciones, control inteligente, tecnolog\u00eda Bluetooth y restablecimiento de f\u00e1brica, todo esto y m\u00e1s a trav\u00e9s del sistema operativo (Bear Claw).<\/li>\n<li>Funci\u00f3n inteligente de carga y bater\u00eda, que brinda al usuario un seguimiento preciso del nivel de la bater\u00eda y avisos sobre el nivel de la bater\u00eda y alertas antes de la entrada en vigor de la energ\u00eda, con sistemas de carga inteligentes que tambi\u00e9n brindan al usuario un seguimiento de la carga de la bater\u00eda cuando el dispositivo se enciende o apaga, y para averiguar el nivel de carga que se agrega,  todo en tiempo real.<\/li>\n<li>Los auriculares inal\u00e1mbricos en los que funcionan (inal\u00e1mbricos) se pueden controlar a trav\u00e9s de la configuraci\u00f3n del dispositivo.<\/li>\n<li>Tecnolog\u00eda Bluetooth para comunicarse con unidades que requieren conducci\u00f3n con un dispositivo a trav\u00e9s de Bluetooth.<\/li>\n<li>Alta calidad y rendimiento preciso, fabricando este producto con los mejores elast\u00f3meros, componentes electr\u00f3nicos y circuitos con est\u00e1ndares internacionales.<\/li>\n<li>El dise\u00f1o ergon\u00f3mico y la forma aerodin\u00e1mica le brindan el poder de buscar y navegar con ligereza y facilidad de uso, lo que juega un papel importante en los resultados r\u00e1pidos y sin complicaciones.<\/li>\n<li>F\u00e1cil de trabajar y de usar, cualquiera puede usarlo.<\/li>\n<li>Compatible con este dispositivo con un panel de control simple, funciona con la interfaz de botones, permite al usuario controlar y configurar el dispositivo para buscar f\u00e1cilmente, el panel de control consta de lo siguiente:<\/li>\n<\/ul>\n<ul>\n<li>\n<ul>\n<li>Bot\u00f3n ON\/OFF<\/li>\n<li>Bot\u00f3n de control de brillo de pantalla, (abreviado r\u00e1pido externo)<\/li>\n<li>Bot\u00f3n de ajuste de volumen (abreviado r\u00e1pido externo)<\/li>\n<li>Bot\u00f3n Atr\u00e1s<\/li>\n<li>El joystick le brinda un movimiento r\u00e1pido en la configuraci\u00f3n y las funciones del dispositivo, que consta de 4 botones para moverse hacia arriba, hacia abajo, hacia la izquierda y hacia la derecha.<\/li>\n<li>Bot\u00f3n OK<\/li>\n<li>Bot\u00f3n de seguimiento y enfoque de objetivo<\/li>\n<\/ul>\n<\/li>\n<\/ul>\n<\/div>\n<\/div>\n<\/div>\n","protected":false},"excerpt":{"rendered":"<div class=\"row bg-transparent text-center mt-0 \">\n<div class=\"col\">\n<p class=\" mb-3\"><img loading=\"lazy\" decoding=\"async\" class=\"mt-3\" role=\"img\" src=\"https:\/\/mwf-metaldetectors.com\/wp-content\/uploads\/2021\/12\/battary-01-1.svg\" width=\"40\" height=\"40\"><\/p>\n<h6 class=\"text-white mb-0\">Bater\u00eda<\/h6>\n<p class=\"text-white-50 mb-0\">6 Horas de trabajo<\/p>\n<\/div>\n<div class=\"col\">\n<p class=\" mb-3\"><img loading=\"lazy\" decoding=\"async\" class=\"mt-3\" role=\"img\" src=\"https:\/\/mwf-metaldetectors.com\/wp-content\/uploads\/2022\/01\/screen33-01.svg\" width=\"40\" height=\"40\"><\/p>\n<h6 class=\"text-white mb-0\">Pantalla<\/h6>\n<p class=\"text-white-50 mb-0\">Monitor TFT a color de 3,2&#8243;<\/p>\n<\/div>\n<div class=\"col\">\n<p class=\" mb-3\"><img loading=\"lazy\" decoding=\"async\" class=\"mt-3\" role=\"img\" src=\"https:\/\/mwf-metaldetectors.com\/wp-content\/uploads\/2021\/12\/Devices-01.svg\" width=\"40\" height=\"40\"><\/p>\n<h6 class=\"text-white mb-0\">Sistema de dispositivos<\/h6>\n<p class=\"text-white-50 mb-0\">  Avanzado- LRL, H\u00edbrido+<\/p>\n<\/div>\n<\/div>\n<div class=\"row bg-transparent text-center \">\n<div class=\"col\">\n<p class=\" mb-3\"><img loading=\"lazy\" decoding=\"async\" class=\"mt-3\" role=\"img\" src=\"https:\/\/mwf-metaldetectors.com\/wp-content\/uploads\/2022\/01\/MOKABIRA33-01.svg\" width=\"40\" height=\"40\"><\/p>\n<h6 class=\"text-white mb-0\">Discriminaci\u00f3n entre objetivos<\/h6>\n<p class=\"text-white-50 mb-0\">S\u00ed<\/p>\n<\/div>\n<div class=\"col\">\n<p class=\" mb-3\"><img loading=\"lazy\" decoding=\"async\" class=\"mt-3\" role=\"img\" src=\"https:\/\/mwf-metaldetectors.com\/wp-content\/uploads\/2021\/12\/layar-01.svg\" width=\"40\" height=\"40\"><\/p>\n<h6 class=\"text-white mb-0\">Profundidad<\/h6>\n<p class=\"text-white-50 mb-0\">De 0 a <strong>30 <\/strong>m<\/p>\n<\/div>\n<div class=\"col\">\n<p class=\" mb-3\"><img loading=\"lazy\" decoding=\"async\" class=\"mt-3\" role=\"img\" src=\"https:\/\/mwf-metaldetectors.com\/wp-content\/uploads\/2021\/12\/Betwen-01.svg\" width=\"40\" height=\"40\"><\/p>\n<h6 class=\"text-white mb-0\">Distancia<\/h6>\n<p class=\"text-white-50 mb-0\">2500 metros<\/p>\n<\/div>\n<\/div>\n<div class=\"row bg-transparent mt-3 \">\n<div class=\"col-4\">\n<div class=\"card bg-transparent tab-image\">\n<p><a href=\"https:\/\/mwf-metaldetectors.com\/es\/producto\/mf-1100-pro-super-es\/\"><img decoding=\"async\" class=\"card-img-top\" src=\"https:\/\/mwf-metaldetectors.com\/wp-content\/uploads\/2021\/12\/7-9.jpg.webp\" alt=\"Imagen de la tarjeta\"><\/a><\/p>\n<div class=\"card-body\">\n<h4 class=\"card-title text-center mf-title\" style=\"color: #5a5fde;\">Fenomenal<\/h4>\n<h4 class=\"card-title text-center mf-price\">$ 4,450.00<\/h4>\n<\/div>\n<\/div>\n<\/div>\n<div class=\"col-4\">\n<div class=\"card bg-transparent tab-image\">\n<p><a href=\"https:\/\/mwf-metaldetectors.com\/es\/producto\/mf-1100-pro-professional-es\/\"><img decoding=\"async\" class=\"card-img-top\" src=\"https:\/\/mwf-metaldetectors.com\/wp-content\/uploads\/2021\/12\/6-12.jpg.webp\" alt=\"Imagen de la tarjeta\"><\/a><\/p>\n<div class=\"card-body\">\n<h4 class=\"card-title text-center mt-0 mf-title\" style=\"color: #5a5fde;\">Profesional<\/h4>\n<h4 class=\"card-title text-center mf-price\">$ 3,700.00<\/h4>\n<\/div>\n<\/div>\n<\/div>\n<div class=\"col-4\">\n<div class=\"card bg-transparent tab-image\">\n<p><a href=\"https:\/\/mwf-metaldetectors.com\/es\/producto\/mf-1100-pro-es\/\"><img decoding=\"async\" class=\"card-img-top\" src=\"https:\/\/mwf-metaldetectors.com\/wp-content\/uploads\/2021\/12\/5-15.jpg.webp\" alt=\"Imagen de la tarjeta\"><\/a><\/p>\n<div class=\"card-body\">\n<h4 class=\"card-title text-center mf-title\" style=\"color: #5a5fde;\">Est\u00e1ndar<\/h4>\n<h4 class=\"card-title text-center mf-price\">$ 2,950.00<\/h4>\n<\/div>\n<\/div>\n<\/div>\n<\/div>\n","protected":false},"featured_media":12534,"comment_status":"open","ping_status":"closed","template":"","meta":{"_acf_changed":false,"rs_blank_template":"","rs_page_bg_color":"","slide_template_v7":"","_joinchat":[]},"product_brand":[],"product_cat":[146,141,143,147,145,140,144,142],"product_tag":[],"class_list":{"0":"post-12525","1":"product","2":"type-product","3":"status-publish","4":"has-post-thumbnail","6":"product_cat-detector-de-metales","7":"product_cat-detectores-de-cuevas","8":"product_cat-detectores-de-oro","9":"product_cat-products-es-2","10":"product_cat-sistemas-de-busqueda-de-largo-alcance","11":"product_cat-dispositivos-y-sistemas-de-deteccion-acustica","12":"product_cat-sistemas-integrados-de-deteccion-y-exploracion","13":"product_cat-sistema-de-levantamiento-geofisico","14":"product_shipping_class-free-shipping-es","16":"first","17":"instock","18":"featured","19":"shipping-taxable","20":"purchasable","21":"product-type-simple"},"acf":[],"yoast_head":"<!-- This site is optimized with the Yoast SEO plugin v27.6 - https:\/\/yoast.com\/product\/yoast-seo-wordpress\/ -->\n<title>MF 1100 Pro Super - Detector inteligente de oro y tesoros<\/title>\n<meta name=\"description\" content=\"Descubre el MF 1100 Pro Super: detecci\u00f3n inteligente avanzada de oro, tesoros y m\u00e1s. Libere la precisi\u00f3n y la confianza en cada b\u00fasqueda.\" \/>\n<meta name=\"robots\" content=\"index, follow, max-snippet:-1, max-image-preview:large, max-video-preview:-1\" \/>\n<link rel=\"canonical\" href=\"https:\/\/mwf-metaldetectors.com\/es\/producto\/mf-1100-pro-super-es\/\" \/>\n<meta property=\"og:locale\" content=\"es_ES\" \/>\n<meta property=\"og:type\" content=\"article\" \/>\n<meta property=\"og:title\" content=\"MF 1100 Pro Super - Detector inteligente de oro y tesoros\" \/>\n<meta property=\"og:description\" content=\"Descubre el MF 1100 Pro Super: detecci\u00f3n inteligente avanzada de oro, tesoros y m\u00e1s. Libere la precisi\u00f3n y la confianza en cada b\u00fasqueda.\" \/>\n<meta property=\"og:url\" content=\"https:\/\/mwf-metaldetectors.com\/es\/producto\/mf-1100-pro-super-es\/\" \/>\n<meta property=\"og:site_name\" content=\"MWF Metal Detectors | Gold Detectors | Gems, Water, Treasures Locator\" \/>\n<meta property=\"article:publisher\" content=\"https:\/\/www.facebook.com\/mwfdetector\/\" \/>\n<meta property=\"article:modified_time\" content=\"2025-08-21T08:35:00+00:00\" \/>\n<meta property=\"og:image\" content=\"https:\/\/mwf-metaldetectors.com\/wp-content\/uploads\/2021\/12\/main-image5.jpg\" \/>\n\t<meta property=\"og:image:width\" content=\"1000\" \/>\n\t<meta property=\"og:image:height\" content=\"993\" \/>\n\t<meta property=\"og:image:type\" content=\"image\/jpeg\" \/>\n<meta name=\"twitter:card\" content=\"summary_large_image\" \/>\n<meta name=\"twitter:site\" content=\"@mwfdetectors\" \/>\n<meta name=\"twitter:label1\" content=\"Tiempo de lectura\" \/>\n\t<meta name=\"twitter:data1\" content=\"5 minutos\" \/>\n<script type=\"application\/ld+json\" class=\"yoast-schema-graph\">{\"@context\":\"https:\\\/\\\/schema.org\",\"@graph\":[{\"@type\":\"WebPage\",\"@id\":\"https:\\\/\\\/mwf-metaldetectors.com\\\/es\\\/producto\\\/mf-1100-pro-super-es\\\/\",\"url\":\"https:\\\/\\\/mwf-metaldetectors.com\\\/es\\\/producto\\\/mf-1100-pro-super-es\\\/\",\"name\":\"MF 1100 Pro Super - Detector inteligente de oro y tesoros\",\"isPartOf\":{\"@id\":\"https:\\\/\\\/mwf-metaldetectors.com\\\/es\\\/#website\"},\"primaryImageOfPage\":{\"@id\":\"https:\\\/\\\/mwf-metaldetectors.com\\\/es\\\/producto\\\/mf-1100-pro-super-es\\\/#primaryimage\"},\"image\":{\"@id\":\"https:\\\/\\\/mwf-metaldetectors.com\\\/es\\\/producto\\\/mf-1100-pro-super-es\\\/#primaryimage\"},\"thumbnailUrl\":\"https:\\\/\\\/mwf-metaldetectors.com\\\/wp-content\\\/uploads\\\/2021\\\/12\\\/main-image5.jpg\",\"datePublished\":\"2021-12-16T12:22:52+00:00\",\"dateModified\":\"2025-08-21T08:35:00+00:00\",\"description\":\"Descubre el MF 1100 Pro Super: detecci\u00f3n inteligente avanzada de oro, tesoros y m\u00e1s. Libere la precisi\u00f3n y la confianza en cada b\u00fasqueda.\",\"breadcrumb\":{\"@id\":\"https:\\\/\\\/mwf-metaldetectors.com\\\/es\\\/producto\\\/mf-1100-pro-super-es\\\/#breadcrumb\"},\"inLanguage\":\"es\",\"potentialAction\":[{\"@type\":\"ReadAction\",\"target\":[\"https:\\\/\\\/mwf-metaldetectors.com\\\/es\\\/producto\\\/mf-1100-pro-super-es\\\/\"]}]},{\"@type\":\"ImageObject\",\"inLanguage\":\"es\",\"@id\":\"https:\\\/\\\/mwf-metaldetectors.com\\\/es\\\/producto\\\/mf-1100-pro-super-es\\\/#primaryimage\",\"url\":\"https:\\\/\\\/mwf-metaldetectors.com\\\/wp-content\\\/uploads\\\/2021\\\/12\\\/main-image5.jpg\",\"contentUrl\":\"https:\\\/\\\/mwf-metaldetectors.com\\\/wp-content\\\/uploads\\\/2021\\\/12\\\/main-image5.jpg\",\"width\":1000,\"height\":993},{\"@type\":\"BreadcrumbList\",\"@id\":\"https:\\\/\\\/mwf-metaldetectors.com\\\/es\\\/producto\\\/mf-1100-pro-super-es\\\/#breadcrumb\",\"itemListElement\":[{\"@type\":\"ListItem\",\"position\":1,\"name\":\"\u062c\u0645\u064a\u0639 \u0627\u0644\u0627\u062c\u0647\u0632\u0629 \u0648 \u0627\u0644\u0627\u0643\u0633\u0633\u0648\u0627\u0631\u0627\u062a\",\"item\":\"https:\\\/\\\/mwf-metaldetectors.com\\\/ar\\\/shop-2\\\/\"},{\"@type\":\"ListItem\",\"position\":2,\"name\":\"MF 1100 Pro Super &#8211; Detector inteligente de oro y tesoros\"}]},{\"@type\":\"WebSite\",\"@id\":\"https:\\\/\\\/mwf-metaldetectors.com\\\/es\\\/#website\",\"url\":\"https:\\\/\\\/mwf-metaldetectors.com\\\/es\\\/\",\"name\":\"MWF Detectors\",\"description\":\"MWF Group of Companies and Factories, specializing in the manufacture and trade of metal detectors.\",\"publisher\":{\"@id\":\"https:\\\/\\\/mwf-metaldetectors.com\\\/es\\\/#organization\"},\"alternateName\":\"MWF Metal And Gold And Water Detectors\",\"potentialAction\":[{\"@type\":\"SearchAction\",\"target\":{\"@type\":\"EntryPoint\",\"urlTemplate\":\"https:\\\/\\\/mwf-metaldetectors.com\\\/es\\\/?s={search_term_string}\"},\"query-input\":{\"@type\":\"PropertyValueSpecification\",\"valueRequired\":true,\"valueName\":\"search_term_string\"}}],\"inLanguage\":\"es\"},{\"@type\":\"Organization\",\"@id\":\"https:\\\/\\\/mwf-metaldetectors.com\\\/es\\\/#organization\",\"name\":\"MWF Detector\",\"alternateName\":\"MWF Group of Companies and Factories, specializing in the manufacture and trade of metal detectors.\",\"url\":\"https:\\\/\\\/mwf-metaldetectors.com\\\/es\\\/\",\"logo\":{\"@type\":\"ImageObject\",\"inLanguage\":\"es\",\"@id\":\"https:\\\/\\\/mwf-metaldetectors.com\\\/es\\\/#\\\/schema\\\/logo\\\/image\\\/\",\"url\":\"https:\\\/\\\/mwf-metaldetectors.com\\\/wp-content\\\/uploads\\\/2023\\\/06\\\/cropped-logodf1-copy.png\",\"contentUrl\":\"https:\\\/\\\/mwf-metaldetectors.com\\\/wp-content\\\/uploads\\\/2023\\\/06\\\/cropped-logodf1-copy.png\",\"width\":512,\"height\":512,\"caption\":\"MWF Detector\"},\"image\":{\"@id\":\"https:\\\/\\\/mwf-metaldetectors.com\\\/es\\\/#\\\/schema\\\/logo\\\/image\\\/\"},\"sameAs\":[\"https:\\\/\\\/www.facebook.com\\\/mwfdetector\\\/\",\"https:\\\/\\\/x.com\\\/mwfdetectors\",\"https:\\\/\\\/www.youtube.com\\\/user\\\/MWFDETECTORS\"]}]}<\/script>\n<!-- \/ Yoast SEO plugin. -->","yoast_head_json":{"title":"MF 1100 Pro Super - Detector inteligente de oro y tesoros","description":"Descubre el MF 1100 Pro Super: detecci\u00f3n inteligente avanzada de oro, tesoros y m\u00e1s. Libere la precisi\u00f3n y la confianza en cada b\u00fasqueda.","robots":{"index":"index","follow":"follow","max-snippet":"max-snippet:-1","max-image-preview":"max-image-preview:large","max-video-preview":"max-video-preview:-1"},"canonical":"https:\/\/mwf-metaldetectors.com\/es\/producto\/mf-1100-pro-super-es\/","og_locale":"es_ES","og_type":"article","og_title":"MF 1100 Pro Super - Detector inteligente de oro y tesoros","og_description":"Descubre el MF 1100 Pro Super: detecci\u00f3n inteligente avanzada de oro, tesoros y m\u00e1s. Libere la precisi\u00f3n y la confianza en cada b\u00fasqueda.","og_url":"https:\/\/mwf-metaldetectors.com\/es\/producto\/mf-1100-pro-super-es\/","og_site_name":"MWF Metal Detectors | Gold Detectors | Gems, Water, Treasures Locator","article_publisher":"https:\/\/www.facebook.com\/mwfdetector\/","article_modified_time":"2025-08-21T08:35:00+00:00","og_image":[{"width":1000,"height":993,"url":"https:\/\/mwf-metaldetectors.com\/wp-content\/uploads\/2021\/12\/main-image5.jpg","type":"image\/jpeg"}],"twitter_card":"summary_large_image","twitter_site":"@mwfdetectors","twitter_misc":{"Tiempo de lectura":"5 minutos"},"schema":{"@context":"https:\/\/schema.org","@graph":[{"@type":"WebPage","@id":"https:\/\/mwf-metaldetectors.com\/es\/producto\/mf-1100-pro-super-es\/","url":"https:\/\/mwf-metaldetectors.com\/es\/producto\/mf-1100-pro-super-es\/","name":"MF 1100 Pro Super - Detector inteligente de oro y tesoros","isPartOf":{"@id":"https:\/\/mwf-metaldetectors.com\/es\/#website"},"primaryImageOfPage":{"@id":"https:\/\/mwf-metaldetectors.com\/es\/producto\/mf-1100-pro-super-es\/#primaryimage"},"image":{"@id":"https:\/\/mwf-metaldetectors.com\/es\/producto\/mf-1100-pro-super-es\/#primaryimage"},"thumbnailUrl":"https:\/\/mwf-metaldetectors.com\/wp-content\/uploads\/2021\/12\/main-image5.jpg","datePublished":"2021-12-16T12:22:52+00:00","dateModified":"2025-08-21T08:35:00+00:00","description":"Descubre el MF 1100 Pro Super: detecci\u00f3n inteligente avanzada de oro, tesoros y m\u00e1s. Libere la precisi\u00f3n y la confianza en cada b\u00fasqueda.","breadcrumb":{"@id":"https:\/\/mwf-metaldetectors.com\/es\/producto\/mf-1100-pro-super-es\/#breadcrumb"},"inLanguage":"es","potentialAction":[{"@type":"ReadAction","target":["https:\/\/mwf-metaldetectors.com\/es\/producto\/mf-1100-pro-super-es\/"]}]},{"@type":"ImageObject","inLanguage":"es","@id":"https:\/\/mwf-metaldetectors.com\/es\/producto\/mf-1100-pro-super-es\/#primaryimage","url":"https:\/\/mwf-metaldetectors.com\/wp-content\/uploads\/2021\/12\/main-image5.jpg","contentUrl":"https:\/\/mwf-metaldetectors.com\/wp-content\/uploads\/2021\/12\/main-image5.jpg","width":1000,"height":993},{"@type":"BreadcrumbList","@id":"https:\/\/mwf-metaldetectors.com\/es\/producto\/mf-1100-pro-super-es\/#breadcrumb","itemListElement":[{"@type":"ListItem","position":1,"name":"\u062c\u0645\u064a\u0639 \u0627\u0644\u0627\u062c\u0647\u0632\u0629 \u0648 \u0627\u0644\u0627\u0643\u0633\u0633\u0648\u0627\u0631\u0627\u062a","item":"https:\/\/mwf-metaldetectors.com\/ar\/shop-2\/"},{"@type":"ListItem","position":2,"name":"MF 1100 Pro Super &#8211; Detector inteligente de oro y tesoros"}]},{"@type":"WebSite","@id":"https:\/\/mwf-metaldetectors.com\/es\/#website","url":"https:\/\/mwf-metaldetectors.com\/es\/","name":"MWF Detectors","description":"MWF Group of Companies and Factories, specializing in the manufacture and trade of metal detectors.","publisher":{"@id":"https:\/\/mwf-metaldetectors.com\/es\/#organization"},"alternateName":"MWF Metal And Gold And Water Detectors","potentialAction":[{"@type":"SearchAction","target":{"@type":"EntryPoint","urlTemplate":"https:\/\/mwf-metaldetectors.com\/es\/?s={search_term_string}"},"query-input":{"@type":"PropertyValueSpecification","valueRequired":true,"valueName":"search_term_string"}}],"inLanguage":"es"},{"@type":"Organization","@id":"https:\/\/mwf-metaldetectors.com\/es\/#organization","name":"MWF Detector","alternateName":"MWF Group of Companies and Factories, specializing in the manufacture and trade of metal detectors.","url":"https:\/\/mwf-metaldetectors.com\/es\/","logo":{"@type":"ImageObject","inLanguage":"es","@id":"https:\/\/mwf-metaldetectors.com\/es\/#\/schema\/logo\/image\/","url":"https:\/\/mwf-metaldetectors.com\/wp-content\/uploads\/2023\/06\/cropped-logodf1-copy.png","contentUrl":"https:\/\/mwf-metaldetectors.com\/wp-content\/uploads\/2023\/06\/cropped-logodf1-copy.png","width":512,"height":512,"caption":"MWF Detector"},"image":{"@id":"https:\/\/mwf-metaldetectors.com\/es\/#\/schema\/logo\/image\/"},"sameAs":["https:\/\/www.facebook.com\/mwfdetector\/","https:\/\/x.com\/mwfdetectors","https:\/\/www.youtube.com\/user\/MWFDETECTORS"]}]}},"_links":{"self":[{"href":"https:\/\/mwf-metaldetectors.com\/es\/wp-json\/wp\/v2\/product\/12525","targetHints":{"allow":["GET"]}}],"collection":[{"href":"https:\/\/mwf-metaldetectors.com\/es\/wp-json\/wp\/v2\/product"}],"about":[{"href":"https:\/\/mwf-metaldetectors.com\/es\/wp-json\/wp\/v2\/types\/product"}],"replies":[{"embeddable":true,"href":"https:\/\/mwf-metaldetectors.com\/es\/wp-json\/wp\/v2\/comments?post=12525"}],"wp:featuredmedia":[{"embeddable":true,"href":"https:\/\/mwf-metaldetectors.com\/es\/wp-json\/wp\/v2\/media\/12534"}],"wp:attachment":[{"href":"https:\/\/mwf-metaldetectors.com\/es\/wp-json\/wp\/v2\/media?parent=12525"}],"wp:term":[{"taxonomy":"product_brand","embeddable":true,"href":"https:\/\/mwf-metaldetectors.com\/es\/wp-json\/wp\/v2\/product_brand?post=12525"},{"taxonomy":"product_cat","embeddable":true,"href":"https:\/\/mwf-metaldetectors.com\/es\/wp-json\/wp\/v2\/product_cat?post=12525"},{"taxonomy":"product_tag","embeddable":true,"href":"https:\/\/mwf-metaldetectors.com\/es\/wp-json\/wp\/v2\/product_tag?post=12525"}],"curies":[{"name":"wp","href":"https:\/\/api.w.org\/{rel}","templated":true}]}}