{"id":47400,"date":"2025-08-15T09:45:47","date_gmt":"2025-08-15T09:45:47","guid":{"rendered":"https:\/\/mwf-metaldetectors.com\/product\/spark-gold-treasures-detector-200-m-langstreckensuche\/"},"modified":"2025-09-29T12:12:19","modified_gmt":"2025-09-29T12:12:19","slug":"spark-gold-treasures-detector-200-m-langstreckensuche","status":"publish","type":"product","link":"https:\/\/mwf-metaldetectors.com\/de\/product\/spark-gold-treasures-detector-200-m-langstreckensuche\/","title":{"rendered":"Spark Gold &amp; Treasures Detector \u2013 200 m Langstreckensuche"},"content":{"rendered":"<div class=\"container\">\n<div class=\"row \">\n<div class=\"col-md-6 col-xs-6 my-4 \"><\/div>\n<\/div>\n<h3>SPARK &#8211; Gold &amp; Treasures Detector&#8220; Das Spark-Ger\u00e4t arbeitet mit dem Long Distance Sensing System (LDS)<\/h3>\n<blockquote>\n<div>Die fortschrittlichen und integrierten akustischen Identifikationssysteme zur Lokalisierung des Pfades und der Punktmitte des Ziels.<br \/>\nDer Spark bietet hochstrenge Frequenzwellen, die es ihm erm\u00f6glichen, die Zielorte unter der Erde zu identifizieren und zu erkennen, wie z. B. Gold, Sch\u00e4tze und Rohlinge, bei denen das Ger\u00e4t die Ziele aus einer Entfernung von 200 Metern und einem Winkel von 360 Grad mit pr\u00e4ziser Steuerungsfunktion bei einer horizontalen Entfernungssuche lokalisieren kann, bei der es mehrere Ebenen der Suchentfernung gibt. Der Benutzer kann sich nach seinen Bed\u00fcrfnissen an den horizontalen Scan anpassen, die Suchtiefe im Spark-Ger\u00e4t kann bis zu 10 m unter der Erde erreicht werden, mit der M\u00f6glichkeit einer pr\u00e4zisen Steuerung der Suchtiefe,<br \/>\nAll dies \u00fcber die Ger\u00e4testeuerungsschnittstelle zeichnet sich das Ger\u00e4t durch seine geringe Gr\u00f6\u00dfe und Benutzerfreundlichkeit aus, wo es in der Tasche platziert und so leicht bewegt werden kann, und jeder kann es verwenden, ohne Erfahrung oder gro\u00dfe Kenntnisse \u00fcber Detektoren zu haben.<\/div>\n<\/blockquote>\n<div class=\"row flex-column-reverse flex-lg-row\">\n<div class=\"col-md-6 col-ms-12 \">\n<ul>\n<li>Specialist Spark zum Aufsp\u00fcren und Suchen von Gold, Metall und Hohlr\u00e4umen unter der Erde mit sehr gro\u00dfer Genauigkeit.<\/li>\n<li>Hohe Qualit\u00e4t und genaue Leistung, Herstellung dieses Produkts aus besten Elastomeren, elektronischen Komponenten und Schaltkreisen mit internationalen Standards.<\/li>\n<li>Unterst\u00fctzt dieses Ger\u00e4t mit einfachem Bedienfeld, mit der Schnittstelle, die mit Tasten, Tasten und LEDs arbeitet, erm\u00f6glicht es dem Benutzer, das Ger\u00e4t einfach zu steuern und einzustellen, das Bedienfeld besteht aus Folgendem:<\/li>\n<\/ul>\n<p>1- EIN\/AUS-Taste 2- Taste zum Einstellen der Lautst\u00e4rke 3- Taste f\u00fcr den Zielauswahltyp 4- Taste zur Auswahl des Tiefenbereichs 5- Taste zur Auswahl des Entfernungsbereichs<\/p>\n<ul>\n<li>Steuerung in 5 Schallpegelmodi, zus\u00e4tzlich ein Silent- oder Vibrator-Modus.<\/li>\n<li>LEDs zeigen Such- und Signalanzeige an und bestehen aus drei Ebenen.<\/li>\n<li>LEDs, die den Batteriestand anzeigen und aus 3 Stufen bestehen, zeigen den Batteriestand an.<\/li>\n<li>LEDs, die die ausgew\u00e4hlten Suchmodi wie Zieltyp, Tiefe und Entfernung anzeigen.<\/li>\n<li>Ziele, optionale Liste: Gold, Silber, Bronze und H\u00f6hlen.<\/li>\n<li>Suchtiefe, optionale Liste und Start von 0m bis zur gew\u00e4hlten Tiefe: 1m &#8211; 3m &#8211; 5m &#8211; 7m &#8211; 10m.<\/li>\n<li>Suchentfernung, optionale Liste und Start von 0m bis zur gew\u00e4hlten Tiefe: 25 m &#8211; 50 m &#8211; 100 m &#8211; 150 m &#8211; 200 m.<\/li>\n<li>Einfach zu bedienen und zu bedienen, jeder kann es verwenden.<\/li>\n<li>Das Ger\u00e4t zeichnet sich durch seine geringe Gr\u00f6\u00dfe aus, wo es in der Tasche platziert und flexibel bewegt werden kann.<\/li>\n<li>Leicht, was dem Benutzer hilft, ohne Anstrengung oder Erm\u00fcdung zu arbeiten.<\/li>\n<\/ul>\n<\/div>\n<div class=\"col-md-6 col-ms-12\">\n<div class=\"tab-image\"><img decoding=\"async\" src=\"https:\/\/mwf-metaldetectors.com\/wp-content\/uploads\/2021\/12\/BIG-MAIN-IMAGE-11.jpg.webp\" alt=\"Funke\" \/><\/div>\n<\/div>\n<\/div>\n<\/div>\n","protected":false},"excerpt":{"rendered":"<p>&nbsp;<\/p>\n<div class=\"row bg-transparent text-center mt-0 \">\n<div class=\"col\">\n<p class=\" mb-3\"><img loading=\"lazy\" decoding=\"async\" class=\"mt-3\" role=\"img\" src=\"https:\/\/mwf-metaldetectors.com\/wp-content\/uploads\/2021\/12\/battary-01-1.svg\" width=\"40\" height=\"40\" \/><\/p>\n<h6 class=\"text-white mb-0\">Batterie<\/h6>\n<p class=\"text-white-50 mb-0\">32Arbeitsstunden<\/p>\n<\/div>\n<div class=\"col\">\n<p class=\" mb-3\"><img loading=\"lazy\" decoding=\"async\" class=\"mt-3\" role=\"img\" src=\"https:\/\/mwf-metaldetectors.com\/wp-content\/uploads\/2022\/01\/screen33-01.svg\" width=\"40\" height=\"40\" \/><\/p>\n<h6 class=\"text-white mb-0\">Bildschirm<\/h6>\n<p class=\"text-white-50 mb-0\">LED-Schnittstelle<\/p>\n<\/div>\n<div class=\"col\">\n<p class=\" mb-3\"><img loading=\"lazy\" decoding=\"async\" class=\"mt-3\" role=\"img\" src=\"https:\/\/mwf-metaldetectors.com\/wp-content\/uploads\/2021\/12\/Devices-01.svg\" width=\"40\" height=\"40\" \/><\/p>\n<h6 class=\"text-white mb-0\">Ger\u00e4tesystem<\/h6>\n<p class=\"text-white-50 mb-0\">LRL<\/p>\n<\/div>\n<\/div>\n<div class=\"row bg-transparent text-center \">\n<div class=\"col\">\n<p class=\" mb-3\"><img loading=\"lazy\" decoding=\"async\" class=\"mt-3\" role=\"img\" src=\"https:\/\/mwf-metaldetectors.com\/wp-content\/uploads\/2022\/01\/MOKABIRA33-01.svg\" width=\"40\" height=\"40\" \/><\/p>\n<h6 class=\"text-white mb-0\">Diskriminierung zwischen den Zielpersonen<\/h6>\n<p class=\"text-white-50 mb-0\">Ja (optional)<\/p>\n<\/div>\n<div class=\"col\">\n<p class=\" mb-3\"><img loading=\"lazy\" decoding=\"async\" class=\"mt-3\" role=\"img\" src=\"https:\/\/mwf-metaldetectors.com\/wp-content\/uploads\/2021\/12\/layar-01.svg\" width=\"40\" height=\"40\" \/><\/p>\n<h6 class=\"text-white mb-0\">Tiefe<\/h6>\n<p class=\"text-white-50 mb-0\">Von 0 Bis 10m<\/p>\n<\/div>\n<div class=\"col\">\n<p class=\" mb-3\"><img loading=\"lazy\" decoding=\"async\" class=\"mt-3\" role=\"img\" src=\"https:\/\/mwf-metaldetectors.com\/wp-content\/uploads\/2021\/12\/Betwen-01.svg\" width=\"40\" height=\"40\" \/><\/p>\n<h6 class=\"text-white mb-0\">Abstand<\/h6>\n<p class=\"text-white-50 mb-0\">Von 0 Bis 200m<\/p>\n<\/div>\n<\/div>\n","protected":false},"featured_media":54493,"comment_status":"open","ping_status":"closed","template":"","meta":{"_acf_changed":false,"rs_blank_template":"","rs_page_bg_color":"","slide_template_v7":"","_joinchat":[]},"product_brand":[],"product_cat":[647,657,692,658,648],"product_tag":[],"class_list":{"0":"post-47400","1":"product","2":"type-product","3":"status-publish","4":"has-post-thumbnail","6":"product_cat-akustische-detektionssysteme","7":"product_cat-gold-detektoren","8":"product_cat-hohlen-detektoren","9":"product_cat-metalldetektoren","10":"product_cat-ortungssysteme-mit-groser-reichweite","12":"first","13":"instock","14":"sale","15":"featured","16":"shipping-taxable","17":"purchasable","18":"product-type-simple"},"acf":[],"_links":{"self":[{"href":"https:\/\/mwf-metaldetectors.com\/de\/wp-json\/wp\/v2\/product\/47400","targetHints":{"allow":["GET"]}}],"collection":[{"href":"https:\/\/mwf-metaldetectors.com\/de\/wp-json\/wp\/v2\/product"}],"about":[{"href":"https:\/\/mwf-metaldetectors.com\/de\/wp-json\/wp\/v2\/types\/product"}],"replies":[{"embeddable":true,"href":"https:\/\/mwf-metaldetectors.com\/de\/wp-json\/wp\/v2\/comments?post=47400"}],"wp:featuredmedia":[{"embeddable":true,"href":"https:\/\/mwf-metaldetectors.com\/de\/wp-json\/wp\/v2\/media\/54493"}],"wp:attachment":[{"href":"https:\/\/mwf-metaldetectors.com\/de\/wp-json\/wp\/v2\/media?parent=47400"}],"wp:term":[{"taxonomy":"product_brand","embeddable":true,"href":"https:\/\/mwf-metaldetectors.com\/de\/wp-json\/wp\/v2\/product_brand?post=47400"},{"taxonomy":"product_cat","embeddable":true,"href":"https:\/\/mwf-metaldetectors.com\/de\/wp-json\/wp\/v2\/product_cat?post=47400"},{"taxonomy":"product_tag","embeddable":true,"href":"https:\/\/mwf-metaldetectors.com\/de\/wp-json\/wp\/v2\/product_tag?post=47400"}],"curies":[{"name":"wp","href":"https:\/\/api.w.org\/{rel}","templated":true}]}}