{"id":45594,"date":"2025-07-31T14:26:54","date_gmt":"2025-07-31T14:26:54","guid":{"rendered":"https:\/\/mwf-metaldetectors.com\/product\/mf-1500-smart-fortschrittliches-multi-detektionssystem\/"},"modified":"2025-07-31T14:26:54","modified_gmt":"2025-07-31T14:26:54","slug":"mf-1500-smart-fortschrittliches-multi-detektionssystem","status":"publish","type":"product","link":"https:\/\/mwf-metaldetectors.com\/de\/product\/mf-1500-smart-fortschrittliches-multi-detektionssystem\/","title":{"rendered":"MF 1500 Smart: Fortschrittliches Multi-Detektionssystem"},"content":{"rendered":"<div class=\"container\">\n<div class=\"row \">\n<div class=\"col-md-6 col-xs-6 my-4 \"><\/div>\n<\/div>\n<h4>MF 1500 Smart |Mit 4 Detektionssystemen Ausgekl\u00fcgelte und hochgenaue, multifunktionale Detektionsmaschine und mit mehreren Suchlisten, Nach wissenschaftlichen Studien und praktischen Experimenten, die mehr als 4 Jahre dauerten, bieten und gew\u00e4hren wir Ihnen heute MWF Group, hochpr\u00e4zise Detektionssysteme, und frei von Fehlern.<\/h4>\n<blockquote><p>MF 1500 SMART, ein Spezialist f\u00fcr die Detektion und Exploration von unterirdischen Ressourcen sowie Mineralien, Gold, Mineralien, Wasser, Edelsteinen, Diamanten, Hohlr\u00e4umen und Hohlr\u00e4umen, mit optionalen Listen.<\/p>\n<p>Bei diesem Ger\u00e4t handelt es sich um die neueste und fortschrittlichste wissenschaftliche Technologie, die zum ersten Mal und exklusiv bei der MWF GROUP auf den Detektions- und Smart-Betriebssystemen (Smart Technology) l\u00e4uft.<\/p>\n<p>MF 1500 Smart ist ein Ger\u00e4t mit mehreren Detektionssystemen und mehreren Funktionen, das dem Entdecker hochgenaue Ergebnisse \u00fcber die Ziele unter Tage liefert, mit der Lokalisierung von Bohrpunkten f\u00fcr das Ziel und die Tiefe, unterst\u00fctzt von intelligenten Betriebssystemen, die dem Benutzer eine vollst\u00e4ndige und schnelle Kontrolle \u00fcber alle Einstellungen der Ger\u00e4teprogramme und nahtlos erm\u00f6glichen.<\/p>\n<p>MF 1500 Smart ist auch mehrsprachig, so dass jeder es verwenden kann und es einfach zu handhaben ist, mit integrierten Daten und Ergebnissen \u00fcber den Zielpunkt und das Bohren sowie der Bestimmung der Tiefe und Gr\u00f6\u00dfe des Ziels.<\/p><\/blockquote>\n<div class=\"row flex-column-reverse flex-lg-row\">\n<div class=\"col-md-6 col-ms-12 \">\n<ul>\n<li>MF 1500 SMART&#8220; Arbeitet an wissenschaftlichen Techniken mit speziellem elektronischem Charakter und durch entwickelte Software und einzigartig.<\/li>\n<li>Multi-Detektions- und Explorationssysteme mit den neuesten fortschrittlichen und ausgefeilten Techniken zur Erkennung und Lokalisierung der Ziele unter Tage.<\/li>\n<li>Hohes Technologieniveau zur Erkennung und Erkundung von unterirdischen Ressourcen und Mineralien, Gold, Mineralien, Wasser, Edelsteinen, Hohlr\u00e4umen und Sch\u00e4tzen.<\/li>\n<li>Wellenfrequenzen von hoher Pr\u00e4zision und Leistung, die in der Lage sind, den Untergrund bis zu einer Tiefe von 40 Metern zu durchdringen, und die F\u00e4higkeit, den Frontabstand zu erkennen und sich bis zu 2 km auszubreiten.<\/li>\n<li>Der TFT-Farbbildschirm 3,2-Zoll-HD bietet dem Benutzer bei Tag und Nacht eine klare Sicht.<\/li>\n<li>Steuern Sie die Bildschirmhelligkeitsfunktion, die Ihnen eine ausreichende Beleuchtung f\u00fcr Tag und Nacht bietet, und reduzieren Sie die Beleuchtung, um ebenfalls Energie zu sparen.<\/li>\n<li>F\u00fcnf Tonstufen erm\u00f6glichen Ihnen eine angemessene Kontrolle \u00fcber die Tonausgabe und signalisieren Ger\u00e4usche von Suchergebnissen.<\/li>\n<li>Zum ersten Mal weltweit in den Detektions- und Erkundungsger\u00e4ten exklusiv bei der MWF Group, Das Ger\u00e4t wird mit intelligenten Bedien- und Erkennungssystemen, intelligenten Schnittstellen, Energiesparsystemen, intelligentem Ladesystem, mehrsprachiger und gespeicherter Ger\u00e4tesprache, Speichereinstellungen, intelligenter Steuerung, Bluetooth-Technologie und Zur\u00fccksetzen auf die Werkseinstellungen unterst\u00fctzt.<\/li>\n<li>Intelligente Einstellungen Die Benutzeroberfl\u00e4che bietet Ihnen eine flexible und schnelle Steuerung aller Funktionen und Programme mit Leichtigkeit.<\/li>\n<li>Auswahlschnittstelle des Suchsystems, es erm\u00f6glicht Ihnen einen schnellen Wechsel zwischen den Suchsystemmodi, zur Auswahl des Suchsystems, das durcherkennt.<\/li>\n<li>Intelligente Batterie- und Ladefunktion, die dem Benutzer eine genaue Verfolgung des Batteriestands und Benachrichtigungen \u00fcber den Batteriestand und Warnungen vor dem Inkrafttreten der Stromversorgung erm\u00f6glicht, mit intelligenten Ladesystemen, die es dem Benutzer auch erm\u00f6glichen, die Batterieladung zu verfolgen, wenn das Ger\u00e4t ein- oder ausgeschaltet ist, und um den Ladezustand herauszufinden, der hinzugef\u00fcgt wurde,  Alles in Echtzeit.<\/li>\n<li>Das Ger\u00e4t und das Zubeh\u00f6r zeichnen sich durch eine geringe Gr\u00f6\u00dfe aus, die eine schnelle Bewegung mit drahtlosen Kommunikationsbefehlen erm\u00f6glicht, und unterliegen der Demontage und Montage aller angeschlossenen Einheiten und Systeme.<\/li>\n<\/ul>\n<\/div>\n<div class=\"col-md-6 col-ms-12\">\n<div class=\"tab-image\"><img decoding=\"async\" src=\"https:\/\/mwf-metaldetectors.com\/wp-content\/uploads\/2021\/12\/big-main-image-3.jpg.webp\" alt=\"303\"><\/div>\n<\/div>\n<\/div>\n<div class=\"col-md-12 col-ms-12\">\n<ul>\n<li>Drahtloses Verbindungssystem, um sich mit den begleitenden Suchsystemen zu verbinden, das drahtlose Befehle an das Suchsystem sendet, das von ihm erkundet werden soll, und seine Einstellungen aus der Ferne zu \u00e4ndern, ohne dass die Dr\u00e4hte und andere Dinge angeschlossen werden m\u00fcssen, die den Suchprozess und die Suchergebnisse behindern und verz\u00f6gern k\u00f6nnen.<\/li>\n<li>Buttons Das Bedienfeld, das aus Tasten aus Chrom besteht, gibt Ihnen Vertrauen in die schnelle Steuerung des Ger\u00e4ts und der Einstellungen.<\/li>\n<li>Automatic Tuning System (ATS) Spezielle Erfindung und neu, eingetragen zu Gunsten der MWF GROUP, liefert dieses System genaue und sichere Ergebnisse in allen Arten von B\u00f6den und Gel\u00e4nde, da das System den Boden automatisch erkennt, den Suchprozess automatisch abstimmt, entsprechend der Art des Bodens und den Eigenschaften des Bodens, Mit der Beseitigung von \u00dcberlappungen Strahlung, die sich aus dem Effekt des felsigen und bergigen Territoriums ergibt,  Dies kann viele andere Detektoren betreffen, aber dieses intelligente System kann sortieren und analysieren und die erforderlichen Pegel bereitstellen, die sich auf Frequenzsignal, Spannung und Wellenl\u00e4nge des Signals beziehen, was zu fehlerfreien Ergebnissen f\u00fchrt.<\/li>\n<li>Leicht, was dem Benutzer hilft, ohne Anstrengung oder Erm\u00fcdung zu arbeiten.<\/li>\n<\/ul>\n<\/div>\n<\/div>\n","protected":false},"excerpt":{"rendered":"<div class=\"row bg-transparent text-center mt-0 \">\n<div class=\"col\">\n<p class=\" mb-3\"><img loading=\"lazy\" decoding=\"async\" class=\"mt-3\" role=\"img\" src=\"https:\/\/mwf-metaldetectors.com\/wp-content\/uploads\/2021\/12\/battary-01-1.svg\" width=\"40\" height=\"40\"><\/p>\n<h6 class=\"text-white mb-0\">Batterie<\/h6>\n<p class=\"text-white-50 mb-0\">15 Arbeitsstunden<\/p>\n<\/div>\n<div class=\"col\">\n<p class=\" mb-3\"><img loading=\"lazy\" decoding=\"async\" class=\"mt-3\" role=\"img\" src=\"https:\/\/mwf-metaldetectors.com\/wp-content\/uploads\/2022\/01\/screen33-01.svg\" width=\"40\" height=\"40\"><\/p>\n<h6 class=\"text-white mb-0\">Bildschirm<\/h6>\n<p class=\"text-white-50 mb-0\">farbiges 3,2-Zoll-LCD (TFT)<\/p>\n<\/div>\n<div class=\"col\">\n<p class=\" mb-3\"><img loading=\"lazy\" decoding=\"async\" class=\"mt-3\" role=\"img\" src=\"https:\/\/mwf-metaldetectors.com\/wp-content\/uploads\/2021\/12\/Devices-01.svg\" width=\"40\" height=\"40\"><\/p>\n<h6 class=\"text-white mb-0\">Ger\u00e4tesystem<\/h6>\n<p class=\"text-white-50 mb-0\">LRL (Handheld &amp; Line Tracker) und Ionenerkennung und Bodensensorsystem<\/p>\n<\/div>\n<\/div>\n<div class=\"row bg-transparent text-center \">\n<div class=\"col\">\n<p class=\" mb-3\"><img loading=\"lazy\" decoding=\"async\" class=\"mt-3\" role=\"img\" src=\"https:\/\/mwf-metaldetectors.com\/wp-content\/uploads\/2022\/01\/MOKABIRA33-01.svg\" width=\"40\" height=\"40\"><\/p>\n<h6 class=\"text-white mb-0\">Diskriminierung zwischen den Zielpersonen<\/h6>\n<p class=\"text-white-50 mb-0\">Automatisch\/Optional<\/p>\n<\/div>\n<div class=\"col\">\n<p class=\" mb-3\"><img loading=\"lazy\" decoding=\"async\" class=\"mt-3\" role=\"img\" src=\"https:\/\/mwf-metaldetectors.com\/wp-content\/uploads\/2021\/12\/layar-01.svg\" width=\"40\" height=\"40\"><\/p>\n<h6 class=\"text-white mb-0\">Tiefe<\/h6>\n<p class=\"text-white-50 mb-0\">Von 0 Bis <strong>40<\/strong>m, F\u00fcr Wasser 450m<\/p>\n<\/div>\n<div class=\"col\">\n<p class=\" mb-3\"><img loading=\"lazy\" decoding=\"async\" class=\"mt-3\" role=\"img\" src=\"https:\/\/mwf-metaldetectors.com\/wp-content\/uploads\/2021\/12\/Betwen-01.svg\" width=\"40\" height=\"40\"><\/p>\n<h6 class=\"text-white mb-0\">Abstand<\/h6>\n<p class=\"text-white-50 mb-0\">Von 0 Bis <strong>2000<\/strong>m<\/p>\n<\/div>\n<\/div>\n","protected":false},"featured_media":45604,"comment_status":"open","ping_status":"closed","template":"","meta":{"_acf_changed":false,"rs_blank_template":"","rs_page_bg_color":"","slide_template_v7":"","_joinchat":[]},"product_brand":[],"product_cat":[647,702,693,657,692,673,694,658,648,665,649],"product_tag":[],"class_list":{"0":"post-45594","1":"product","2":"type-product","3":"status-publish","4":"has-post-thumbnail","6":"product_cat-akustische-detektionssysteme","7":"product_cat-boden-bildgebungssysteme","8":"product_cat-gems-detektoren","9":"product_cat-gold-detektoren","10":"product_cat-hohlen-detektoren","11":"product_cat-integrierte-detektionssysteme","12":"product_cat-ionische-suchsysteme","13":"product_cat-metalldetektoren","14":"product_cat-ortungssysteme-mit-groser-reichweite","15":"product_cat-schatze","16":"product_cat-wasser-detektoren","17":"product_shipping_class-kostenloser-versand","19":"first","20":"instock","21":"shipping-taxable","22":"purchasable","23":"product-type-simple"},"acf":[],"yoast_head":"<!-- This site is optimized with the Yoast SEO plugin v27.6 - https:\/\/yoast.com\/product\/yoast-seo-wordpress\/ -->\n<title>MF 1500 Smart: Fortschrittliches Multi-Detektionssystem<\/title>\n<meta name=\"description\" content=\"Entdecken Sie un\u00fcbertroffene Pr\u00e4zision bei der Untertageexploration mit den vier fortschrittlichen Detektionssystemen des MF 1500 Smart. St\u00e4rken Sie Ihre Suche.\" \/>\n<meta name=\"robots\" content=\"index, follow, max-snippet:-1, max-image-preview:large, max-video-preview:-1\" \/>\n<link rel=\"canonical\" href=\"https:\/\/mwf-metaldetectors.com\/de\/product\/mf-1500-smart-fortschrittliches-multi-detektionssystem\/\" \/>\n<meta property=\"og:locale\" content=\"de_DE\" \/>\n<meta property=\"og:type\" content=\"article\" \/>\n<meta property=\"og:title\" content=\"MF 1500 Smart: Fortschrittliches Multi-Detektionssystem\" \/>\n<meta property=\"og:description\" content=\"Entdecken Sie un\u00fcbertroffene Pr\u00e4zision bei der Untertageexploration mit den vier fortschrittlichen Detektionssystemen des MF 1500 Smart. St\u00e4rken Sie Ihre Suche.\" \/>\n<meta property=\"og:url\" content=\"https:\/\/mwf-metaldetectors.com\/de\/product\/mf-1500-smart-fortschrittliches-multi-detektionssystem\/\" \/>\n<meta property=\"og:site_name\" content=\"MWF Metal Detectors | Gold Detectors | Gems, Water, Treasures Locator\" \/>\n<meta property=\"article:publisher\" content=\"https:\/\/www.facebook.com\/mwfdetector\/\" \/>\n<meta property=\"og:image\" content=\"https:\/\/mwf-metaldetectors.com\/wp-content\/uploads\/2021\/12\/main-image-4.jpg\" \/>\n\t<meta property=\"og:image:width\" content=\"1000\" \/>\n\t<meta property=\"og:image:height\" content=\"993\" \/>\n\t<meta property=\"og:image:type\" content=\"image\/jpeg\" \/>\n<meta name=\"twitter:card\" content=\"summary_large_image\" \/>\n<meta name=\"twitter:site\" content=\"@mwfdetectors\" \/>\n<meta name=\"twitter:label1\" content=\"Gesch\u00e4tzte Lesezeit\" \/>\n\t<meta name=\"twitter:data1\" content=\"4\u00a0Minuten\" \/>\n<script type=\"application\/ld+json\" class=\"yoast-schema-graph\">{\"@context\":\"https:\\\/\\\/schema.org\",\"@graph\":[{\"@type\":\"WebPage\",\"@id\":\"https:\\\/\\\/mwf-metaldetectors.com\\\/de\\\/product\\\/mf-1500-smart-fortschrittliches-multi-detektionssystem\\\/\",\"url\":\"https:\\\/\\\/mwf-metaldetectors.com\\\/de\\\/product\\\/mf-1500-smart-fortschrittliches-multi-detektionssystem\\\/\",\"name\":\"MF 1500 Smart: Fortschrittliches Multi-Detektionssystem\",\"isPartOf\":{\"@id\":\"https:\\\/\\\/mwf-metaldetectors.com\\\/de\\\/#website\"},\"primaryImageOfPage\":{\"@id\":\"https:\\\/\\\/mwf-metaldetectors.com\\\/de\\\/product\\\/mf-1500-smart-fortschrittliches-multi-detektionssystem\\\/#primaryimage\"},\"image\":{\"@id\":\"https:\\\/\\\/mwf-metaldetectors.com\\\/de\\\/product\\\/mf-1500-smart-fortschrittliches-multi-detektionssystem\\\/#primaryimage\"},\"thumbnailUrl\":\"https:\\\/\\\/mwf-metaldetectors.com\\\/wp-content\\\/uploads\\\/2021\\\/12\\\/main-image-4.jpg\",\"datePublished\":\"2025-07-31T14:26:54+00:00\",\"description\":\"Entdecken Sie un\u00fcbertroffene Pr\u00e4zision bei der Untertageexploration mit den vier fortschrittlichen Detektionssystemen des MF 1500 Smart. St\u00e4rken Sie Ihre Suche.\",\"breadcrumb\":{\"@id\":\"https:\\\/\\\/mwf-metaldetectors.com\\\/de\\\/product\\\/mf-1500-smart-fortschrittliches-multi-detektionssystem\\\/#breadcrumb\"},\"inLanguage\":\"de\",\"potentialAction\":[{\"@type\":\"ReadAction\",\"target\":[\"https:\\\/\\\/mwf-metaldetectors.com\\\/de\\\/product\\\/mf-1500-smart-fortschrittliches-multi-detektionssystem\\\/\"]}]},{\"@type\":\"ImageObject\",\"inLanguage\":\"de\",\"@id\":\"https:\\\/\\\/mwf-metaldetectors.com\\\/de\\\/product\\\/mf-1500-smart-fortschrittliches-multi-detektionssystem\\\/#primaryimage\",\"url\":\"https:\\\/\\\/mwf-metaldetectors.com\\\/wp-content\\\/uploads\\\/2021\\\/12\\\/main-image-4.jpg\",\"contentUrl\":\"https:\\\/\\\/mwf-metaldetectors.com\\\/wp-content\\\/uploads\\\/2021\\\/12\\\/main-image-4.jpg\",\"width\":1000,\"height\":993},{\"@type\":\"BreadcrumbList\",\"@id\":\"https:\\\/\\\/mwf-metaldetectors.com\\\/de\\\/product\\\/mf-1500-smart-fortschrittliches-multi-detektionssystem\\\/#breadcrumb\",\"itemListElement\":[{\"@type\":\"ListItem\",\"position\":1,\"name\":\"\u062c\u0645\u064a\u0639 \u0627\u0644\u0627\u062c\u0647\u0632\u0629 \u0648 \u0627\u0644\u0627\u0643\u0633\u0633\u0648\u0627\u0631\u0627\u062a\",\"item\":\"https:\\\/\\\/mwf-metaldetectors.com\\\/ar\\\/shop-2\\\/\"},{\"@type\":\"ListItem\",\"position\":2,\"name\":\"MF 1500 Smart: Fortschrittliches Multi-Detektionssystem\"}]},{\"@type\":\"WebSite\",\"@id\":\"https:\\\/\\\/mwf-metaldetectors.com\\\/de\\\/#website\",\"url\":\"https:\\\/\\\/mwf-metaldetectors.com\\\/de\\\/\",\"name\":\"MWF Detectors\",\"description\":\"MWF Group of Companies and Factories, specializing in the manufacture and trade of metal detectors.\",\"publisher\":{\"@id\":\"https:\\\/\\\/mwf-metaldetectors.com\\\/de\\\/#organization\"},\"alternateName\":\"MWF Metal And Gold And Water Detectors\",\"potentialAction\":[{\"@type\":\"SearchAction\",\"target\":{\"@type\":\"EntryPoint\",\"urlTemplate\":\"https:\\\/\\\/mwf-metaldetectors.com\\\/de\\\/?s={search_term_string}\"},\"query-input\":{\"@type\":\"PropertyValueSpecification\",\"valueRequired\":true,\"valueName\":\"search_term_string\"}}],\"inLanguage\":\"de\"},{\"@type\":\"Organization\",\"@id\":\"https:\\\/\\\/mwf-metaldetectors.com\\\/de\\\/#organization\",\"name\":\"MWF Detector\",\"alternateName\":\"MWF Group of Companies and Factories, specializing in the manufacture and trade of metal detectors.\",\"url\":\"https:\\\/\\\/mwf-metaldetectors.com\\\/de\\\/\",\"logo\":{\"@type\":\"ImageObject\",\"inLanguage\":\"de\",\"@id\":\"https:\\\/\\\/mwf-metaldetectors.com\\\/de\\\/#\\\/schema\\\/logo\\\/image\\\/\",\"url\":\"https:\\\/\\\/mwf-metaldetectors.com\\\/wp-content\\\/uploads\\\/2023\\\/06\\\/cropped-logodf1-copy.png\",\"contentUrl\":\"https:\\\/\\\/mwf-metaldetectors.com\\\/wp-content\\\/uploads\\\/2023\\\/06\\\/cropped-logodf1-copy.png\",\"width\":512,\"height\":512,\"caption\":\"MWF Detector\"},\"image\":{\"@id\":\"https:\\\/\\\/mwf-metaldetectors.com\\\/de\\\/#\\\/schema\\\/logo\\\/image\\\/\"},\"sameAs\":[\"https:\\\/\\\/www.facebook.com\\\/mwfdetector\\\/\",\"https:\\\/\\\/x.com\\\/mwfdetectors\",\"https:\\\/\\\/www.youtube.com\\\/user\\\/MWFDETECTORS\"]}]}<\/script>\n<!-- \/ Yoast SEO plugin. -->","yoast_head_json":{"title":"MF 1500 Smart: Fortschrittliches Multi-Detektionssystem","description":"Entdecken Sie un\u00fcbertroffene Pr\u00e4zision bei der Untertageexploration mit den vier fortschrittlichen Detektionssystemen des MF 1500 Smart. St\u00e4rken Sie Ihre Suche.","robots":{"index":"index","follow":"follow","max-snippet":"max-snippet:-1","max-image-preview":"max-image-preview:large","max-video-preview":"max-video-preview:-1"},"canonical":"https:\/\/mwf-metaldetectors.com\/de\/product\/mf-1500-smart-fortschrittliches-multi-detektionssystem\/","og_locale":"de_DE","og_type":"article","og_title":"MF 1500 Smart: Fortschrittliches Multi-Detektionssystem","og_description":"Entdecken Sie un\u00fcbertroffene Pr\u00e4zision bei der Untertageexploration mit den vier fortschrittlichen Detektionssystemen des MF 1500 Smart. St\u00e4rken Sie Ihre Suche.","og_url":"https:\/\/mwf-metaldetectors.com\/de\/product\/mf-1500-smart-fortschrittliches-multi-detektionssystem\/","og_site_name":"MWF Metal Detectors | Gold Detectors | Gems, Water, Treasures Locator","article_publisher":"https:\/\/www.facebook.com\/mwfdetector\/","og_image":[{"width":1000,"height":993,"url":"https:\/\/mwf-metaldetectors.com\/wp-content\/uploads\/2021\/12\/main-image-4.jpg","type":"image\/jpeg"}],"twitter_card":"summary_large_image","twitter_site":"@mwfdetectors","twitter_misc":{"Gesch\u00e4tzte Lesezeit":"4\u00a0Minuten"},"schema":{"@context":"https:\/\/schema.org","@graph":[{"@type":"WebPage","@id":"https:\/\/mwf-metaldetectors.com\/de\/product\/mf-1500-smart-fortschrittliches-multi-detektionssystem\/","url":"https:\/\/mwf-metaldetectors.com\/de\/product\/mf-1500-smart-fortschrittliches-multi-detektionssystem\/","name":"MF 1500 Smart: Fortschrittliches Multi-Detektionssystem","isPartOf":{"@id":"https:\/\/mwf-metaldetectors.com\/de\/#website"},"primaryImageOfPage":{"@id":"https:\/\/mwf-metaldetectors.com\/de\/product\/mf-1500-smart-fortschrittliches-multi-detektionssystem\/#primaryimage"},"image":{"@id":"https:\/\/mwf-metaldetectors.com\/de\/product\/mf-1500-smart-fortschrittliches-multi-detektionssystem\/#primaryimage"},"thumbnailUrl":"https:\/\/mwf-metaldetectors.com\/wp-content\/uploads\/2021\/12\/main-image-4.jpg","datePublished":"2025-07-31T14:26:54+00:00","description":"Entdecken Sie un\u00fcbertroffene Pr\u00e4zision bei der Untertageexploration mit den vier fortschrittlichen Detektionssystemen des MF 1500 Smart. St\u00e4rken Sie Ihre Suche.","breadcrumb":{"@id":"https:\/\/mwf-metaldetectors.com\/de\/product\/mf-1500-smart-fortschrittliches-multi-detektionssystem\/#breadcrumb"},"inLanguage":"de","potentialAction":[{"@type":"ReadAction","target":["https:\/\/mwf-metaldetectors.com\/de\/product\/mf-1500-smart-fortschrittliches-multi-detektionssystem\/"]}]},{"@type":"ImageObject","inLanguage":"de","@id":"https:\/\/mwf-metaldetectors.com\/de\/product\/mf-1500-smart-fortschrittliches-multi-detektionssystem\/#primaryimage","url":"https:\/\/mwf-metaldetectors.com\/wp-content\/uploads\/2021\/12\/main-image-4.jpg","contentUrl":"https:\/\/mwf-metaldetectors.com\/wp-content\/uploads\/2021\/12\/main-image-4.jpg","width":1000,"height":993},{"@type":"BreadcrumbList","@id":"https:\/\/mwf-metaldetectors.com\/de\/product\/mf-1500-smart-fortschrittliches-multi-detektionssystem\/#breadcrumb","itemListElement":[{"@type":"ListItem","position":1,"name":"\u062c\u0645\u064a\u0639 \u0627\u0644\u0627\u062c\u0647\u0632\u0629 \u0648 \u0627\u0644\u0627\u0643\u0633\u0633\u0648\u0627\u0631\u0627\u062a","item":"https:\/\/mwf-metaldetectors.com\/ar\/shop-2\/"},{"@type":"ListItem","position":2,"name":"MF 1500 Smart: Fortschrittliches Multi-Detektionssystem"}]},{"@type":"WebSite","@id":"https:\/\/mwf-metaldetectors.com\/de\/#website","url":"https:\/\/mwf-metaldetectors.com\/de\/","name":"MWF Detectors","description":"MWF Group of Companies and Factories, specializing in the manufacture and trade of metal detectors.","publisher":{"@id":"https:\/\/mwf-metaldetectors.com\/de\/#organization"},"alternateName":"MWF Metal And Gold And Water Detectors","potentialAction":[{"@type":"SearchAction","target":{"@type":"EntryPoint","urlTemplate":"https:\/\/mwf-metaldetectors.com\/de\/?s={search_term_string}"},"query-input":{"@type":"PropertyValueSpecification","valueRequired":true,"valueName":"search_term_string"}}],"inLanguage":"de"},{"@type":"Organization","@id":"https:\/\/mwf-metaldetectors.com\/de\/#organization","name":"MWF Detector","alternateName":"MWF Group of Companies and Factories, specializing in the manufacture and trade of metal detectors.","url":"https:\/\/mwf-metaldetectors.com\/de\/","logo":{"@type":"ImageObject","inLanguage":"de","@id":"https:\/\/mwf-metaldetectors.com\/de\/#\/schema\/logo\/image\/","url":"https:\/\/mwf-metaldetectors.com\/wp-content\/uploads\/2023\/06\/cropped-logodf1-copy.png","contentUrl":"https:\/\/mwf-metaldetectors.com\/wp-content\/uploads\/2023\/06\/cropped-logodf1-copy.png","width":512,"height":512,"caption":"MWF Detector"},"image":{"@id":"https:\/\/mwf-metaldetectors.com\/de\/#\/schema\/logo\/image\/"},"sameAs":["https:\/\/www.facebook.com\/mwfdetector\/","https:\/\/x.com\/mwfdetectors","https:\/\/www.youtube.com\/user\/MWFDETECTORS"]}]}},"_links":{"self":[{"href":"https:\/\/mwf-metaldetectors.com\/de\/wp-json\/wp\/v2\/product\/45594","targetHints":{"allow":["GET"]}}],"collection":[{"href":"https:\/\/mwf-metaldetectors.com\/de\/wp-json\/wp\/v2\/product"}],"about":[{"href":"https:\/\/mwf-metaldetectors.com\/de\/wp-json\/wp\/v2\/types\/product"}],"replies":[{"embeddable":true,"href":"https:\/\/mwf-metaldetectors.com\/de\/wp-json\/wp\/v2\/comments?post=45594"}],"wp:featuredmedia":[{"embeddable":true,"href":"https:\/\/mwf-metaldetectors.com\/de\/wp-json\/wp\/v2\/media\/45604"}],"wp:attachment":[{"href":"https:\/\/mwf-metaldetectors.com\/de\/wp-json\/wp\/v2\/media?parent=45594"}],"wp:term":[{"taxonomy":"product_brand","embeddable":true,"href":"https:\/\/mwf-metaldetectors.com\/de\/wp-json\/wp\/v2\/product_brand?post=45594"},{"taxonomy":"product_cat","embeddable":true,"href":"https:\/\/mwf-metaldetectors.com\/de\/wp-json\/wp\/v2\/product_cat?post=45594"},{"taxonomy":"product_tag","embeddable":true,"href":"https:\/\/mwf-metaldetectors.com\/de\/wp-json\/wp\/v2\/product_tag?post=45594"}],"curies":[{"name":"wp","href":"https:\/\/api.w.org\/{rel}","templated":true}]}}