{"id":45147,"date":"2025-05-22T15:25:07","date_gmt":"2025-05-22T15:25:07","guid":{"rendered":"https:\/\/mwf-metaldetectors.com\/product\/ionische-verifizierungseinheit\/"},"modified":"2025-05-22T15:25:07","modified_gmt":"2025-05-22T15:25:07","slug":"ionische-verifizierungseinheit","status":"publish","type":"product","link":"https:\/\/mwf-metaldetectors.com\/de\/product\/ionische-verifizierungseinheit\/","title":{"rendered":"Ionische Verifizierungseinheit"},"content":{"rendered":"","protected":false},"excerpt":{"rendered":"<p><strong>Ionische Verifizierungseinheit:<\/strong><\/p>\n<p>Ionendetektions- und Verifizierungseinheit, die zum Nachweis radioaktiver Ionenfelder f\u00fcr unterirdische Ziele arbeitet, arbeitet mit Ger\u00e4ten, die ein Ionendetektionssystem enthalten, sie werden drahtlos \u00fcber die Hauptsteuereinheit des Detektors abgestimmt, Sie m\u00fcssen das Ger\u00e4t ausw\u00e4hlen, das Sie haben, um die geeignete Einheit f\u00fcr Ihr Ger\u00e4t zu erhalten.<\/p>\n<p>Das Ger\u00e4t wird mit Ionensensor verkauft<\/p>\n","protected":false},"featured_media":45149,"comment_status":"closed","ping_status":"closed","template":"","meta":{"_acf_changed":false,"rs_blank_template":"","rs_page_bg_color":"","slide_template_v7":"","_joinchat":[]},"product_brand":[],"product_cat":[652,573],"product_tag":[],"class_list":{"0":"post-45147","1":"product","2":"type-product","3":"status-publish","4":"has-post-thumbnail","6":"product_cat-anhang","7":"product_cat-zubehor","8":"product_shipping_class-zubehor-versand","10":"first","11":"instock","12":"shipping-taxable","13":"purchasable","14":"product-type-variable"},"acf":[],"_links":{"self":[{"href":"https:\/\/mwf-metaldetectors.com\/de\/wp-json\/wp\/v2\/product\/45147","targetHints":{"allow":["GET"]}}],"collection":[{"href":"https:\/\/mwf-metaldetectors.com\/de\/wp-json\/wp\/v2\/product"}],"about":[{"href":"https:\/\/mwf-metaldetectors.com\/de\/wp-json\/wp\/v2\/types\/product"}],"replies":[{"embeddable":true,"href":"https:\/\/mwf-metaldetectors.com\/de\/wp-json\/wp\/v2\/comments?post=45147"}],"wp:featuredmedia":[{"embeddable":true,"href":"https:\/\/mwf-metaldetectors.com\/de\/wp-json\/wp\/v2\/media\/45149"}],"wp:attachment":[{"href":"https:\/\/mwf-metaldetectors.com\/de\/wp-json\/wp\/v2\/media?parent=45147"}],"wp:term":[{"taxonomy":"product_brand","embeddable":true,"href":"https:\/\/mwf-metaldetectors.com\/de\/wp-json\/wp\/v2\/product_brand?post=45147"},{"taxonomy":"product_cat","embeddable":true,"href":"https:\/\/mwf-metaldetectors.com\/de\/wp-json\/wp\/v2\/product_cat?post=45147"},{"taxonomy":"product_tag","embeddable":true,"href":"https:\/\/mwf-metaldetectors.com\/de\/wp-json\/wp\/v2\/product_tag?post=45147"}],"curies":[{"name":"wp","href":"https:\/\/api.w.org\/{rel}","templated":true}]}}