{"id":45146,"date":"2025-05-22T15:25:06","date_gmt":"2025-05-22T15:25:06","guid":{"rendered":"https:\/\/mwf-metaldetectors.com\/product\/antennen-zur-signalverstaerkung\/"},"modified":"2025-05-22T15:25:06","modified_gmt":"2025-05-22T15:25:06","slug":"antennen-zur-signalverstaerkung","status":"publish","type":"product","link":"https:\/\/mwf-metaldetectors.com\/de\/product\/antennen-zur-signalverstaerkung\/","title":{"rendered":"Antennen zur Signalverst\u00e4rkung"},"content":{"rendered":"","protected":false},"excerpt":{"rendered":"<p><strong><u>Antennen zur Signalverst\u00e4rkung:<\/u><\/strong><\/p>\n<p>Signalunterst\u00fctzungsantennen X2<\/p>\n<p>Signalverst\u00e4rkungsantennen sind mit einigen unserer Long Range Devices im Lieferumfang enthalten.<\/p>\n<p>Wenn Sie es kaufen m\u00f6chten, m\u00fcssen Sie daher die Modelle des Ger\u00e4ts angeben, das Sie besitzen.<\/p>\n","protected":false},"featured_media":45151,"comment_status":"closed","ping_status":"closed","template":"","meta":{"_acf_changed":false,"rs_blank_template":"","rs_page_bg_color":"","slide_template_v7":"","_joinchat":[]},"product_brand":[],"product_cat":[656,573],"product_tag":[],"class_list":{"0":"post-45146","1":"product","2":"type-product","3":"status-publish","4":"has-post-thumbnail","6":"product_cat-antennen","7":"product_cat-zubehor","8":"product_shipping_class-zubehor-versand","10":"first","11":"instock","12":"shipping-taxable","13":"purchasable","14":"product-type-variable"},"acf":[],"_links":{"self":[{"href":"https:\/\/mwf-metaldetectors.com\/de\/wp-json\/wp\/v2\/product\/45146","targetHints":{"allow":["GET"]}}],"collection":[{"href":"https:\/\/mwf-metaldetectors.com\/de\/wp-json\/wp\/v2\/product"}],"about":[{"href":"https:\/\/mwf-metaldetectors.com\/de\/wp-json\/wp\/v2\/types\/product"}],"replies":[{"embeddable":true,"href":"https:\/\/mwf-metaldetectors.com\/de\/wp-json\/wp\/v2\/comments?post=45146"}],"wp:featuredmedia":[{"embeddable":true,"href":"https:\/\/mwf-metaldetectors.com\/de\/wp-json\/wp\/v2\/media\/45151"}],"wp:attachment":[{"href":"https:\/\/mwf-metaldetectors.com\/de\/wp-json\/wp\/v2\/media?parent=45146"}],"wp:term":[{"taxonomy":"product_brand","embeddable":true,"href":"https:\/\/mwf-metaldetectors.com\/de\/wp-json\/wp\/v2\/product_brand?post=45146"},{"taxonomy":"product_cat","embeddable":true,"href":"https:\/\/mwf-metaldetectors.com\/de\/wp-json\/wp\/v2\/product_cat?post=45146"},{"taxonomy":"product_tag","embeddable":true,"href":"https:\/\/mwf-metaldetectors.com\/de\/wp-json\/wp\/v2\/product_tag?post=45146"}],"curies":[{"name":"wp","href":"https:\/\/api.w.org\/{rel}","templated":true}]}}